{"id":365818,"date":"2025-06-15T16:20:17","date_gmt":"2025-06-15T14:20:17","guid":{"rendered":"https:\/\/ab-marineservice.com\/product\/coolant-non-toxic-45-burst\/"},"modified":"2025-11-20T18:06:54","modified_gmt":"2025-11-20T17:06:54","slug":"coolant-non-toxic-45-burst-2","status":"publish","type":"product","link":"https:\/\/ab-marineservice.com\/de\/produkt\/coolant-non-toxic-45-burst-2\/","title":{"rendered":"Coolant Non-Toxic -45 Burst \u2013 208 Liter"},"content":{"rendered":"<p>Coolant Non-Toxic -45 Burst \u2013 Gebrauchsanweisung:<\/p>\n<ul>\n<li>Alle Warm-, Kaltwasser- und Abflussh\u00e4hne \u00f6ffnen.<\/li>\n<li>Trinkwassersystem vollst\u00e4ndig ablaufen lassen (mit Druckluft entleeren, falls n\u00f6tig).<\/li>\n<li>Boiler komplett entleeren.<\/li>\n<li>Boilereinlass und -auslass miteinander verbinden.<\/li>\n<li>Coolant Non-Toxic -45 Burst dem System unverd\u00fcnnt zugeben.<\/li>\n<li>Wasserpumpe einschalten und System mit Druck beaufschlagen.<\/li>\n<li>Wasserh\u00e4hne nacheinander einzeln \u00f6ffnen, bis K\u00fchlmittel austritt, und dann schlie\u00dfen.<\/li>\n<li>Toilette und Sp\u00fclwasserkasten komplett entleeren und dann mit K\u00fchlmittel f\u00fcllen.<\/li>\n<li>Pumpenhebel mehrmals bet\u00e4tigen, bis K\u00fchlmittel sichtbar wird.<\/li>\n<\/ul>\n<p>Bitte beachten! Bei Inbetriebnahme des Trinkwassersystems das System mindestens eine halbe Stunde durchsp\u00fclen, bis keine farbige Fl\u00fcssigkeit mehr im System verbleibt.<\/p>\n","protected":false},"excerpt":{"rendered":"<p>Coolant Non-Toxic -45 Burst ist ein gebrauchsfertiges Spezialk\u00fchlmittel, das Monopropylenglykol enth\u00e4lt. Dieses ungiftige Produkt kann problemlos als Frostschutzmittel in stillgelegte Trinkwasser- und Heizungssysteme von z. B. Freizeitbooten oder Ferienwohnungen eingef\u00fcllt werden, um sie winterfest zu machen. Es kann auch als umweltfreundliches Frostschutzmittel f\u00fcr Wasserk\u00fchlungen von Bootsmotoren eingesetzt werden. Sch\u00fctzt vor Bersten bis -45 \u00b0C.<\/p>\n","protected":false},"featured_media":363474,"comment_status":"open","ping_status":"open","template":"","meta":[],"location":[4275,4276],"product_brand":[25894],"product_cat":[2187,9884],"product_tag":[],"class_list":{"0":"post-365818","1":"product","2":"type-product","3":"status-publish","4":"has-post-thumbnail","6":"location-aes-emmeloord","7":"location-aes-lemmer","8":"product_brand-kroon-oil","9":"product_cat-schmiermittel","10":"product_cat-kroon-oil","11":"product_shipping_class-paket-0-10-kg","13":"first","14":"onbackorder","15":"sale","16":"taxable","17":"shipping-taxable","18":"purchasable","19":"product-type-simple"},"group_of_quantity":0,"min_quantity":0,"max_quantity":"","exclude_order_quantity_value_rules":"no","exclude_category_quantity_rules":"no","combine_variations":"no","locations":[{"id":4275,"name":"AES Emmeloord","slug":"aes-emmeloord","quantity":""},{"id":4276,"name":"AES Lemmer","slug":"aes-lemmer","quantity":""}],"_links":{"self":[{"href":"https:\/\/ab-marineservice.com\/de\/wp-json\/wp\/v2\/product\/365818","targetHints":{"allow":["GET"]}}],"collection":[{"href":"https:\/\/ab-marineservice.com\/de\/wp-json\/wp\/v2\/product"}],"about":[{"href":"https:\/\/ab-marineservice.com\/de\/wp-json\/wp\/v2\/types\/product"}],"replies":[{"embeddable":true,"href":"https:\/\/ab-marineservice.com\/de\/wp-json\/wp\/v2\/comments?post=365818"}],"wp:featuredmedia":[{"embeddable":true,"href":"https:\/\/ab-marineservice.com\/de\/wp-json\/wp\/v2\/media\/363474"}],"wp:attachment":[{"href":"https:\/\/ab-marineservice.com\/de\/wp-json\/wp\/v2\/media?parent=365818"}],"wp:term":[{"taxonomy":"location","embeddable":true,"href":"https:\/\/ab-marineservice.com\/de\/wp-json\/wp\/v2\/location?post=365818"},{"taxonomy":"product_brand","embeddable":true,"href":"https:\/\/ab-marineservice.com\/de\/wp-json\/wp\/v2\/product_brand?post=365818"},{"taxonomy":"product_cat","embeddable":true,"href":"https:\/\/ab-marineservice.com\/de\/wp-json\/wp\/v2\/product_cat?post=365818"},{"taxonomy":"product_tag","embeddable":true,"href":"https:\/\/ab-marineservice.com\/de\/wp-json\/wp\/v2\/product_tag?post=365818"}],"curies":[{"name":"wp","href":"https:\/\/api.w.org\/{rel}","templated":true}]}}