{"id":365825,"date":"2025-06-15T16:20:17","date_gmt":"2025-06-15T14:20:17","guid":{"rendered":"https:\/\/ab-marineservice.com\/product\/torsynth-vag-5w-30\/"},"modified":"2025-11-20T18:07:11","modified_gmt":"2025-11-20T17:07:11","slug":"torsynth-vag-5w-30-5","status":"publish","type":"product","link":"https:\/\/ab-marineservice.com\/de\/produkt\/torsynth-vag-5w-30-5\/","title":{"rendered":"Torsynth VAG 5W-30 \u2013 20 Liter"},"content":{"rendered":"<p>Torsynth VAG 5W-30 ist ein synthetisches Mid-SAPS Langzeit-Motor\u00f6l, das spezifisch f\u00fcr VAG-Fahrzeuge entwickelt wurde. Die Performanz dieses Produkts erf\u00fcllt s\u00e4mtliche Herstellervorgaben. Da die notwendigen Feldversuche f\u00fcr Torsynth VAG 5W-30 noch nicht durchgef\u00fchrt wurden, k\u00f6nnen wir gegenw\u00e4rtig nur angeben, dass das Produkt den spezifischen Leistungsvorgaben der Hersteller voll entspricht.<\/p>\n<h4>Produktdaten<\/h4>\n<ul>\n<li>Suitable for use:<\/li>\n<li>ACEA C3<\/li>\n<li>API SN<\/li>\n<li>BMW Longlife-04<\/li>\n<li>MB 229.31\/229.51\/229.52<\/li>\n<li>VW 504.00\/507.00<\/li>\n<\/ul>\n<h4>Typische Standardanalysen<\/h4>\n<table class=\"table analyse-table\">\n<tr>\n<td>Dichte bei 15 \u00b0C<\/td>\n<td>\n<b>0,856<\/b>  kg\/l<\/td>\n<\/tr>\n<tr>\n<td>Viskosit\u00e4t -30 \u00b0C<\/td>\n<td>\n<b>5650<\/b>  mPa.s<\/td>\n<\/tr>\n<tr>\n<td>Viskosit\u00e4t 40 \u00b0C<\/td>\n<td>\n<b>71,60<\/b>  mm\u00b2\/s<\/td>\n<\/tr>\n<tr>\n<td>Viskosit\u00e4t 100 \u00b0C<\/td>\n<td>\n<b>12,20<\/b>  mm\u00b2\/s<\/td>\n<\/tr>\n<tr>\n<td>Viskosit\u00e4tsindex<\/td>\n<td>\n<b>168<\/b> <\/td>\n<\/tr>\n<tr>\n<td>Flammpunkt COC<\/td>\n<td>\n<b>234<\/b>  \u00b0C<\/td>\n<\/tr>\n<tr>\n<td>Flie\u00dfpunkt<\/td>\n<td>\n<b>-39<\/b>  \u00b0C<\/td>\n<\/tr>\n<tr>\n<td>Basenzahl<\/td>\n<td>\n<b>8,3<\/b>  mgKOH\/g<\/td>\n<\/tr>\n<tr>\n<td>Sulfataschegehalt<\/td>\n<td>\n<b>0,74<\/b>  %<\/td>\n<\/tr>\n<tr>\n<td>Molybd\u00e4n<\/td>\n<td>\n<b>70<\/b>  mg\/kg<\/td>\n<\/tr>\n<tr>\n<td>Silizium<\/td>\n<td>\n<b>3<\/b>  mg\/kg<\/td>\n<\/tr>\n<\/table>\n","protected":false},"excerpt":{"rendered":"<p>Torsynth VAG 5W-30 ist ein kraftstoffsparendes Mid-SAPS Motor\u00f6l f\u00fcr Benzin-, Autogas- und Dieselmotoren von VW, die nicht mehr durch die Herstellergarantie gedeckt sind. Dieses Produkt erlaubt verl\u00e4ngerte \u00d6lwechselintervalle. Aufgrund des niedrigen SAPS-Gehalts geeignet f\u00fcr Fahrzeuge mit Partikelfilter und\/oder Dreiwege-Katalysator der neuesten Generation. Durch seine spezielle Formulierung ist das Produkt ideal f\u00fcr VW-Modelle, die ein Motor\u00f6l der VW-Norm 504.00\/507.00 erfordern.<\/p>\n","protected":false},"featured_media":363496,"comment_status":"open","ping_status":"open","template":"","meta":[],"location":[4275,4276],"product_brand":[25894],"product_cat":[2187,9884],"product_tag":[],"class_list":{"0":"post-365825","1":"product","2":"type-product","3":"status-publish","4":"has-post-thumbnail","6":"location-aes-emmeloord","7":"location-aes-lemmer","8":"product_brand-kroon-oil","9":"product_cat-schmiermittel","10":"product_cat-kroon-oil","11":"product_shipping_class-paket-0-10-kg","13":"first","14":"onbackorder","15":"sale","16":"taxable","17":"shipping-taxable","18":"purchasable","19":"product-type-simple"},"group_of_quantity":0,"min_quantity":0,"max_quantity":"","exclude_order_quantity_value_rules":"no","exclude_category_quantity_rules":"no","combine_variations":"no","locations":[{"id":4275,"name":"AES Emmeloord","slug":"aes-emmeloord","quantity":""},{"id":4276,"name":"AES Lemmer","slug":"aes-lemmer","quantity":""}],"_links":{"self":[{"href":"https:\/\/ab-marineservice.com\/de\/wp-json\/wp\/v2\/product\/365825","targetHints":{"allow":["GET"]}}],"collection":[{"href":"https:\/\/ab-marineservice.com\/de\/wp-json\/wp\/v2\/product"}],"about":[{"href":"https:\/\/ab-marineservice.com\/de\/wp-json\/wp\/v2\/types\/product"}],"replies":[{"embeddable":true,"href":"https:\/\/ab-marineservice.com\/de\/wp-json\/wp\/v2\/comments?post=365825"}],"wp:featuredmedia":[{"embeddable":true,"href":"https:\/\/ab-marineservice.com\/de\/wp-json\/wp\/v2\/media\/363496"}],"wp:attachment":[{"href":"https:\/\/ab-marineservice.com\/de\/wp-json\/wp\/v2\/media?parent=365825"}],"wp:term":[{"taxonomy":"location","embeddable":true,"href":"https:\/\/ab-marineservice.com\/de\/wp-json\/wp\/v2\/location?post=365825"},{"taxonomy":"product_brand","embeddable":true,"href":"https:\/\/ab-marineservice.com\/de\/wp-json\/wp\/v2\/product_brand?post=365825"},{"taxonomy":"product_cat","embeddable":true,"href":"https:\/\/ab-marineservice.com\/de\/wp-json\/wp\/v2\/product_cat?post=365825"},{"taxonomy":"product_tag","embeddable":true,"href":"https:\/\/ab-marineservice.com\/de\/wp-json\/wp\/v2\/product_tag?post=365825"}],"curies":[{"name":"wp","href":"https:\/\/api.w.org\/{rel}","templated":true}]}}