{"id":365827,"date":"2025-06-15T16:21:10","date_gmt":"2025-06-15T14:21:10","guid":{"rendered":"https:\/\/ab-marineservice.com\/product\/agrifluid-synth-xhp-ultra\/"},"modified":"2025-11-20T18:06:45","modified_gmt":"2025-11-20T17:06:45","slug":"agrifluid-synth-xhp-ultra-2","status":"publish","type":"product","link":"https:\/\/ab-marineservice.com\/de\/produkt\/agrifluid-synth-xhp-ultra-2\/","title":{"rendered":"Agrifluid Synth XHP Ultra \u2013 20 Liter"},"content":{"rendered":"<p>Agrifluid Synth XHP Ultra ist ein \u00fcberlegenes Hydraulikgetriebe\u00f6l h\u00f6chster Qualit\u00e4t. Diese Kombination aus synthetischen Grund\u00f6len und modernen OSP-Additiven bietet im Vergleich zu Standardtraktor\u00f6len (UTTO) auf Mineral\u00f6lbasis folgende Vorteile:<\/p>\n<ul>\n<li>Verbessert Schutz vor Wellenverschlei\u00df f\u00fcr verschiedenste Getriebetypen und Hydrauliksysteme<\/li>\n<li>\u00dcberlegene Reibeigenschaften: kraftstoffsparend, garantiert ger\u00e4uscharmer Betrieb und vollkommen rissfreie Funktion von Nasslamellenbremsen<\/li>\n<li>Sehr hohe Hitzebest\u00e4ndigkeit<\/li>\n<li>Au\u00dfergew\u00f6hnliche Scherstabilit\u00e4t<\/li>\n<li>Niedriger Flie\u00dfpunkt und hoher Viskosit\u00e4tsindex: optimale und st\u00f6rungsfreie Funktion aller Systeme unter allen Witterungsbedingungen<\/li>\n<li>Akkurate, weiche Gangwechsel<\/li>\n<\/ul>\n<h4>Produktdaten<\/h4>\n<ul>\n<li>API GL-4<\/li>\n<li>Allison C4<\/li>\n<li>Case MS1207 \/ MS1209<\/li>\n<li>Cat TO-2<\/li>\n<li>John Deere J20C\/D<\/li>\n<li>Massey Ferguson M1141 \/ M1143 \/ M1145<\/li>\n<li>Volvo WB 102 (97304)<\/li>\n<li>ZF TE-ML 03E<\/li>\n<\/ul>\n<h4>Typische Standardanalysen<\/h4>\n<table class=\"table analyse-table\">\n<tr>\n<td>Dichte bei 15 \u00b0C<\/td>\n<td>\n<b>0,855<\/b>  kg\/l<\/td>\n<\/tr>\n<tr>\n<td>Viskosit\u00e4t 40 \u00b0C<\/td>\n<td>\n<b>37,20<\/b>  mm\u00b2\/s<\/td>\n<\/tr>\n<tr>\n<td>Viskosit\u00e4t 100 \u00b0C<\/td>\n<td>\n<b>7,48<\/b>  mm\u00b2\/s<\/td>\n<\/tr>\n<tr>\n<td>Viskosit\u00e4tsindex<\/td>\n<td>\n<b>173<\/b> <\/td>\n<\/tr>\n<tr>\n<td>Flammpunkt COC<\/td>\n<td>\n<b>232<\/b>  \u00b0C<\/td>\n<\/tr>\n<tr>\n<td>Flie\u00dfpunkt<\/td>\n<td>\n<b>-42<\/b>  \u00b0C<\/td>\n<\/tr>\n<tr>\n<td>Basenzahl<\/td>\n<td>\n<b>7,5<\/b>  mgKOH\/g<\/td>\n<\/tr>\n<\/table>\n","protected":false},"excerpt":{"rendered":"<p>Agrifluid Synth XHP Ultra mit modernsten OSP-Additiven wurde speziell f\u00fcr die Schwerlast-Hydrauliksysteme und Getriebe von Land- und Tiefbaumaschinen formuliert. Bei der Entwicklung wurde speziell auf optimale Reibungssteuerung fokussiert, um einen st\u00f6rungsfreien und leisen Betrieb von Nasslamellenbremsen einerseits und Kraftstoffeinsparung andererseits zu realisieren. Voll kompatibel mit modernen Reibmaterialien, erf\u00fcllt die Vorgaben der Volvo-Norm WB 102.<\/p>\n","protected":false},"featured_media":363504,"comment_status":"open","ping_status":"open","template":"","meta":[],"location":[4275,4276],"product_brand":[25894],"product_cat":[2187,9884],"product_tag":[],"class_list":{"0":"post-365827","1":"product","2":"type-product","3":"status-publish","4":"has-post-thumbnail","6":"location-aes-emmeloord","7":"location-aes-lemmer","8":"product_brand-kroon-oil","9":"product_cat-schmiermittel","10":"product_cat-kroon-oil","11":"product_shipping_class-paket-0-10-kg","13":"first","14":"onbackorder","15":"sale","16":"taxable","17":"shipping-taxable","18":"purchasable","19":"product-type-simple"},"group_of_quantity":0,"min_quantity":0,"max_quantity":"","exclude_order_quantity_value_rules":"no","exclude_category_quantity_rules":"no","combine_variations":"no","locations":[{"id":4275,"name":"AES Emmeloord","slug":"aes-emmeloord","quantity":""},{"id":4276,"name":"AES Lemmer","slug":"aes-lemmer","quantity":""}],"_links":{"self":[{"href":"https:\/\/ab-marineservice.com\/de\/wp-json\/wp\/v2\/product\/365827","targetHints":{"allow":["GET"]}}],"collection":[{"href":"https:\/\/ab-marineservice.com\/de\/wp-json\/wp\/v2\/product"}],"about":[{"href":"https:\/\/ab-marineservice.com\/de\/wp-json\/wp\/v2\/types\/product"}],"replies":[{"embeddable":true,"href":"https:\/\/ab-marineservice.com\/de\/wp-json\/wp\/v2\/comments?post=365827"}],"wp:featuredmedia":[{"embeddable":true,"href":"https:\/\/ab-marineservice.com\/de\/wp-json\/wp\/v2\/media\/363504"}],"wp:attachment":[{"href":"https:\/\/ab-marineservice.com\/de\/wp-json\/wp\/v2\/media?parent=365827"}],"wp:term":[{"taxonomy":"location","embeddable":true,"href":"https:\/\/ab-marineservice.com\/de\/wp-json\/wp\/v2\/location?post=365827"},{"taxonomy":"product_brand","embeddable":true,"href":"https:\/\/ab-marineservice.com\/de\/wp-json\/wp\/v2\/product_brand?post=365827"},{"taxonomy":"product_cat","embeddable":true,"href":"https:\/\/ab-marineservice.com\/de\/wp-json\/wp\/v2\/product_cat?post=365827"},{"taxonomy":"product_tag","embeddable":true,"href":"https:\/\/ab-marineservice.com\/de\/wp-json\/wp\/v2\/product_tag?post=365827"}],"curies":[{"name":"wp","href":"https:\/\/api.w.org\/{rel}","templated":true}]}}