{"id":365828,"date":"2025-06-15T16:21:10","date_gmt":"2025-06-15T14:21:10","guid":{"rendered":"https:\/\/ab-marineservice.com\/product\/helar-fe-ll-04-0w-20\/"},"modified":"2025-11-20T18:06:48","modified_gmt":"2025-11-20T17:06:48","slug":"helar-fe-ll-04-0w-20-2","status":"publish","type":"product","link":"https:\/\/ab-marineservice.com\/de\/produkt\/helar-fe-ll-04-0w-20-2\/","title":{"rendered":"Helar FE LL-04 0W-20 \u2013 20 Liter"},"content":{"rendered":"<p>Helar FE LL-04 0W-20 ist ein modernes synthetisches und kraftstoffsparendes Motor\u00f6l mit der neuesten Mid-SAPS-Technologie f\u00fcr Fahrzeuge mit Partikelfilter und\/oder Katalysator. Diese Formulierung aus ausgew\u00e4hlten, synthetischen Grund\u00f6len und wegweisenden Additiven bietet folgende Eigenschaften:<\/p>\n<ul>\n<li>Kraftstoffeinsparung<\/li>\n<li>Weniger Verbrennungsr\u00fcckst\u00e4nde aufgrund des reduzierten Schwefelaschegehalts (Low-SAPS)<\/li>\n<li>Verl\u00e4ngerte Lebensdauer von Partikelfiltern und Katalysatoren<\/li>\n<li>Problemlose Kaltstarts<\/li>\n<li>Zuverl\u00e4ssiger Schmierfilm auch bei hohen Betriebstemperaturen<\/li>\n<li>Verl\u00e4ngerte \u00d6lwechselintervalle<\/li>\n<li>Hervorragende Dispersions- und Detergenswirkung<\/li>\n<li>Sehr wirkungsvoller Schutz vor Verschlei\u00df, Korrosion und Schaumbildung<\/li>\n<\/ul>\n<h4>Produktdaten<\/h4>\n<ul>\n<li>ACEA C5<\/li>\n<li>Approved under VW 508.00\/509.00<\/li>\n<li>Ford WSS-M2C956-A1<\/li>\n<li>Porsche C20<\/li>\n<\/ul>\n<h4>Typische Standardanalysen<\/h4>\n<table class=\"table analyse-table\">\n<tr>\n<td>Dichte bei 15 \u00b0C<\/td>\n<td>\n<b>0,847<\/b>  kg\/l<\/td>\n<\/tr>\n<tr>\n<td>Viskosit\u00e4t -35 \u00b0C<\/td>\n<td>\n<b>5450<\/b>  mPa.s<\/td>\n<\/tr>\n<tr>\n<td>Viskosit\u00e4t 40 \u00b0C<\/td>\n<td>\n<b>44,80<\/b>  mm\u00b2\/s<\/td>\n<\/tr>\n<tr>\n<td>Viskosit\u00e4t 100 \u00b0C<\/td>\n<td>\n<b>8,53<\/b>  mm\u00b2\/s<\/td>\n<\/tr>\n<tr>\n<td>Viskosit\u00e4tsindex<\/td>\n<td>\n<b>171<\/b> <\/td>\n<\/tr>\n<tr>\n<td>Flammpunkt COC<\/td>\n<td>\n<b>226<\/b>  \u00b0C<\/td>\n<\/tr>\n<tr>\n<td>Flie\u00dfpunkt<\/td>\n<td>\n<b>-51<\/b>  \u00b0C<\/td>\n<\/tr>\n<tr>\n<td>Basenzahl<\/td>\n<td>\n<b>8,7<\/b>  mgKOH\/g<\/td>\n<\/tr>\n<tr>\n<td>Sulfataschegehalt<\/td>\n<td>\n<b>0,80<\/b>  %<\/td>\n<\/tr>\n<tr>\n<td>Noack<\/td>\n<td>\n<b>10,7<\/b>  %<\/td>\n<\/tr>\n<tr>\n<td>Molybd\u00e4n<\/td>\n<td>\n<b>150<\/b>  mg\/kg<\/td>\n<\/tr>\n<\/table>\n","protected":false},"excerpt":{"rendered":"<p>Helar FE LL-04  0W-20 wurde eigens f\u00fcr die neueste Generation von VW-Motoren entwickelt, die ein SAE 0W-20 Motoren\u00f6l erfordern, das der VW-Norm 508 00\/509 00 entspricht. Die ultra-niedrige Viskosit\u00e4t erm\u00f6glicht deutliche Kraftstoffeinsparungen, w\u00e4hrend der Motor gleichzeitig maximal gesch\u00fctzt ist.<\/p>\n<p>Helar FE LL-04 ist nicht r\u00fcckw\u00e4rts kompatibel. Nicht f\u00fcr VW-Motoren verwenden, f\u00fcr die \u00e4ltere VW-Normen wie VW 504 00\/507 00, VW 503 00\/506 00\/506 01 und VW 502 00\/505 00\/505 01 vorgeschrieben sind.<\/p>\n","protected":false},"featured_media":363508,"comment_status":"open","ping_status":"open","template":"","meta":[],"location":[4275,4276],"product_brand":[25894],"product_cat":[2187,9884],"product_tag":[],"class_list":{"0":"post-365828","1":"product","2":"type-product","3":"status-publish","4":"has-post-thumbnail","6":"location-aes-emmeloord","7":"location-aes-lemmer","8":"product_brand-kroon-oil","9":"product_cat-schmiermittel","10":"product_cat-kroon-oil","11":"product_shipping_class-paket-0-10-kg","13":"first","14":"onbackorder","15":"sale","16":"taxable","17":"shipping-taxable","18":"purchasable","19":"product-type-simple"},"group_of_quantity":0,"min_quantity":0,"max_quantity":"","exclude_order_quantity_value_rules":"no","exclude_category_quantity_rules":"no","combine_variations":"no","locations":[{"id":4275,"name":"AES Emmeloord","slug":"aes-emmeloord","quantity":""},{"id":4276,"name":"AES Lemmer","slug":"aes-lemmer","quantity":""}],"_links":{"self":[{"href":"https:\/\/ab-marineservice.com\/de\/wp-json\/wp\/v2\/product\/365828","targetHints":{"allow":["GET"]}}],"collection":[{"href":"https:\/\/ab-marineservice.com\/de\/wp-json\/wp\/v2\/product"}],"about":[{"href":"https:\/\/ab-marineservice.com\/de\/wp-json\/wp\/v2\/types\/product"}],"replies":[{"embeddable":true,"href":"https:\/\/ab-marineservice.com\/de\/wp-json\/wp\/v2\/comments?post=365828"}],"wp:featuredmedia":[{"embeddable":true,"href":"https:\/\/ab-marineservice.com\/de\/wp-json\/wp\/v2\/media\/363508"}],"wp:attachment":[{"href":"https:\/\/ab-marineservice.com\/de\/wp-json\/wp\/v2\/media?parent=365828"}],"wp:term":[{"taxonomy":"location","embeddable":true,"href":"https:\/\/ab-marineservice.com\/de\/wp-json\/wp\/v2\/location?post=365828"},{"taxonomy":"product_brand","embeddable":true,"href":"https:\/\/ab-marineservice.com\/de\/wp-json\/wp\/v2\/product_brand?post=365828"},{"taxonomy":"product_cat","embeddable":true,"href":"https:\/\/ab-marineservice.com\/de\/wp-json\/wp\/v2\/product_cat?post=365828"},{"taxonomy":"product_tag","embeddable":true,"href":"https:\/\/ab-marineservice.com\/de\/wp-json\/wp\/v2\/product_tag?post=365828"}],"curies":[{"name":"wp","href":"https:\/\/api.w.org\/{rel}","templated":true}]}}