{"id":365838,"date":"2025-06-15T16:22:02","date_gmt":"2025-06-15T14:22:02","guid":{"rendered":"https:\/\/ab-marineservice.com\/product\/multifleet-gas-engine-la-40\/"},"modified":"2025-11-20T18:05:59","modified_gmt":"2025-11-20T17:05:59","slug":"multifleet-gas-engine-la-40-2","status":"publish","type":"product","link":"https:\/\/ab-marineservice.com\/de\/produkt\/multifleet-gas-engine-la-40-2\/","title":{"rendered":"Multifleet Gas Engine LA 40 \u2013 20 Liter"},"content":{"rendered":"<p>Multifleet Gas Engine LA 40 ist ein Gasmotor\u00f6l. Es eignet sich zur Schmierung von 4-Takt-Gasmotoren, die auf Gase mit niedrigem Schwefelgehalt ausgelegt sind. Dank ausgesuchter Premium-Grund\u00f6le und Spezialadditive bietet das Produkt folgende Eigenschaften:<\/p>\n<ul>\n<li>Weniger Ablagerungen in Verbrennungsr\u00e4umen und an Ventilen<\/li>\n<li>Bessere Ger\u00e4uschreduzierung<\/li>\n<li>Hohe Oxidationsfestigkeit<\/li>\n<li>Wirkungsvolle S\u00e4ureneutralisierung<\/li>\n<li>\u00dcberlegene Reinigungswirkung<\/li>\n<li>Wirkungsvoller Verschlei\u00dfschutz<\/li>\n<li>Hervorragende Filtrierbarkeit<\/li>\n<\/ul>\n<h4>Typische Standardanalysen<\/h4>\n<table class=\"table analyse-table\">\n<tr>\n<td>Dichte bei 15 \u00b0C<\/td>\n<td>\n<b>0,894<\/b>  kg\/l<\/td>\n<\/tr>\n<tr>\n<td>Viskosit\u00e4t 40 \u00b0C<\/td>\n<td>\n<b>143,00<\/b>  mm\u00b2\/s<\/td>\n<\/tr>\n<tr>\n<td>Viskosit\u00e4t 100 \u00b0C<\/td>\n<td>\n<b>14,70<\/b>  mm\u00b2\/s<\/td>\n<\/tr>\n<tr>\n<td>Viskosit\u00e4tsindex<\/td>\n<td>\n<b>102<\/b> <\/td>\n<\/tr>\n<tr>\n<td>Flammpunkt COC<\/td>\n<td>\n<b>254<\/b>  \u00b0C<\/td>\n<\/tr>\n<tr>\n<td>Flie\u00dfpunkt<\/td>\n<td>\n<b>-21<\/b>  \u00b0C<\/td>\n<\/tr>\n<tr>\n<td>Basenzahl<\/td>\n<td>\n<b>5,1<\/b>  mgKOH\/g<\/td>\n<\/tr>\n<tr>\n<td>S\u00e4urenzahl<\/td>\n<td>\n<b>1,84<\/b>  mgKOH\/g<\/td>\n<\/tr>\n<tr>\n<td>Sulfataschegehalt<\/td>\n<td>\n<b>0,45<\/b>  %<\/td>\n<\/tr>\n<\/table>\n","protected":false},"excerpt":{"rendered":"<p>Multifleet Gas Engine LA 40 empfiehlt sich f\u00fcr 4-Takt-Gasmotoren, die eine angepasste S\u00e4ureneutralisierung erfordern. Das Produkt eignet sich bei Verwendung von Erdgas und Gasen aus Biomasse\/G\u00fclle als Kraftstoff. Dieses Motor\u00f6l verhilft zu verl\u00e4ngerter Lebensdauer bei verminderten Wartungskosten, da es l\u00e4ngere Wechselintervalle erm\u00f6glicht. Sein niedriger Phosphatgehalt erm\u00f6glicht zudem eine l\u00e4ngere Lebensdauer des Katalysators.<\/p>\n","protected":false},"featured_media":363530,"comment_status":"open","ping_status":"open","template":"","meta":[],"location":[4275,4276],"product_brand":[25894],"product_cat":[2187,9884],"product_tag":[],"class_list":{"0":"post-365838","1":"product","2":"type-product","3":"status-publish","4":"has-post-thumbnail","6":"location-aes-emmeloord","7":"location-aes-lemmer","8":"product_brand-kroon-oil","9":"product_cat-schmiermittel","10":"product_cat-kroon-oil","11":"product_shipping_class-paket-0-10-kg","13":"first","14":"onbackorder","15":"sale","16":"taxable","17":"shipping-taxable","18":"purchasable","19":"product-type-simple"},"group_of_quantity":0,"min_quantity":0,"max_quantity":"","exclude_order_quantity_value_rules":"no","exclude_category_quantity_rules":"no","combine_variations":"no","locations":[{"id":4275,"name":"AES Emmeloord","slug":"aes-emmeloord","quantity":""},{"id":4276,"name":"AES Lemmer","slug":"aes-lemmer","quantity":""}],"_links":{"self":[{"href":"https:\/\/ab-marineservice.com\/de\/wp-json\/wp\/v2\/product\/365838","targetHints":{"allow":["GET"]}}],"collection":[{"href":"https:\/\/ab-marineservice.com\/de\/wp-json\/wp\/v2\/product"}],"about":[{"href":"https:\/\/ab-marineservice.com\/de\/wp-json\/wp\/v2\/types\/product"}],"replies":[{"embeddable":true,"href":"https:\/\/ab-marineservice.com\/de\/wp-json\/wp\/v2\/comments?post=365838"}],"wp:featuredmedia":[{"embeddable":true,"href":"https:\/\/ab-marineservice.com\/de\/wp-json\/wp\/v2\/media\/363530"}],"wp:attachment":[{"href":"https:\/\/ab-marineservice.com\/de\/wp-json\/wp\/v2\/media?parent=365838"}],"wp:term":[{"taxonomy":"location","embeddable":true,"href":"https:\/\/ab-marineservice.com\/de\/wp-json\/wp\/v2\/location?post=365838"},{"taxonomy":"product_brand","embeddable":true,"href":"https:\/\/ab-marineservice.com\/de\/wp-json\/wp\/v2\/product_brand?post=365838"},{"taxonomy":"product_cat","embeddable":true,"href":"https:\/\/ab-marineservice.com\/de\/wp-json\/wp\/v2\/product_cat?post=365838"},{"taxonomy":"product_tag","embeddable":true,"href":"https:\/\/ab-marineservice.com\/de\/wp-json\/wp\/v2\/product_tag?post=365838"}],"curies":[{"name":"wp","href":"https:\/\/api.w.org\/{rel}","templated":true}]}}