{"id":365843,"date":"2025-06-15T16:22:02","date_gmt":"2025-06-15T14:22:02","guid":{"rendered":"https:\/\/ab-marineservice.com\/product\/sp-matic-2072\/"},"modified":"2025-11-20T18:06:23","modified_gmt":"2025-11-20T17:06:23","slug":"sp-matic-2072-2","status":"publish","type":"product","link":"https:\/\/ab-marineservice.com\/de\/produkt\/sp-matic-2072-2\/","title":{"rendered":"SP Matic 2072 \u2013 208 Liter"},"content":{"rendered":"<p>SP Matic 2072 ist ein synthetisches Langzeit-Automatikgetriebe\u00f6l, das speziell f\u00fcr die neueste Generation der automatischen Doppelkupplungsgetriebe (DSG) formuliert wurde. Die exklusive Formulierung von SP Matic 2072 gew\u00e4hrleistet, dass das Produkt folgende Eigenschaften aufweist:<\/p>\n<ul>\n<li>Ausgezeichnete Oxidationsstabilit\u00e4t: Verl\u00e4ngert Lebensdauer der Fl\u00fcssigkeit.<\/li>\n<li>Hervorragende Schmiereigenschaften auch unter extremsten Bedingungen<\/li>\n<li>Sehr wirkungsvoller Schutz vor Verschlei\u00df, Korrosion und Schaumbildung<\/li>\n<li>Au\u00dfergew\u00f6hnliche Scherstabilit\u00e4t<\/li>\n<li>Extrem niedriger Flie\u00dfpunkt erlaubt Einsatz auch bei Tiefsttemperaturen.<\/li>\n<li>Sehr hoher Viskosit\u00e4tsindex: zuverl\u00e4ssige Getriebefunktion bei hohen wie bei niedrigen Temperaturen<\/li>\n<\/ul>\n<h4>Produktdaten<\/h4>\n<ul>\n<li>BMW DCTF-1 \/ 1+ \/ 2 \/ LT-5<\/li>\n<li>Borg warner<\/li>\n<li>Bugatti Veyron<\/li>\n<li>Chrysler 68044345 EA &amp; GA<\/li>\n<li>DTFR 13C130<\/li>\n<li>Ferrari TF DCT-F3<\/li>\n<li>Fiat 9.55550-HE2 \/ MZ6<\/li>\n<li>Ford WSS-M2C936-A \/ M2C218-A1 \/ M2C200-D2<\/li>\n<li>Hyundai\/Kia<\/li>\n<li>MB 236.21 \/ 236.22 \/ 236.24 \/ 236.25 \/ 239.21<\/li>\n<li>Mitsubishi Dia-Queen SSTF-1<\/li>\n<li>Porsche\/ZF FFL-3<\/li>\n<li>PSA 9734 S2<\/li>\n<li>Renault EDC \/ DC4 \/ DW5 \/ DW6<\/li>\n<li>Volvo 1161838 \/ 1161839 \/ D1 \/ D2<\/li>\n<li>VW G 052 182 \/ 052 529 \/ 055 529<\/li>\n<li>VW G 052 536 \/ 055 536<\/li>\n<\/ul>\n<h4>Typische Standardanalysen<\/h4>\n<table class=\"table analyse-table\">\n<tr>\n<td>Dichte bei 15 \u00b0C<\/td>\n<td>\n<b>0,850<\/b>  kg\/l<\/td>\n<\/tr>\n<tr>\n<td>Viskosit\u00e4t 40 \u00b0C<\/td>\n<td>\n<b>34,00<\/b>  mm\u00b2\/s<\/td>\n<\/tr>\n<tr>\n<td>Viskosit\u00e4t 100 \u00b0C<\/td>\n<td>\n<b>7,17<\/b>  mm\u00b2\/s<\/td>\n<\/tr>\n<tr>\n<td>Viskosit\u00e4tsindex<\/td>\n<td>\n<b>183<\/b> <\/td>\n<\/tr>\n<tr>\n<td>Flammpunkt COC<\/td>\n<td>\n<b>201<\/b>  \u00b0C<\/td>\n<\/tr>\n<tr>\n<td>Flie\u00dfpunkt<\/td>\n<td>\n<b>-48<\/b>  \u00b0C<\/td>\n<\/tr>\n<tr>\n<td>S\u00e4urenzahl<\/td>\n<td>\n<b>1,29<\/b>  mgKOH\/g<\/td>\n<\/tr>\n<\/table>\n","protected":false},"excerpt":{"rendered":"<p>SP Matic 2072 wurde speziell f\u00fcr die neue Generation von Doppelkupplungsgetrieben (DSG) von VAG entwickelt. Dieses Getriebe\u00f6l kann auch in einer zunehmenden Anzahl von Modellen anderer Hersteller eingesetzt werden. Zur korrekten Anwendung siehe Kroon-Oil Datenbank \u201eProduktberatung\u201c.<\/p>\n","protected":false},"featured_media":363550,"comment_status":"open","ping_status":"open","template":"","meta":[],"location":[4275,4276],"product_brand":[25894],"product_cat":[2187,9884],"product_tag":[],"class_list":{"0":"post-365843","1":"product","2":"type-product","3":"status-publish","4":"has-post-thumbnail","6":"location-aes-emmeloord","7":"location-aes-lemmer","8":"product_brand-kroon-oil","9":"product_cat-schmiermittel","10":"product_cat-kroon-oil","11":"product_shipping_class-paket-0-10-kg","13":"first","14":"onbackorder","15":"sale","16":"taxable","17":"shipping-taxable","18":"purchasable","19":"product-type-simple"},"group_of_quantity":0,"min_quantity":0,"max_quantity":"","exclude_order_quantity_value_rules":"no","exclude_category_quantity_rules":"no","combine_variations":"no","locations":[{"id":4275,"name":"AES Emmeloord","slug":"aes-emmeloord","quantity":""},{"id":4276,"name":"AES Lemmer","slug":"aes-lemmer","quantity":""}],"_links":{"self":[{"href":"https:\/\/ab-marineservice.com\/de\/wp-json\/wp\/v2\/product\/365843","targetHints":{"allow":["GET"]}}],"collection":[{"href":"https:\/\/ab-marineservice.com\/de\/wp-json\/wp\/v2\/product"}],"about":[{"href":"https:\/\/ab-marineservice.com\/de\/wp-json\/wp\/v2\/types\/product"}],"replies":[{"embeddable":true,"href":"https:\/\/ab-marineservice.com\/de\/wp-json\/wp\/v2\/comments?post=365843"}],"wp:featuredmedia":[{"embeddable":true,"href":"https:\/\/ab-marineservice.com\/de\/wp-json\/wp\/v2\/media\/363550"}],"wp:attachment":[{"href":"https:\/\/ab-marineservice.com\/de\/wp-json\/wp\/v2\/media?parent=365843"}],"wp:term":[{"taxonomy":"location","embeddable":true,"href":"https:\/\/ab-marineservice.com\/de\/wp-json\/wp\/v2\/location?post=365843"},{"taxonomy":"product_brand","embeddable":true,"href":"https:\/\/ab-marineservice.com\/de\/wp-json\/wp\/v2\/product_brand?post=365843"},{"taxonomy":"product_cat","embeddable":true,"href":"https:\/\/ab-marineservice.com\/de\/wp-json\/wp\/v2\/product_cat?post=365843"},{"taxonomy":"product_tag","embeddable":true,"href":"https:\/\/ab-marineservice.com\/de\/wp-json\/wp\/v2\/product_tag?post=365843"}],"curies":[{"name":"wp","href":"https:\/\/api.w.org\/{rel}","templated":true}]}}