{"id":365845,"date":"2025-06-15T16:22:02","date_gmt":"2025-06-15T14:22:02","guid":{"rendered":"https:\/\/ab-marineservice.com\/product\/sp-fluid-3023\/"},"modified":"2025-11-20T18:06:30","modified_gmt":"2025-11-20T17:06:30","slug":"sp-fluid-3023-3","status":"publish","type":"product","link":"https:\/\/ab-marineservice.com\/de\/produkt\/sp-fluid-3023-3\/","title":{"rendered":"SP Fluid 3023 \u2013 208 Liter"},"content":{"rendered":"<p>SP Fluid 3023 ist ein Spezialhydraulik\u00f6l. Dieses Produkt wurde speziell f\u00fcr die Niveauregelungssysteme von Mercedes Benz-Fahrzeugen entwickelt. Premium-Grund\u00f6le in Kombination mit Spezialadditiven verleihen dem Produkt folgende exklusive Eigenschaften:<\/p>\n<ul>\n<li>Hoher Viskosit\u00e4tsindex gew\u00e4hrleistet stets die passende Viskosit\u00e4t: Das Produkt beh\u00e4lt selbst bei Extremtemperaturen seine optimale Flie\u00dff\u00e4higkeit.<\/li>\n<li>Dank eines extrem niedrigen Flie\u00dfpunktes kann das Produkt auch bei tiefen Temperaturen eingesetzt werden.<\/li>\n<li>Hocheffiziente Schaumunterdr\u00fcckung: Sicherheit<\/li>\n<li>Greift Dichtungen nicht an: Verhindert Leckage.<\/li>\n<\/ul>\n<h4>Produktdaten<\/h4>\n<ul>\n<li>MB 343.0<\/li>\n<\/ul>\n<h4>Typische Standardanalysen<\/h4>\n<table class=\"table analyse-table\">\n<tr>\n<td>Dichte bei 15 \u00b0C<\/td>\n<td>\n<b>0,865<\/b>  kg\/l<\/td>\n<\/tr>\n<tr>\n<td>Viskosit\u00e4t 40 \u00b0C<\/td>\n<td>\n<b>16,40<\/b>  mm\u00b2\/s<\/td>\n<\/tr>\n<tr>\n<td>Viskosit\u00e4t 100 \u00b0C<\/td>\n<td>\n<b>4,11<\/b>  mm\u00b2\/s<\/td>\n<\/tr>\n<tr>\n<td>Viskosit\u00e4tsindex<\/td>\n<td>\n<b>161<\/b> <\/td>\n<\/tr>\n<tr>\n<td>Flammpunkt COC<\/td>\n<td>\n<b>157<\/b>  \u00b0C<\/td>\n<\/tr>\n<tr>\n<td>Flie\u00dfpunkt<\/td>\n<td>\n<b>-45<\/b>  \u00b0C<\/td>\n<\/tr>\n<\/table>\n","protected":false},"excerpt":{"rendered":"<p>SP Fluid 3023 repr\u00e4sentiert ein hochwertiges Hydraulik\u00f6l. Moderne Fahrzeuge arbeiten h\u00e4ufig mit diversen Hydrauliksystemen, die ein Spezialprodukt erfordern. SP Fluid 3023 wurde speziell f\u00fcr Mercedes-Niveauregelungssysteme entwickelt. Es eignet sich f\u00fcr Anwendungen, f\u00fcr die die MB-Spezifikation MB 343.0 vorgeschrieben ist.<\/p>\n","protected":false},"featured_media":363558,"comment_status":"open","ping_status":"open","template":"","meta":[],"location":[4275,4276],"product_brand":[25894],"product_cat":[2187,9884],"product_tag":[],"class_list":{"0":"post-365845","1":"product","2":"type-product","3":"status-publish","4":"has-post-thumbnail","6":"location-aes-emmeloord","7":"location-aes-lemmer","8":"product_brand-kroon-oil","9":"product_cat-schmiermittel","10":"product_cat-kroon-oil","11":"product_shipping_class-palettenversand","13":"first","14":"onbackorder","15":"sale","16":"taxable","17":"shipping-taxable","18":"purchasable","19":"product-type-simple"},"group_of_quantity":0,"min_quantity":0,"max_quantity":"","exclude_order_quantity_value_rules":"no","exclude_category_quantity_rules":"no","combine_variations":"no","locations":[{"id":4275,"name":"AES Emmeloord","slug":"aes-emmeloord","quantity":""},{"id":4276,"name":"AES Lemmer","slug":"aes-lemmer","quantity":""}],"_links":{"self":[{"href":"https:\/\/ab-marineservice.com\/de\/wp-json\/wp\/v2\/product\/365845","targetHints":{"allow":["GET"]}}],"collection":[{"href":"https:\/\/ab-marineservice.com\/de\/wp-json\/wp\/v2\/product"}],"about":[{"href":"https:\/\/ab-marineservice.com\/de\/wp-json\/wp\/v2\/types\/product"}],"replies":[{"embeddable":true,"href":"https:\/\/ab-marineservice.com\/de\/wp-json\/wp\/v2\/comments?post=365845"}],"wp:featuredmedia":[{"embeddable":true,"href":"https:\/\/ab-marineservice.com\/de\/wp-json\/wp\/v2\/media\/363558"}],"wp:attachment":[{"href":"https:\/\/ab-marineservice.com\/de\/wp-json\/wp\/v2\/media?parent=365845"}],"wp:term":[{"taxonomy":"location","embeddable":true,"href":"https:\/\/ab-marineservice.com\/de\/wp-json\/wp\/v2\/location?post=365845"},{"taxonomy":"product_brand","embeddable":true,"href":"https:\/\/ab-marineservice.com\/de\/wp-json\/wp\/v2\/product_brand?post=365845"},{"taxonomy":"product_cat","embeddable":true,"href":"https:\/\/ab-marineservice.com\/de\/wp-json\/wp\/v2\/product_cat?post=365845"},{"taxonomy":"product_tag","embeddable":true,"href":"https:\/\/ab-marineservice.com\/de\/wp-json\/wp\/v2\/product_tag?post=365845"}],"curies":[{"name":"wp","href":"https:\/\/api.w.org\/{rel}","templated":true}]}}