{"id":365856,"date":"2025-06-15T16:23:03","date_gmt":"2025-06-15T14:23:03","guid":{"rendered":"https:\/\/ab-marineservice.com\/product\/perlus-acd-22\/"},"modified":"2026-05-04T15:32:50","modified_gmt":"2026-05-04T13:32:50","slug":"perlus-acd-22-2","status":"publish","type":"product","link":"https:\/\/ab-marineservice.com\/de\/produkt\/perlus-acd-22-2\/","title":{"rendered":"Perlus ACD 22 \u2013 60 Liter"},"content":{"rendered":"<p>Perlus ACD 22 ist ein detergierendes Premium-Hydraulik\u00f6l auf Basis speziell ausgew\u00e4hlter, solventraffinierter Grund\u00f6le mit einem von Natur aus hohen Viskosit\u00e4tsindex. Durch Erg\u00e4nzung mit multifunktionellen Additiven werden folgende Eigenschaften realisiert:<\/p>\n<ul>\n<li>\u00dcberlegener Verschlei\u00dfschutz<\/li>\n<li>Hervorragender Rost- und Korrosionsschutz<\/li>\n<li>Ausgezeichnete Oxidationsstabilit\u00e4t<\/li>\n<li>Hervorragende Reinigungswirkung<\/li>\n<li>Hocheffiziente Luftfreigabe und Schaumunterdr\u00fcckung<\/li>\n<li>Greift synthetische Dichtungen nicht an.<\/li>\n<li>Niedriger Flie\u00dfpunkt<\/li>\n<li>Kann problemlos kleine Mengen von Feuchtigkeit absorbieren.<\/li>\n<\/ul>\n<h4>Produktdaten<\/h4>\n<ul>\n<li>DIN 51524-2 HLPD<\/li>\n<\/ul>\n<h4>Typische Standardanalysen<\/h4>\n<table class=\"table analyse-table\">\n<tr>\n<td>Dichte bei 15 \u00b0C<\/td>\n<td>\n<b>0,857<\/b>  kg\/l<\/td>\n<\/tr>\n<tr>\n<td>Viskosit\u00e4t 40 \u00b0C<\/td>\n<td>\n<b>22,10<\/b>  mm\u00b2\/s<\/td>\n<\/tr>\n<tr>\n<td>Viskosit\u00e4t 100 \u00b0C<\/td>\n<td>\n<b>4,49<\/b>  mm\u00b2\/s<\/td>\n<\/tr>\n<tr>\n<td>Viskosit\u00e4tsindex<\/td>\n<td>\n<b>116<\/b> <\/td>\n<\/tr>\n<tr>\n<td>Flammpunkt PM<\/td>\n<td>\n<b>197<\/b>  \u00b0C<\/td>\n<\/tr>\n<tr>\n<td>Flie\u00dfpunkt<\/td>\n<td>\n<b>-42<\/b>  \u00b0C<\/td>\n<\/tr>\n<tr>\n<td>S\u00e4urenzahl<\/td>\n<td>\n<b>0,55<\/b>  mgKOH\/g<\/td>\n<\/tr>\n<\/table>\n","protected":false},"excerpt":{"rendered":"<p>Perlus ACD 22 ist sowohl f\u00fcr Schwerlast-Hydrauliksysteme als auch f\u00fcr leicht belastete Getriebe und Lager geeignet. Dieses \u00d6l eignet sich zudem hervorragend f\u00fcr Umlaufschmierungen (au\u00dfer Turbinen) sowie zur Schmierung von Unterdruckpumpen und allgemeiner Mechanik.<\/p>\n","protected":false},"featured_media":363602,"comment_status":"open","ping_status":"open","template":"","meta":[],"location":[4275,4276],"product_brand":[25894],"product_cat":[2187,9884],"product_tag":[],"class_list":{"0":"post-365856","1":"product","2":"type-product","3":"status-publish","4":"has-post-thumbnail","6":"location-aes-emmeloord","7":"location-aes-lemmer","8":"product_brand-kroon-oil","9":"product_cat-schmiermittel","10":"product_cat-kroon-oil","11":"product_shipping_class-palettenversand","13":"first","14":"onbackorder","15":"sale","16":"taxable","17":"shipping-taxable","18":"purchasable","19":"product-type-simple"},"group_of_quantity":0,"min_quantity":0,"max_quantity":"","exclude_order_quantity_value_rules":"no","exclude_category_quantity_rules":"no","combine_variations":"no","locations":[{"id":4275,"name":"AES Emmeloord","slug":"aes-emmeloord","quantity":""},{"id":4276,"name":"AES Lemmer","slug":"aes-lemmer","quantity":""}],"_links":{"self":[{"href":"https:\/\/ab-marineservice.com\/de\/wp-json\/wp\/v2\/product\/365856","targetHints":{"allow":["GET"]}}],"collection":[{"href":"https:\/\/ab-marineservice.com\/de\/wp-json\/wp\/v2\/product"}],"about":[{"href":"https:\/\/ab-marineservice.com\/de\/wp-json\/wp\/v2\/types\/product"}],"replies":[{"embeddable":true,"href":"https:\/\/ab-marineservice.com\/de\/wp-json\/wp\/v2\/comments?post=365856"}],"wp:featuredmedia":[{"embeddable":true,"href":"https:\/\/ab-marineservice.com\/de\/wp-json\/wp\/v2\/media\/363602"}],"wp:attachment":[{"href":"https:\/\/ab-marineservice.com\/de\/wp-json\/wp\/v2\/media?parent=365856"}],"wp:term":[{"taxonomy":"location","embeddable":true,"href":"https:\/\/ab-marineservice.com\/de\/wp-json\/wp\/v2\/location?post=365856"},{"taxonomy":"product_brand","embeddable":true,"href":"https:\/\/ab-marineservice.com\/de\/wp-json\/wp\/v2\/product_brand?post=365856"},{"taxonomy":"product_cat","embeddable":true,"href":"https:\/\/ab-marineservice.com\/de\/wp-json\/wp\/v2\/product_cat?post=365856"},{"taxonomy":"product_tag","embeddable":true,"href":"https:\/\/ab-marineservice.com\/de\/wp-json\/wp\/v2\/product_tag?post=365856"}],"curies":[{"name":"wp","href":"https:\/\/api.w.org\/{rel}","templated":true}]}}