{"id":365857,"date":"2025-06-15T16:23:55","date_gmt":"2025-06-15T14:23:55","guid":{"rendered":"https:\/\/ab-marineservice.com\/product\/coolant-sp-16\/"},"modified":"2025-11-20T18:01:06","modified_gmt":"2025-11-20T17:01:06","slug":"coolant-sp-16-2","status":"publish","type":"product","link":"https:\/\/ab-marineservice.com\/de\/produkt\/coolant-sp-16-2\/","title":{"rendered":"Coolant SP 16 \u2013 20 Liter"},"content":{"rendered":"<p>Coolant SP 16 ist ein \u00fcberlegenes, gebrauchsfertiges Langzeit-K\u00fchlmittel (Frostschutz bis -38\u00b0C), basierend auf einer patentierten, silikatfreien Technologie mit Polycarbons\u00e4uren. Mit dieser Technologie bietet Coolant SP 16 einen viel l\u00e4ngeren Korrosionsschutz als Standard-Frostschutzmittel und garantiert eine l\u00e4ngere Lebensdauer von anf\u00e4lligen Teilen wie K\u00fchler, Wasserpumpen und Thermostate. <br \/>Wirkungsvolle Korrosionsinhibitoren verhindern zudem Schlamm und Ablagerungen im K\u00fchler, wodurch eine optimale K\u00fchlleistung \u00fcber lange Zeit gesichert ist. Coolant SP 16 bietet maximalen Schutz f\u00fcr alle Motorteile aus Metall und Kunststoff und verhindert Kavitation.<\/p>\n<h4>Produktdaten<\/h4>\n<ul>\n<li>Renault SA: Renault, Nissan (41-01-001\/-S Type D)<\/li>\n<\/ul>\n<h4>Typische Standardanalysen<\/h4>\n<table class=\"table analyse-table\">\n<tr>\n<td>Dichte bei 15 \u00b0C<\/td>\n<td>\n<b>1,047<\/b>  kg\/l<\/td>\n<\/tr>\n<\/table>\n","protected":false},"excerpt":{"rendered":"<p>Coolant SP 16 ist ein gebrauchsfertiges, gelb fluoreszierendes Langzeit-K\u00fchlmittel f\u00fcr die K\u00fchlsysteme von Pkw, Lieferwagen und Lkw der Marken Renault, Nissan und Dacia. Dank wirkungsvoller Korrosionshemmer altert Coolant SP 16 praktisch nicht und h\u00e4lt daher deutlich l\u00e4nger als herk\u00f6mmliche K\u00fchlmittel. Die beste Wirkung wird jedoch nur bei einer 100%-F\u00fcllung erzielt.<\/p>\n","protected":false},"featured_media":363606,"comment_status":"open","ping_status":"open","template":"","meta":[],"location":[4275,4276],"product_brand":[25894],"product_cat":[2187,9884],"product_tag":[],"class_list":{"0":"post-365857","1":"product","2":"type-product","3":"status-publish","4":"has-post-thumbnail","6":"location-aes-emmeloord","7":"location-aes-lemmer","8":"product_brand-kroon-oil","9":"product_cat-schmiermittel","10":"product_cat-kroon-oil","11":"product_shipping_class-paket-0-10-kg","13":"first","14":"onbackorder","15":"sale","16":"taxable","17":"shipping-taxable","18":"purchasable","19":"product-type-simple"},"group_of_quantity":0,"min_quantity":0,"max_quantity":"","exclude_order_quantity_value_rules":"no","exclude_category_quantity_rules":"no","combine_variations":"no","locations":[{"id":4275,"name":"AES Emmeloord","slug":"aes-emmeloord","quantity":""},{"id":4276,"name":"AES Lemmer","slug":"aes-lemmer","quantity":""}],"_links":{"self":[{"href":"https:\/\/ab-marineservice.com\/de\/wp-json\/wp\/v2\/product\/365857","targetHints":{"allow":["GET"]}}],"collection":[{"href":"https:\/\/ab-marineservice.com\/de\/wp-json\/wp\/v2\/product"}],"about":[{"href":"https:\/\/ab-marineservice.com\/de\/wp-json\/wp\/v2\/types\/product"}],"replies":[{"embeddable":true,"href":"https:\/\/ab-marineservice.com\/de\/wp-json\/wp\/v2\/comments?post=365857"}],"wp:featuredmedia":[{"embeddable":true,"href":"https:\/\/ab-marineservice.com\/de\/wp-json\/wp\/v2\/media\/363606"}],"wp:attachment":[{"href":"https:\/\/ab-marineservice.com\/de\/wp-json\/wp\/v2\/media?parent=365857"}],"wp:term":[{"taxonomy":"location","embeddable":true,"href":"https:\/\/ab-marineservice.com\/de\/wp-json\/wp\/v2\/location?post=365857"},{"taxonomy":"product_brand","embeddable":true,"href":"https:\/\/ab-marineservice.com\/de\/wp-json\/wp\/v2\/product_brand?post=365857"},{"taxonomy":"product_cat","embeddable":true,"href":"https:\/\/ab-marineservice.com\/de\/wp-json\/wp\/v2\/product_cat?post=365857"},{"taxonomy":"product_tag","embeddable":true,"href":"https:\/\/ab-marineservice.com\/de\/wp-json\/wp\/v2\/product_tag?post=365857"}],"curies":[{"name":"wp","href":"https:\/\/api.w.org\/{rel}","templated":true}]}}