{"id":365860,"date":"2025-06-15T16:23:55","date_gmt":"2025-06-15T14:23:55","guid":{"rendered":"https:\/\/ab-marineservice.com\/product\/sp-gear-ls-1015\/"},"modified":"2025-11-20T18:01:15","modified_gmt":"2025-11-20T17:01:15","slug":"sp-gear-ls-1015-2","status":"publish","type":"product","link":"https:\/\/ab-marineservice.com\/de\/produkt\/sp-gear-ls-1015-2\/","title":{"rendered":"SP Gear LS 1015 \u2013 20 Liter"},"content":{"rendered":"<p>SP Gear LS 1015 ist ein modernes, vollsynthetisches SAE 75W-90 Getriebe\u00f6l mit Schlupfbegrenzungs-Additiven. Dank der synthetischen Grund\u00f6le mit niedriger Viskosit\u00e4t und Spezialadditiven bietet das Produkt folgende Besonderheiten:<\/p>\n<ul>\n<li>Effiziente Gangwechsel bei niedrigen wie hohen Umgebungstemperaturen<\/li>\n<li>Hervorragende Schlupfbegrenzung<\/li>\n<li>Spart Kraftstoff: bis zu 2% Kostenersparnis<\/li>\n<li>Geeignet f\u00fcr den gesamten Antriebsstrang: Total Drive Line Oil bedeutet, dass weniger Einzelprodukte erforderlich sind<\/li>\n<li>Zuverl\u00e4ssiger Schmierfilm auch unter extremsten Betriebsbedingungen: Sicherheitsreserve<\/li>\n<li>Effektiver Verschlei\u00dfschutz f\u00fcr Zahnr\u00e4der und Lager: Garant f\u00fcr lange Lebensdauer<\/li>\n<li>F\u00fcr zeitgem\u00e4\u00dfe (lange) \u00d6lwechselintervalle<\/li>\n<li>Greift Dichtungen nicht an: Verhindert Leckage.<\/li>\n<\/ul>\n<h4>Produktdaten<\/h4>\n<ul>\n<li>API GL-4\/GL-5\/MT-1<\/li>\n<li>MIL-L-2105D\/MIL-PRF-2105E, SAE J2360<\/li>\n<li>MAN 341 Typ Z2\/342 Typ S1<\/li>\n<li>MAN 3343 Typ S<\/li>\n<li>Scania STO 1:0<\/li>\n<li>Volvo 97310<\/li>\n<li>ZF TE-ML 05C\/07A\/12B\/12L\/12N<\/li>\n<li>ZF TE-ML 16B\/16F\/17B\/19C\/21C<\/li>\n<li>P &gt;1900 mg\/kg (Liebherr)<\/li>\n<\/ul>\n<h4>Typische Standardanalysen<\/h4>\n<table class=\"table analyse-table\">\n<tr>\n<td>Dichte bei 15 \u00b0C<\/td>\n<td>\n<b>0,872<\/b>  kg\/l<\/td>\n<\/tr>\n<tr>\n<td>Viskosit\u00e4t 40 \u00b0C<\/td>\n<td>\n<b>113,70<\/b>  mm\u00b2\/s<\/td>\n<\/tr>\n<tr>\n<td>Viskosit\u00e4t 100 \u00b0C<\/td>\n<td>\n<b>16,50<\/b>  mm\u00b2\/s<\/td>\n<\/tr>\n<tr>\n<td>Viskosit\u00e4tsindex<\/td>\n<td>\n<b>157<\/b> <\/td>\n<\/tr>\n<tr>\n<td>Flammpunkt COC<\/td>\n<td>\n<b>202<\/b>  \u00b0C<\/td>\n<\/tr>\n<tr>\n<td>Flie\u00dfpunkt<\/td>\n<td>\n<b>-42<\/b>  \u00b0C<\/td>\n<\/tr>\n<tr>\n<td>Basenzahl<\/td>\n<td>\n<b>2,1<\/b>  mgKOH\/g<\/td>\n<\/tr>\n<\/table>\n","protected":false},"excerpt":{"rendered":"<p>SP Gear LS 1015 ist ein hochwertiges, vollsynthetisches Getriebe\u00f6l. Das Produkt ist f\u00fcr den gesamten Antriebsstrang geeignet, inklusive Sperrdifferenziale und Antriebe, die Getriebe\u00f6l f\u00fcr \u2018Schlupfbegrenzung\u2019 erfordern. SP Gear LS 1015 wurde speziell f\u00fcr die anspruchsvollsten und leistungsf\u00e4higsten Getriebe entwickelt, darunter Schaltgetriebe, Verteilergetriebe, (Sperr)Differenziale und Achsgetriebe. Zur korrekten Anwendung siehe Kroon-Oil Datenbank \u201eProduktberatung\u201c.<\/p>\n","protected":false},"featured_media":363618,"comment_status":"open","ping_status":"open","template":"","meta":[],"location":[4275,4276],"product_brand":[25894],"product_cat":[2187,9884],"product_tag":[],"class_list":{"0":"post-365860","1":"product","2":"type-product","3":"status-publish","4":"has-post-thumbnail","6":"location-aes-emmeloord","7":"location-aes-lemmer","8":"product_brand-kroon-oil","9":"product_cat-schmiermittel","10":"product_cat-kroon-oil","11":"product_shipping_class-paket-0-10-kg","13":"first","14":"onbackorder","15":"sale","16":"taxable","17":"shipping-taxable","18":"purchasable","19":"product-type-simple"},"group_of_quantity":0,"min_quantity":0,"max_quantity":"","exclude_order_quantity_value_rules":"no","exclude_category_quantity_rules":"no","combine_variations":"no","locations":[{"id":4275,"name":"AES Emmeloord","slug":"aes-emmeloord","quantity":""},{"id":4276,"name":"AES Lemmer","slug":"aes-lemmer","quantity":""}],"_links":{"self":[{"href":"https:\/\/ab-marineservice.com\/de\/wp-json\/wp\/v2\/product\/365860","targetHints":{"allow":["GET"]}}],"collection":[{"href":"https:\/\/ab-marineservice.com\/de\/wp-json\/wp\/v2\/product"}],"about":[{"href":"https:\/\/ab-marineservice.com\/de\/wp-json\/wp\/v2\/types\/product"}],"replies":[{"embeddable":true,"href":"https:\/\/ab-marineservice.com\/de\/wp-json\/wp\/v2\/comments?post=365860"}],"wp:featuredmedia":[{"embeddable":true,"href":"https:\/\/ab-marineservice.com\/de\/wp-json\/wp\/v2\/media\/363618"}],"wp:attachment":[{"href":"https:\/\/ab-marineservice.com\/de\/wp-json\/wp\/v2\/media?parent=365860"}],"wp:term":[{"taxonomy":"location","embeddable":true,"href":"https:\/\/ab-marineservice.com\/de\/wp-json\/wp\/v2\/location?post=365860"},{"taxonomy":"product_brand","embeddable":true,"href":"https:\/\/ab-marineservice.com\/de\/wp-json\/wp\/v2\/product_brand?post=365860"},{"taxonomy":"product_cat","embeddable":true,"href":"https:\/\/ab-marineservice.com\/de\/wp-json\/wp\/v2\/product_cat?post=365860"},{"taxonomy":"product_tag","embeddable":true,"href":"https:\/\/ab-marineservice.com\/de\/wp-json\/wp\/v2\/product_tag?post=365860"}],"curies":[{"name":"wp","href":"https:\/\/api.w.org\/{rel}","templated":true}]}}