{"id":365919,"date":"2025-06-15T16:28:06","date_gmt":"2025-06-15T14:28:06","guid":{"rendered":"https:\/\/ab-marineservice.com\/product\/sp-matic-2096\/"},"modified":"2025-11-20T18:00:54","modified_gmt":"2025-11-20T17:00:54","slug":"sp-matic-2096-4","status":"publish","type":"product","link":"https:\/\/ab-marineservice.com\/de\/produkt\/sp-matic-2096-4\/","title":{"rendered":"SP Matic 2096 \u2013 208 Liter"},"content":{"rendered":"<p>SP Matic 2096 ist eine langlebige Premium-ATF mit extrem niedriger Viskosit\u00e4t, die speziell f\u00fcr die neueste Generation von kraftstoffeffizienten Automatikgetrieben formuliert wurde. Speziell ausgew\u00e4hlte Premium-Grund\u00f6le in Kombination mit modernsten Additiven geben der SP Matic 2096 folgende Eigenschaften:<\/p>\n<ul>\n<li>Ausgezeichnete Kraftstoffeinsparcharakteristik<\/li>\n<li>Extrem hohe Oxidationsfestigkeit<\/li>\n<li>Exzellente, \u00e4u\u00dferst stabile Reibeigenschaften f\u00fcr verl\u00e4ngerte Wechselintervalle<\/li>\n<li>Hervorragendes Schmierverm\u00f6gen<\/li>\n<li>\u00dcberragender Schutz vor Korrosion und Schaumbildung<\/li>\n<li>Ausgezeichnetes Niedrigtemperaturverhalten<\/li>\n<li>Volle Kompatibilit\u00e4t mit von Mercedes eingesetzten Dichtmitteln<\/li>\n<\/ul>\n<h4>Produktdaten<\/h4>\n<ul>\n<li>Aisin Warner AW-2<\/li>\n<li>BMW 83 22 2 413 477 (ATF7)<\/li>\n<li>Ford Mercon ULV<\/li>\n<li>Ford M2C949-A<\/li>\n<li>GM Dexron ULV ATF<\/li>\n<li>MB 236.17<\/li>\n<li>VW G053 001<\/li>\n<\/ul>\n<h4>Typische Standardanalysen<\/h4>\n<table class=\"table analyse-table\">\n<tr>\n<td>Dichte bei 15 \u00b0C<\/td>\n<td>\n<b>0,840<\/b>  kg\/l<\/td>\n<\/tr>\n<tr>\n<td>Viskosit\u00e4t 40 \u00b0C<\/td>\n<td>\n<b>17,10<\/b>  mm\u00b2\/s<\/td>\n<\/tr>\n<tr>\n<td>Viskosit\u00e4t 100 \u00b0C<\/td>\n<td>\n<b>4,23<\/b>  mm\u00b2\/s<\/td>\n<\/tr>\n<tr>\n<td>Viskosit\u00e4tsindex<\/td>\n<td>\n<b>161<\/b> <\/td>\n<\/tr>\n<tr>\n<td>Flammpunkt COC<\/td>\n<td>\n<b>174<\/b>  \u00b0C<\/td>\n<\/tr>\n<tr>\n<td>Flie\u00dfpunkt<\/td>\n<td>\n<b>-57<\/b>  \u00b0C<\/td>\n<\/tr>\n<tr>\n<td>Basenzahl<\/td>\n<td>\n<b>3,4<\/b>  mgKOH\/g<\/td>\n<\/tr>\n<tr>\n<td>S\u00e4urenzahl<\/td>\n<td>\n<b>1,00<\/b>  mgKOH\/g<\/td>\n<\/tr>\n<\/table>\n","protected":false},"excerpt":{"rendered":"<p>SP Matic 2096 ist eine sehr hochwertige, synthetische ATF, die speziell f\u00fcr die neueste Generation von Automatikgetrieben entwickelt wurde, wobei der Schwerpunkt auf Kraftstoffeinsparung liegt. F\u00fcr solche modernen, kraftstoffsparenden Getriebe werden von den Automobilherstellern zunehmend ATFs der neuen Generation mit ultraniedriger Viskosit\u00e4t vorgeschrieben, die erheblich zu einem niedrigeren Kraftstoffverbrauch beitragen.<\/p>\n","protected":false},"featured_media":363692,"comment_status":"open","ping_status":"open","template":"","meta":[],"location":[4275,4276],"product_brand":[25894],"product_cat":[2187,9884],"product_tag":[],"class_list":{"0":"post-365919","1":"product","2":"type-product","3":"status-publish","4":"has-post-thumbnail","6":"location-aes-emmeloord","7":"location-aes-lemmer","8":"product_brand-kroon-oil","9":"product_cat-schmiermittel","10":"product_cat-kroon-oil","11":"product_shipping_class-paket-0-10-kg","13":"first","14":"onbackorder","15":"sale","16":"taxable","17":"shipping-taxable","18":"purchasable","19":"product-type-simple"},"group_of_quantity":0,"min_quantity":0,"max_quantity":"","exclude_order_quantity_value_rules":"no","exclude_category_quantity_rules":"no","combine_variations":"no","locations":[{"id":4275,"name":"AES Emmeloord","slug":"aes-emmeloord","quantity":""},{"id":4276,"name":"AES Lemmer","slug":"aes-lemmer","quantity":""}],"_links":{"self":[{"href":"https:\/\/ab-marineservice.com\/de\/wp-json\/wp\/v2\/product\/365919","targetHints":{"allow":["GET"]}}],"collection":[{"href":"https:\/\/ab-marineservice.com\/de\/wp-json\/wp\/v2\/product"}],"about":[{"href":"https:\/\/ab-marineservice.com\/de\/wp-json\/wp\/v2\/types\/product"}],"replies":[{"embeddable":true,"href":"https:\/\/ab-marineservice.com\/de\/wp-json\/wp\/v2\/comments?post=365919"}],"wp:featuredmedia":[{"embeddable":true,"href":"https:\/\/ab-marineservice.com\/de\/wp-json\/wp\/v2\/media\/363692"}],"wp:attachment":[{"href":"https:\/\/ab-marineservice.com\/de\/wp-json\/wp\/v2\/media?parent=365919"}],"wp:term":[{"taxonomy":"location","embeddable":true,"href":"https:\/\/ab-marineservice.com\/de\/wp-json\/wp\/v2\/location?post=365919"},{"taxonomy":"product_brand","embeddable":true,"href":"https:\/\/ab-marineservice.com\/de\/wp-json\/wp\/v2\/product_brand?post=365919"},{"taxonomy":"product_cat","embeddable":true,"href":"https:\/\/ab-marineservice.com\/de\/wp-json\/wp\/v2\/product_cat?post=365919"},{"taxonomy":"product_tag","embeddable":true,"href":"https:\/\/ab-marineservice.com\/de\/wp-json\/wp\/v2\/product_tag?post=365919"}],"curies":[{"name":"wp","href":"https:\/\/api.w.org\/{rel}","templated":true}]}}