{"id":365934,"date":"2025-06-15T16:29:48","date_gmt":"2025-06-15T14:29:48","guid":{"rendered":"https:\/\/ab-marineservice.com\/product\/expulsa-rr-5w-40\/"},"modified":"2025-11-20T18:00:11","modified_gmt":"2025-11-20T17:00:11","slug":"expulsa-rr-5w-40-3","status":"publish","type":"product","link":"https:\/\/ab-marineservice.com\/de\/produkt\/expulsa-rr-5w-40-3\/","title":{"rendered":"Expulsa RR 5W-40 \u2013 60 Liter"},"content":{"rendered":"<p>Expulsa RR 5W-40 ist ein vollsynthetisches Viertakt-Motor\u00f6l f\u00fcr die neueste Motorradgeneration. Das Produkt basiert auf hochwertigen synthetischen Grund\u00f6len und wegweisenden Spezialadditiven, um folgende Eigenschaften zu gew\u00e4hren: <\/p>\n<ul>\n<li>Ausgezeichneter Verschlei\u00dfschutz selbst bei extrem hohen oder niedrigen Temperaturen<\/li>\n<li>Hervorragende Schmierung auch unter extremsten Bedingungen<\/li>\n<li>Niedrige Verdunstungsneigung, wodurch sich der \u00d6lverbrauch minimiert.<\/li>\n<li>Begrenzt interne Reibung auf das Minimum, um maximale Motorleistungen zu erm\u00f6glichen.<\/li>\n<li>Ein sehr hoher und stabiler Viskosit\u00e4tsindex<\/li>\n<li>Ausgezeichnete Reinigungswirkung gew\u00e4hrleistet saubere Komponenten im Motor.<\/li>\n<li>Gew\u00e4hrleistet weiche und pr\u00e4zise Gangwechsel.<\/li>\n<li>Optimale Funktion von Nassscheibenkupplungen<\/li>\n<\/ul>\n<h4>Produktdaten<\/h4>\n<ul>\n<li>API SN<\/li>\n<li>JASO MA2<\/li>\n<\/ul>\n<h4>Typische Standardanalysen<\/h4>\n<table class=\"table analyse-table\">\n<tr>\n<td>Dichte bei 15 \u00b0C<\/td>\n<td>\n<b>0,842<\/b>  kg\/l<\/td>\n<\/tr>\n<tr>\n<td>Viskosit\u00e4t -35 \u00b0C<\/td>\n<td>\n<b>5500<\/b>  mPa.s<\/td>\n<\/tr>\n<tr>\n<td>Viskosit\u00e4t -30 \u00b0C<\/td>\n<td>\n<b>3140<\/b>  mPa.s<\/td>\n<\/tr>\n<tr>\n<td>Viskosit\u00e4t 40 \u00b0C<\/td>\n<td>\n<b>82,00<\/b>  mm\u00b2\/s<\/td>\n<\/tr>\n<tr>\n<td>Viskosit\u00e4t 100 \u00b0C<\/td>\n<td>\n<b>13,80<\/b>  mm\u00b2\/s<\/td>\n<\/tr>\n<tr>\n<td>Viskosit\u00e4tsindex<\/td>\n<td>\n<b>173<\/b> <\/td>\n<\/tr>\n<tr>\n<td>Flammpunkt COC<\/td>\n<td>\n<b>232<\/b>  \u00b0C<\/td>\n<\/tr>\n<tr>\n<td>Flie\u00dfpunkt<\/td>\n<td>\n<b>-60<\/b>  \u00b0C<\/td>\n<\/tr>\n<tr>\n<td>Basenzahl<\/td>\n<td>\n<b>7,7<\/b>  mgKOH\/g<\/td>\n<\/tr>\n<tr>\n<td>Sulfataschegehalt<\/td>\n<td>\n<b>0,85<\/b>  %<\/td>\n<\/tr>\n<\/table>\n","protected":false},"excerpt":{"rendered":"<p>Expulsa RR 5W-40 wurde speziell f\u00fcr moderne Hightech-Motorr\u00e4der mit hoher bis sehr hoher Leistung formuliert. Das vollsynthetische Expulsa RR 5W-40 gew\u00e4hrleistet selbst bei extrem hohen Betriebstemperaturen eine \u00fcberlegene Schmierwirkung. Dadurch eignet sich das Produkt ideal f\u00fcr Motorsport und Rennstrecke, wie auch f\u00fcr den normalen Stra\u00dfenbetrieb.<\/p>\n","protected":false},"featured_media":363719,"comment_status":"open","ping_status":"open","template":"","meta":[],"location":[4275,4276],"product_brand":[25894],"product_cat":[2187,9884],"product_tag":[],"class_list":{"0":"post-365934","1":"product","2":"type-product","3":"status-publish","4":"has-post-thumbnail","6":"location-aes-emmeloord","7":"location-aes-lemmer","8":"product_brand-kroon-oil","9":"product_cat-schmiermittel","10":"product_cat-kroon-oil","11":"product_shipping_class-paket-0-10-kg","13":"first","14":"onbackorder","15":"sale","16":"taxable","17":"shipping-taxable","18":"purchasable","19":"product-type-simple"},"group_of_quantity":0,"min_quantity":0,"max_quantity":"","exclude_order_quantity_value_rules":"no","exclude_category_quantity_rules":"no","combine_variations":"no","locations":[{"id":4275,"name":"AES Emmeloord","slug":"aes-emmeloord","quantity":""},{"id":4276,"name":"AES Lemmer","slug":"aes-lemmer","quantity":""}],"_links":{"self":[{"href":"https:\/\/ab-marineservice.com\/de\/wp-json\/wp\/v2\/product\/365934","targetHints":{"allow":["GET"]}}],"collection":[{"href":"https:\/\/ab-marineservice.com\/de\/wp-json\/wp\/v2\/product"}],"about":[{"href":"https:\/\/ab-marineservice.com\/de\/wp-json\/wp\/v2\/types\/product"}],"replies":[{"embeddable":true,"href":"https:\/\/ab-marineservice.com\/de\/wp-json\/wp\/v2\/comments?post=365934"}],"wp:featuredmedia":[{"embeddable":true,"href":"https:\/\/ab-marineservice.com\/de\/wp-json\/wp\/v2\/media\/363719"}],"wp:attachment":[{"href":"https:\/\/ab-marineservice.com\/de\/wp-json\/wp\/v2\/media?parent=365934"}],"wp:term":[{"taxonomy":"location","embeddable":true,"href":"https:\/\/ab-marineservice.com\/de\/wp-json\/wp\/v2\/location?post=365934"},{"taxonomy":"product_brand","embeddable":true,"href":"https:\/\/ab-marineservice.com\/de\/wp-json\/wp\/v2\/product_brand?post=365934"},{"taxonomy":"product_cat","embeddable":true,"href":"https:\/\/ab-marineservice.com\/de\/wp-json\/wp\/v2\/product_cat?post=365934"},{"taxonomy":"product_tag","embeddable":true,"href":"https:\/\/ab-marineservice.com\/de\/wp-json\/wp\/v2\/product_tag?post=365934"}],"curies":[{"name":"wp","href":"https:\/\/api.w.org\/{rel}","templated":true}]}}