{"id":365947,"date":"2025-06-15T16:30:41","date_gmt":"2025-06-15T14:30:41","guid":{"rendered":"https:\/\/ab-marineservice.com\/product\/presteza-msp-5w-30\/"},"modified":"2025-11-20T17:59:29","modified_gmt":"2025-11-20T16:59:29","slug":"presteza-msp-5w-30-3","status":"publish","type":"product","link":"https:\/\/ab-marineservice.com\/de\/produkt\/presteza-msp-5w-30-3\/","title":{"rendered":"Presteza MSP+ 5W-30 \u2013 20 Liter"},"content":{"rendered":"<p>Presteza MSP+ 5W-30 ist ein synthetisches, kraftstoffsparendes Motor\u00f6l, das eigens f\u00fcr moderne Fahrzeuge mit DPF (Dieselpartikelfilter) und\/oder Katalysator formuliert wurde. Die exklusive Mid-SAPS-Formulierung sorgt f\u00fcr eine l\u00e4ngere Lebensdauer. Diese Formulierung aus speziell ausgew\u00e4hlten Grund\u00f6len und wegweisenden Additiven gew\u00e4hrleistet folgende Eigenschaften: <\/p>\n<ul>\n<li>Kraftstoffeinsparung<\/li>\n<li>Weniger Verbrennungsr\u00fcckst\u00e4nde (Mid-SAPS)<\/li>\n<li>Zuverl\u00e4ssige Kaltstarts<\/li>\n<li>Zuverl\u00e4ssiger Schmierfilm auch bei hohen Betriebstemperaturen<\/li>\n<li>Verl\u00e4ngerte \u00d6lwechselintervalle<\/li>\n<li>Hervorragende Dispersions- und Detergenswirkung<\/li>\n<li>Sehr wirkungsvoller Schutz vor Verschlei\u00df, Korrosion und Schaumbildung<\/li>\n<\/ul>\n<h4>Produktdaten<\/h4>\n<ul>\n<li>ACEA C2, C3<\/li>\n<li>API SP<\/li>\n<li>BMW Longlife-04<\/li>\n<li>MB-Approval 229.51\/229.52<\/li>\n<li>Opel OV 040 1547 &#8211; D30 \/ G30<\/li>\n<li>MB 229.31<\/li>\n<li>Fiat 9.55535-S1<\/li>\n<li>GM dexos 2<\/li>\n<li>VW 505.00 \/ 505.01<\/li>\n<\/ul>\n<h4>Typische Standardanalysen<\/h4>\n<table class=\"table analyse-table\">\n<tr>\n<td>Dichte bei 15 \u00b0C<\/td>\n<td>\n<b>0,852<\/b>  kg\/l<\/td>\n<\/tr>\n<tr>\n<td>Viskosit\u00e4t -30 \u00b0C<\/td>\n<td>\n<b>5890<\/b>  mPa.s<\/td>\n<\/tr>\n<tr>\n<td>Viskosit\u00e4t 40 \u00b0C<\/td>\n<td>\n<b>72,00<\/b>  mm\u00b2\/s<\/td>\n<\/tr>\n<tr>\n<td>Viskosit\u00e4t 100 \u00b0C<\/td>\n<td>\n<b>12,20<\/b>  mm\u00b2\/s<\/td>\n<\/tr>\n<tr>\n<td>Viskosit\u00e4tsindex<\/td>\n<td>\n<b>168<\/b> <\/td>\n<\/tr>\n<tr>\n<td>Flammpunkt COC<\/td>\n<td>\n<b>226<\/b>  \u00b0C<\/td>\n<\/tr>\n<tr>\n<td>Flie\u00dfpunkt<\/td>\n<td>\n<b>-36<\/b>  \u00b0C<\/td>\n<\/tr>\n<tr>\n<td>Basenzahl<\/td>\n<td>\n<b>7,5<\/b>  mgKOH\/g<\/td>\n<\/tr>\n<tr>\n<td>Sulfataschegehalt<\/td>\n<td>\n<b>0,74<\/b>  %<\/td>\n<\/tr>\n<\/table>\n","protected":false},"excerpt":{"rendered":"<p>Presteza MSP+ 5W-30 ist ein synthetisches, kraftstoffsparendes Motor\u00f6l. F\u00fcr Benzin- und Dieselmotoren von Pkw und Vans geeignet. Bei entsprechender Herstellervorgabe erlaubt das Produkt l\u00e4ngere \u00d6lwechselintervalle. Dieses Produkt erf\u00fcllt die Mid SAPS-Anforderungen von Mercedes-Benz (MB 229.51) und BMW (BMW LL-04). Daher eignet sich dieses Produkt bestens f\u00fcr die neuesten BMW- und MB-Modelle mit DPF (Partikelfilter) und alle \u00fcbrigen Fahrzeuge, f\u00fcr die ein ACEA C2 \/ C3 Motor\u00f6l vorgeschrieben<\/p>\n","protected":false},"featured_media":363771,"comment_status":"open","ping_status":"open","template":"","meta":[],"location":[4275,4276],"product_brand":[25894],"product_cat":[2187,9884],"product_tag":[],"class_list":{"0":"post-365947","1":"product","2":"type-product","3":"status-publish","4":"has-post-thumbnail","6":"location-aes-emmeloord","7":"location-aes-lemmer","8":"product_brand-kroon-oil","9":"product_cat-schmiermittel","10":"product_cat-kroon-oil","11":"product_shipping_class-paket-0-10-kg","13":"first","14":"onbackorder","15":"sale","16":"taxable","17":"shipping-taxable","18":"purchasable","19":"product-type-simple"},"group_of_quantity":0,"min_quantity":0,"max_quantity":"","exclude_order_quantity_value_rules":"no","exclude_category_quantity_rules":"no","combine_variations":"no","locations":[{"id":4275,"name":"AES Emmeloord","slug":"aes-emmeloord","quantity":""},{"id":4276,"name":"AES Lemmer","slug":"aes-lemmer","quantity":""}],"_links":{"self":[{"href":"https:\/\/ab-marineservice.com\/de\/wp-json\/wp\/v2\/product\/365947","targetHints":{"allow":["GET"]}}],"collection":[{"href":"https:\/\/ab-marineservice.com\/de\/wp-json\/wp\/v2\/product"}],"about":[{"href":"https:\/\/ab-marineservice.com\/de\/wp-json\/wp\/v2\/types\/product"}],"replies":[{"embeddable":true,"href":"https:\/\/ab-marineservice.com\/de\/wp-json\/wp\/v2\/comments?post=365947"}],"wp:featuredmedia":[{"embeddable":true,"href":"https:\/\/ab-marineservice.com\/de\/wp-json\/wp\/v2\/media\/363771"}],"wp:attachment":[{"href":"https:\/\/ab-marineservice.com\/de\/wp-json\/wp\/v2\/media?parent=365947"}],"wp:term":[{"taxonomy":"location","embeddable":true,"href":"https:\/\/ab-marineservice.com\/de\/wp-json\/wp\/v2\/location?post=365947"},{"taxonomy":"product_brand","embeddable":true,"href":"https:\/\/ab-marineservice.com\/de\/wp-json\/wp\/v2\/product_brand?post=365947"},{"taxonomy":"product_cat","embeddable":true,"href":"https:\/\/ab-marineservice.com\/de\/wp-json\/wp\/v2\/product_cat?post=365947"},{"taxonomy":"product_tag","embeddable":true,"href":"https:\/\/ab-marineservice.com\/de\/wp-json\/wp\/v2\/product_tag?post=365947"}],"curies":[{"name":"wp","href":"https:\/\/api.w.org\/{rel}","templated":true}]}}