{"id":365953,"date":"2025-06-15T16:31:36","date_gmt":"2025-06-15T14:31:36","guid":{"rendered":"https:\/\/ab-marineservice.com\/product\/cleansol-bio\/"},"modified":"2025-11-20T17:58:57","modified_gmt":"2025-11-20T16:58:57","slug":"cleansol-bio-2","status":"publish","type":"product","link":"https:\/\/ab-marineservice.com\/de\/produkt\/cleansol-bio-2\/","title":{"rendered":"Cleansol Bio \u2013 20 Liter"},"content":{"rendered":"<p>Cleansol Bio ist ein wirkungsvolles, wasserbasiertes Entfettungsmittel. Es stellt eine fast neutrale Mikroemulsion dar, die frei von Kohlenwasserstoffen ist. Cleansol Bio ist ein Entfetter ohne fl\u00fcchtige Substanzen. Er stellt keinerlei Brandrisiko dar und bedarf keiner Bel\u00fcftung. Er verdunstet sehr langsam und ist daher sparsam im Gebrauch. Cleansol Bio enth\u00e4lt keinerlei toxische Additive und bietet folgende Eigenschaften:<\/p>\n<ul>\n<li>Nicht brennbar<\/li>\n<li>Biologisch stark abbaubar<\/li>\n<li>Keine Rostbildung<\/li>\n<li>F\u00fcr Stahl und Buntmetalle geeignet<\/li>\n<li>Hervorragende Reinigungswirkung und sparsame Anwendung<\/li>\n<li>Kann auch effektiv mit unseren Bauteil-Waschsystemen verwendet werden, die die Fl\u00fcssigkeit auf 41 \u00b0C erw\u00e4rmen<\/li>\n<\/ul>\n<h4>Typische Standardanalysen<\/h4>\n<table class=\"table analyse-table\">\n<tr>\n<td>Dichte bei 15 \u00b0C<\/td>\n<td>\n<b>1,020<\/b>  kg\/l<\/td>\n<\/tr>\n<\/table>\n","protected":false},"excerpt":{"rendered":"<p>Gebrauchsanweisung:<br \/>&#8211; Unverd\u00fcnnt verwenden<br \/>&#8211; Mit Pinsel oder Zerst\u00e4uber auftragen oder Teil eintauchen<br \/>&#8211; Einziehen lassen<br \/>&#8211; Mit Wasser sp\u00fclen<br \/>&#8211; Vollst\u00e4ndig trocknen bzw. mit Druckluft abblasen, um Korrosion zu verhindern<\/p>\n<p>Die Reinigungswirkung wird durch Erw\u00e4rmen der Fl\u00fcssigkeit deutlich verst\u00e4rkt. Max. Einwirkungstemperatur: 45\u02daC. ACHTUNG! Nach Gebrauch nicht in die Kanalisation oder in Gew\u00e4sser leiten!<\/p>\n","protected":false},"featured_media":363795,"comment_status":"open","ping_status":"closed","template":"","meta":[],"location":[4275,4276],"product_brand":[25894],"product_cat":[2187,9884],"product_tag":[],"class_list":{"0":"post-365953","1":"product","2":"type-product","3":"status-publish","4":"has-post-thumbnail","6":"location-aes-emmeloord","7":"location-aes-lemmer","8":"product_brand-kroon-oil","9":"product_cat-schmiermittel","10":"product_cat-kroon-oil","11":"product_shipping_class-paket-0-10-kg","13":"first","14":"onbackorder","15":"sale","16":"taxable","17":"shipping-taxable","18":"purchasable","19":"product-type-simple"},"group_of_quantity":0,"min_quantity":0,"max_quantity":"","exclude_order_quantity_value_rules":"no","exclude_category_quantity_rules":"no","combine_variations":"no","locations":[{"id":4275,"name":"AES Emmeloord","slug":"aes-emmeloord","quantity":""},{"id":4276,"name":"AES Lemmer","slug":"aes-lemmer","quantity":""}],"_links":{"self":[{"href":"https:\/\/ab-marineservice.com\/de\/wp-json\/wp\/v2\/product\/365953","targetHints":{"allow":["GET"]}}],"collection":[{"href":"https:\/\/ab-marineservice.com\/de\/wp-json\/wp\/v2\/product"}],"about":[{"href":"https:\/\/ab-marineservice.com\/de\/wp-json\/wp\/v2\/types\/product"}],"replies":[{"embeddable":true,"href":"https:\/\/ab-marineservice.com\/de\/wp-json\/wp\/v2\/comments?post=365953"}],"wp:featuredmedia":[{"embeddable":true,"href":"https:\/\/ab-marineservice.com\/de\/wp-json\/wp\/v2\/media\/363795"}],"wp:attachment":[{"href":"https:\/\/ab-marineservice.com\/de\/wp-json\/wp\/v2\/media?parent=365953"}],"wp:term":[{"taxonomy":"location","embeddable":true,"href":"https:\/\/ab-marineservice.com\/de\/wp-json\/wp\/v2\/location?post=365953"},{"taxonomy":"product_brand","embeddable":true,"href":"https:\/\/ab-marineservice.com\/de\/wp-json\/wp\/v2\/product_brand?post=365953"},{"taxonomy":"product_cat","embeddable":true,"href":"https:\/\/ab-marineservice.com\/de\/wp-json\/wp\/v2\/product_cat?post=365953"},{"taxonomy":"product_tag","embeddable":true,"href":"https:\/\/ab-marineservice.com\/de\/wp-json\/wp\/v2\/product_tag?post=365953"}],"curies":[{"name":"wp","href":"https:\/\/api.w.org\/{rel}","templated":true}]}}