{"id":365962,"date":"2025-06-15T16:31:36","date_gmt":"2025-06-15T14:31:36","guid":{"rendered":"https:\/\/ab-marineservice.com\/product\/elvado-lsp-5w-30\/"},"modified":"2025-11-20T17:58:54","modified_gmt":"2025-11-20T16:58:54","slug":"elvado-lsp-5w-30-3","status":"publish","type":"product","link":"https:\/\/ab-marineservice.com\/de\/produkt\/elvado-lsp-5w-30-3\/","title":{"rendered":"Elvado LSP 5W-30 \u2013 60 Liter"},"content":{"rendered":"<p>Elvado LSP 5W-30 ist ein modernes synthetisches und kraftstoffsparendes Motor\u00f6l mit der neuesten Low-SAPS-Technologie f\u00fcr Fahrzeuge mit Partikelfilter und\/oder Katalysator. Die Low-SAPS-Formulierung sorgt f\u00fcr eine l\u00e4ngere Lebensdauer. Diese Formulierung aus ausgew\u00e4hlten, synthetischen Grund\u00f6len und wegweisenden Additiven bietet folgende Eigenschaften: <\/p>\n<ul>\n<li>Kraftstoffeinsparung<\/li>\n<li>Weniger Verbrennungsr\u00fcckst\u00e4nde aufgrund reduzierten Schwefelaschegehalts (Low-SAPS)<\/li>\n<li>L\u00e4ngere Lebensdauer von Partikelfiltern und Katalysatoren<\/li>\n<li>Zuverl\u00e4ssige Kaltstarts<\/li>\n<li>Sicherer Schmierfilm auch bei hohen Betriebstemperaturen<\/li>\n<li>Verl\u00e4ngerte \u00d6lwechselintervalle<\/li>\n<li>Starke Dispersions- und Detergenswirkung<\/li>\n<li>Sehr wirkungsvoller Schutz vor Verschlei\u00df, Korrosion und Schaumbildung<\/li>\n<\/ul>\n<h4>Produktdaten<\/h4>\n<ul>\n<li>ACEA C1<\/li>\n<li>Jaguar Land Rover STJLR.03.5005<\/li>\n<li>Ford WSS-M2C934-B<\/li>\n<\/ul>\n<h4>Typische Standardanalysen<\/h4>\n<table class=\"table analyse-table\">\n<tr>\n<td>Dichte bei 15 \u00b0C<\/td>\n<td>\n<b>0,851<\/b>  kg\/l<\/td>\n<\/tr>\n<tr>\n<td>Viskosit\u00e4t -30 \u00b0C<\/td>\n<td>\n<b>3900<\/b>  mPa.s<\/td>\n<\/tr>\n<tr>\n<td>Viskosit\u00e4t 40 \u00b0C<\/td>\n<td>\n<b>52,50<\/b>  mm\u00b2\/s<\/td>\n<\/tr>\n<tr>\n<td>Viskosit\u00e4t 100 \u00b0C<\/td>\n<td>\n<b>9,46<\/b>  mm\u00b2\/s<\/td>\n<\/tr>\n<tr>\n<td>Viskosit\u00e4tsindex<\/td>\n<td>\n<b>166<\/b> <\/td>\n<\/tr>\n<tr>\n<td>Flammpunkt COC<\/td>\n<td>\n<b>224<\/b>  \u00b0C<\/td>\n<\/tr>\n<tr>\n<td>Flie\u00dfpunkt<\/td>\n<td>\n<b>-39<\/b>  \u00b0C<\/td>\n<\/tr>\n<tr>\n<td>Basenzahl<\/td>\n<td>\n<b>6,6<\/b>  mgKOH\/g<\/td>\n<\/tr>\n<tr>\n<td>Sulfataschegehalt<\/td>\n<td>\n<b>0,45<\/b>  %<\/td>\n<\/tr>\n<\/table>\n","protected":false},"excerpt":{"rendered":"<p>Elvado LSP 5W-30 ist ein Motor\u00f6l f\u00fcr alle modernen PKW und Transporter mit Partikelfilter und\/oder Katalysator. Die spezielle Low-SAPS-Formulierung sorgt f\u00fcr eine l\u00e4ngere Lebensdauer. Bei entsprechender Zulassung durch den Hersteller erlaubt das Produkt verl\u00e4ngerte \u00d6lwechselintervalle. Elvado LSP 5W-30 eignet sich speziell f\u00fcr die neuesten Mazda-Modelle mit Partikelfilter. Gleicherma\u00dfen ist es f\u00fcr andere Fahrzeuge eine gute Wahl, f\u00fcr die ein ACEA C1 Motor\u00f6l vorgeschrieben ist.<\/p>\n","protected":false},"featured_media":363831,"comment_status":"open","ping_status":"open","template":"","meta":[],"location":[4275,4276],"product_brand":[25894],"product_cat":[2187,9884],"product_tag":[],"class_list":{"0":"post-365962","1":"product","2":"type-product","3":"status-publish","4":"has-post-thumbnail","6":"location-aes-emmeloord","7":"location-aes-lemmer","8":"product_brand-kroon-oil","9":"product_cat-schmiermittel","10":"product_cat-kroon-oil","11":"product_shipping_class-paket-0-10-kg","13":"first","14":"onbackorder","15":"sale","16":"taxable","17":"shipping-taxable","18":"purchasable","19":"product-type-simple"},"group_of_quantity":0,"min_quantity":0,"max_quantity":"","exclude_order_quantity_value_rules":"no","exclude_category_quantity_rules":"no","combine_variations":"no","locations":[{"id":4275,"name":"AES Emmeloord","slug":"aes-emmeloord","quantity":""},{"id":4276,"name":"AES Lemmer","slug":"aes-lemmer","quantity":""}],"_links":{"self":[{"href":"https:\/\/ab-marineservice.com\/de\/wp-json\/wp\/v2\/product\/365962","targetHints":{"allow":["GET"]}}],"collection":[{"href":"https:\/\/ab-marineservice.com\/de\/wp-json\/wp\/v2\/product"}],"about":[{"href":"https:\/\/ab-marineservice.com\/de\/wp-json\/wp\/v2\/types\/product"}],"replies":[{"embeddable":true,"href":"https:\/\/ab-marineservice.com\/de\/wp-json\/wp\/v2\/comments?post=365962"}],"wp:featuredmedia":[{"embeddable":true,"href":"https:\/\/ab-marineservice.com\/de\/wp-json\/wp\/v2\/media\/363831"}],"wp:attachment":[{"href":"https:\/\/ab-marineservice.com\/de\/wp-json\/wp\/v2\/media?parent=365962"}],"wp:term":[{"taxonomy":"location","embeddable":true,"href":"https:\/\/ab-marineservice.com\/de\/wp-json\/wp\/v2\/location?post=365962"},{"taxonomy":"product_brand","embeddable":true,"href":"https:\/\/ab-marineservice.com\/de\/wp-json\/wp\/v2\/product_brand?post=365962"},{"taxonomy":"product_cat","embeddable":true,"href":"https:\/\/ab-marineservice.com\/de\/wp-json\/wp\/v2\/product_cat?post=365962"},{"taxonomy":"product_tag","embeddable":true,"href":"https:\/\/ab-marineservice.com\/de\/wp-json\/wp\/v2\/product_tag?post=365962"}],"curies":[{"name":"wp","href":"https:\/\/api.w.org\/{rel}","templated":true}]}}