{"id":365968,"date":"2025-06-15T16:32:28","date_gmt":"2025-06-15T14:32:28","guid":{"rendered":"https:\/\/ab-marineservice.com\/product\/atlantic-4t-25w-40\/"},"modified":"2025-11-20T17:58:35","modified_gmt":"2025-11-20T16:58:35","slug":"atlantic-4t-25w-40-2","status":"publish","type":"product","link":"https:\/\/ab-marineservice.com\/de\/produkt\/atlantic-4t-25w-40-2\/","title":{"rendered":"Atlantic 4T 25W-40 \u2013 208 Liter"},"content":{"rendered":"<p>Atlantic 4T 25W-40 wurde speziell f\u00fcr Viertakt-Innen- und Au\u00dfenborder konzipiert. Atlantic 4T 25W-40 basiert auf Premium-Grund\u00f6len, die durch Spezialadditive erg\u00e4nzt werden, die folgende Eigenschaften gew\u00e4hrleisten: <\/p>\n<ul>\n<li>Effektive Schmierung aller Motorteile<\/li>\n<li>Sehr starke Detergenswirkung, die f\u00fcr einen sauberen Motor sorgt.<\/li>\n<li>Gute Kaltstarteigenschaften<\/li>\n<li>Sehr wirkungsvoller Schutz vor Korrosion, Oxidation und Verschlei\u00df<\/li>\n<li>Au\u00dfergew\u00f6hnliche Scherstabilit\u00e4t<\/li>\n<\/ul>\n<h4>Produktdaten<\/h4>\n<ul>\n<li>NMMA FC-W<\/li>\n<\/ul>\n<h4>Typische Standardanalysen<\/h4>\n<table class=\"table analyse-table\">\n<tr>\n<td>Dichte bei 15 \u00b0C<\/td>\n<td>\n<b>0,876<\/b>  kg\/l<\/td>\n<\/tr>\n<tr>\n<td>Viskosit\u00e4t -10 \u00b0C<\/td>\n<td>\n<b>6200<\/b>  mPa.s<\/td>\n<\/tr>\n<tr>\n<td>Viskosit\u00e4t 40 \u00b0C<\/td>\n<td>\n<b>140,00<\/b>  mm\u00b2\/s<\/td>\n<\/tr>\n<tr>\n<td>Viskosit\u00e4t 100 \u00b0C<\/td>\n<td>\n<b>14,90<\/b>  mm\u00b2\/s<\/td>\n<\/tr>\n<tr>\n<td>Viskosit\u00e4tsindex<\/td>\n<td>\n<b>107<\/b> <\/td>\n<\/tr>\n<tr>\n<td>Flammpunkt COC<\/td>\n<td>\n<b>242<\/b>  \u00b0C<\/td>\n<\/tr>\n<tr>\n<td>Flie\u00dfpunkt<\/td>\n<td>\n<b>-27<\/b>  \u00b0C<\/td>\n<\/tr>\n<tr>\n<td>Basenzahl<\/td>\n<td>\n<b>7,4<\/b>  mgKOH\/g<\/td>\n<\/tr>\n<tr>\n<td>Sulfataschegehalt<\/td>\n<td>\n<b>0,79<\/b>  %<\/td>\n<\/tr>\n<\/table>\n","protected":false},"excerpt":{"rendered":"<p>Atlantic 4T 25W-40 wurde speziell f\u00fcr hochdrehende Heavy-Duty-Innen- und Au\u00dfenborder konzipiert. Da Viertakt-Au\u00dfenbordmotoren andere Anforderungen an Motor\u00f6l stellen, ist dieses \u00d6l nicht f\u00fcr Kraftfahrzeuge geeignet.<\/p>\n","protected":false},"featured_media":363855,"comment_status":"open","ping_status":"open","template":"","meta":[],"location":[4275,4276],"product_brand":[25894],"product_cat":[2187,9884],"product_tag":[],"class_list":{"0":"post-365968","1":"product","2":"type-product","3":"status-publish","4":"has-post-thumbnail","6":"location-aes-emmeloord","7":"location-aes-lemmer","8":"product_brand-kroon-oil","9":"product_cat-schmiermittel","10":"product_cat-kroon-oil","11":"product_shipping_class-palettenversand","13":"first","14":"onbackorder","15":"sale","16":"taxable","17":"shipping-taxable","18":"purchasable","19":"product-type-simple"},"group_of_quantity":0,"min_quantity":0,"max_quantity":"","exclude_order_quantity_value_rules":"no","exclude_category_quantity_rules":"no","combine_variations":"no","locations":[{"id":4275,"name":"AES Emmeloord","slug":"aes-emmeloord","quantity":""},{"id":4276,"name":"AES Lemmer","slug":"aes-lemmer","quantity":""}],"_links":{"self":[{"href":"https:\/\/ab-marineservice.com\/de\/wp-json\/wp\/v2\/product\/365968","targetHints":{"allow":["GET"]}}],"collection":[{"href":"https:\/\/ab-marineservice.com\/de\/wp-json\/wp\/v2\/product"}],"about":[{"href":"https:\/\/ab-marineservice.com\/de\/wp-json\/wp\/v2\/types\/product"}],"replies":[{"embeddable":true,"href":"https:\/\/ab-marineservice.com\/de\/wp-json\/wp\/v2\/comments?post=365968"}],"wp:featuredmedia":[{"embeddable":true,"href":"https:\/\/ab-marineservice.com\/de\/wp-json\/wp\/v2\/media\/363855"}],"wp:attachment":[{"href":"https:\/\/ab-marineservice.com\/de\/wp-json\/wp\/v2\/media?parent=365968"}],"wp:term":[{"taxonomy":"location","embeddable":true,"href":"https:\/\/ab-marineservice.com\/de\/wp-json\/wp\/v2\/location?post=365968"},{"taxonomy":"product_brand","embeddable":true,"href":"https:\/\/ab-marineservice.com\/de\/wp-json\/wp\/v2\/product_brand?post=365968"},{"taxonomy":"product_cat","embeddable":true,"href":"https:\/\/ab-marineservice.com\/de\/wp-json\/wp\/v2\/product_cat?post=365968"},{"taxonomy":"product_tag","embeddable":true,"href":"https:\/\/ab-marineservice.com\/de\/wp-json\/wp\/v2\/product_tag?post=365968"}],"curies":[{"name":"wp","href":"https:\/\/api.w.org\/{rel}","templated":true}]}}