{"id":365972,"date":"2025-06-15T16:32:28","date_gmt":"2025-06-15T14:32:28","guid":{"rendered":"https:\/\/ab-marineservice.com\/product\/drauliquid-lv-super-dot-4\/"},"modified":"2025-11-20T17:58:47","modified_gmt":"2025-11-20T16:58:47","slug":"drauliquid-lv-super-dot-4-2","status":"publish","type":"product","link":"https:\/\/ab-marineservice.com\/de\/produkt\/drauliquid-lv-super-dot-4-2\/","title":{"rendered":"Drauliquid-LV Super DOT 4 \u2013 208 Liter"},"content":{"rendered":"<p>Drauliquid-LV Super DOT 4 ist eine Premium-Bremsfl\u00fcssigkeit, die speziell f\u00fcr die elektronischen Sicherheitssysteme der neuesten Fahrzeuggeneration entwickelt wurde. Eine direkte, unmittelbare Ansprechung ist Voraussetzung, dass solche Systeme auch bei extrem niedrigen Temperaturen optimal funktionieren. Hier sind Reserven hinsichtlich der Siedepunkte verlangt. Aus diesem Grund bietet Drauliquid-LV Super DOT 4 im Vergleich zu herk\u00f6mmlichen DOT 4 Bremsfl\u00fcssigkeiten eine relativ hohe Sicherheitsmarge. Drauliquid-LV Super DOT 4 weist folgende Eigenschaften auf: <\/p>\n<ul>\n<li>Extrem niedrige Viskosit\u00e4t auch bei extrem kalter Witterung<\/li>\n<li>Hohe Siedepunkte sowohl nass als trocken<\/li>\n<li>Greift Dichtungen nicht an.<\/li>\n<li>Ausgezeichneter Korrosionsschutz<\/li>\n<\/ul>\n<h4>Produktdaten<\/h4>\n<ul>\n<li>FMVSS 116 DOT 4<\/li>\n<li>ISO 4925 Class 6<\/li>\n<li>SAE J 1704<\/li>\n<li>BMW QV 34001<\/li>\n<li>DTFR 30B100<\/li>\n<li>Ford WSS-M6C65-A2<\/li>\n<li>GMW 3356<\/li>\n<li>MB 331.0<\/li>\n<li>Toyota<\/li>\n<li>VW 501.14 (TL 766-Z)<\/li>\n<\/ul>\n<h4>Typische Standardanalysen<\/h4>\n<table class=\"table analyse-table\">\n<tr>\n<td>Dichte bei 15 \u00b0C<\/td>\n<td>\n<b>1,035<\/b>  kg\/l<\/td>\n<\/tr>\n<tr>\n<td>Viskosit\u00e4t -40 \u00b0C<\/td>\n<td>\n<b>665<\/b>  mm\u00b2\/s<\/td>\n<\/tr>\n<tr>\n<td>Viskosit\u00e4t 40 \u00b0C<\/td>\n<td>\n<b>6,40<\/b>  mm\u00b2\/s<\/td>\n<\/tr>\n<tr>\n<td>Viskosit\u00e4t 100 \u00b0C<\/td>\n<td>\n<b>2,20<\/b>  mm\u00b2\/s<\/td>\n<\/tr>\n<tr>\n<td>Flammpunkt PM<\/td>\n<td>\n<b>150<\/b>  \u00b0C<\/td>\n<\/tr>\n<tr>\n<td>Flammpunkt COC<\/td>\n<td>\n<b>110<\/b>  \u00b0C<\/td>\n<\/tr>\n<tr>\n<td>Siedepunkt (R\u00fcckflu\u00df)<\/td>\n<td>\n<b>270<\/b>  \u00b0C<\/td>\n<\/tr>\n<tr>\n<td>Na\u00df Siedepunkt<\/td>\n<td>\n<b>170<\/b>  \u00b0C<\/td>\n<\/tr>\n<\/table>\n","protected":false},"excerpt":{"rendered":"<p>Drauliquid-LV Super DOT 4 ist eine wegweisende synthetische Bremsfl\u00fcssigkeit h\u00f6chster Qualit\u00e4t mit besonders niedriger Viskosit\u00e4t. Daher eignet sich das Produkt hervorragend f\u00fcr moderne Pkw mit elektronischen Sicherheitssystemen wie ABS, ASR, ESP, EBD, BAS und deren Varianten. Drauliquid LV Super DOT 4 kann problemlos mit anderen DOT 4-Bremsfl\u00fcssigkeiten vermischt werden.<\/p>\n","protected":false},"featured_media":363871,"comment_status":"open","ping_status":"open","template":"","meta":[],"location":[4275,4276],"product_brand":[25894],"product_cat":[2187,9884],"product_tag":[],"class_list":{"0":"post-365972","1":"product","2":"type-product","3":"status-publish","4":"has-post-thumbnail","6":"location-aes-emmeloord","7":"location-aes-lemmer","8":"product_brand-kroon-oil","9":"product_cat-schmiermittel","10":"product_cat-kroon-oil","11":"product_shipping_class-paket-0-10-kg","13":"first","14":"onbackorder","15":"sale","16":"taxable","17":"shipping-taxable","18":"purchasable","19":"product-type-simple"},"group_of_quantity":0,"min_quantity":0,"max_quantity":"","exclude_order_quantity_value_rules":"no","exclude_category_quantity_rules":"no","combine_variations":"no","locations":[{"id":4275,"name":"AES Emmeloord","slug":"aes-emmeloord","quantity":""},{"id":4276,"name":"AES Lemmer","slug":"aes-lemmer","quantity":""}],"_links":{"self":[{"href":"https:\/\/ab-marineservice.com\/de\/wp-json\/wp\/v2\/product\/365972","targetHints":{"allow":["GET"]}}],"collection":[{"href":"https:\/\/ab-marineservice.com\/de\/wp-json\/wp\/v2\/product"}],"about":[{"href":"https:\/\/ab-marineservice.com\/de\/wp-json\/wp\/v2\/types\/product"}],"replies":[{"embeddable":true,"href":"https:\/\/ab-marineservice.com\/de\/wp-json\/wp\/v2\/comments?post=365972"}],"wp:featuredmedia":[{"embeddable":true,"href":"https:\/\/ab-marineservice.com\/de\/wp-json\/wp\/v2\/media\/363871"}],"wp:attachment":[{"href":"https:\/\/ab-marineservice.com\/de\/wp-json\/wp\/v2\/media?parent=365972"}],"wp:term":[{"taxonomy":"location","embeddable":true,"href":"https:\/\/ab-marineservice.com\/de\/wp-json\/wp\/v2\/location?post=365972"},{"taxonomy":"product_brand","embeddable":true,"href":"https:\/\/ab-marineservice.com\/de\/wp-json\/wp\/v2\/product_brand?post=365972"},{"taxonomy":"product_cat","embeddable":true,"href":"https:\/\/ab-marineservice.com\/de\/wp-json\/wp\/v2\/product_cat?post=365972"},{"taxonomy":"product_tag","embeddable":true,"href":"https:\/\/ab-marineservice.com\/de\/wp-json\/wp\/v2\/product_tag?post=365972"}],"curies":[{"name":"wp","href":"https:\/\/api.w.org\/{rel}","templated":true}]}}