{"id":365975,"date":"2025-06-15T16:33:20","date_gmt":"2025-06-15T14:33:20","guid":{"rendered":"https:\/\/ab-marineservice.com\/product\/ht-q9-high-grade-grease\/"},"modified":"2025-11-20T17:58:14","modified_gmt":"2025-11-20T16:58:14","slug":"ht-q9-high-grade-grease-4","status":"publish","type":"product","link":"https:\/\/ab-marineservice.com\/de\/produkt\/ht-q9-high-grade-grease-4\/","title":{"rendered":"HT Q9 High Grade Grease \u2013 50 kg"},"content":{"rendered":"<p>HT Q9 High Grade Grease ist ein blaues, hochwertiges Universalschmierfett. Es kombiniert Lithiumkomplexseife mit einem mineralischen Grund\u00f6l, das durch spezielle Verschlei\u00dfschutz-, Korrosionsschutz- und Extremdruckadditive erg\u00e4nzt wird, um folgende Eigenschaften zu erzielen:<\/p>\n<ul>\n<li>Breiter Temperaturbereich von -30 \u00b0C bis 150 \u00b0C (Spitzenwert von 220 \u00b0C)<\/li>\n<li>Sehr starke Haftf\u00e4higkeit an Metallen<\/li>\n<li>Hervorragende Stabilit\u00e4t, wodurch es eine lange Lebensdauer gew\u00e4hrleistet.<\/li>\n<li>Guter Korrosions- und Verschlei\u00dfschutz<\/li>\n<li>Ausgezeichnete Pumpbarkeit<\/li>\n<li>Ausgezeichnete EP-Hochdruckeigenschaften<\/li>\n<li>Hohe Sto\u00df-, Vibrations- und Lastfestigkeit<\/li>\n<li>Blei- und nitritfrei, enth\u00e4lt keinerlei toxische Substanzen<\/li>\n<li>Kann mit Lithiumfetten auf Mineral\u00f6lbasis vermischt werden.<\/li>\n<\/ul>\n<h4>Produktdaten<\/h4>\n<ul>\n<li>NLGI Grade 2<\/li>\n<li>ISO 12924: L-XC(F)DIB2<\/li>\n<li>DIN 51502: KP2N-30<\/li>\n<\/ul>\n<h4>Typische Standardanalysen<\/h4>\n<table class=\"table analyse-table\">\n<tr>\n<td>Walkpenetration bei 25 \u00b0C<\/td>\n<td>\n<b>265-295<\/b>  0<\/td>\n<\/tr>\n<tr>\n<td>Tropfpunkt<\/td>\n<td>\n<b>260<\/b>  \u00b0C<\/td>\n<\/tr>\n<tr>\n<td>Temperaturbereich<\/td>\n<td>\n<b>-30\/+140<\/b>  \u00b0C<\/td>\n<\/tr>\n<tr>\n<td>4-ball welding load<\/td>\n<td>\n<b>2600<\/b>  N<\/td>\n<\/tr>\n<\/table>\n","protected":false},"excerpt":{"rendered":"<p>HT Q9 High Grade Grease ist ein blaues, hochwertiges Universalfett f\u00fcr den Einsatz in der Industrie und in Fahrzeugen. Danke seiner Allround-Eigenschaften ist dieses Produkt ideal, um diverse Lager, auch durch hohe Lasten und Temperaturen (bis zu 220 \u00b0C) belastete Lager zu schmieren.<\/p>\n<p>HT Q9 High Grade Greaseist in speziellen Lube Shuttle-Kartuschen erh\u00e4ltlich. Die Lube Shuttle-Schmierpistolen k\u00f6nnen bei uns separat bestellt werden.<\/p>\n","protected":false},"featured_media":363883,"comment_status":"open","ping_status":"open","template":"","meta":[],"location":[4275,4276],"product_brand":[25894],"product_cat":[2187,9884],"product_tag":[],"class_list":{"0":"post-365975","1":"product","2":"type-product","3":"status-publish","4":"has-post-thumbnail","6":"location-aes-emmeloord","7":"location-aes-lemmer","8":"product_brand-kroon-oil","9":"product_cat-schmiermittel","10":"product_cat-kroon-oil","11":"product_shipping_class-paket-0-10-kg","13":"first","14":"onbackorder","15":"sale","16":"taxable","17":"shipping-taxable","18":"purchasable","19":"product-type-simple"},"group_of_quantity":0,"min_quantity":0,"max_quantity":"","exclude_order_quantity_value_rules":"no","exclude_category_quantity_rules":"no","combine_variations":"no","locations":[{"id":4275,"name":"AES Emmeloord","slug":"aes-emmeloord","quantity":""},{"id":4276,"name":"AES Lemmer","slug":"aes-lemmer","quantity":""}],"_links":{"self":[{"href":"https:\/\/ab-marineservice.com\/de\/wp-json\/wp\/v2\/product\/365975","targetHints":{"allow":["GET"]}}],"collection":[{"href":"https:\/\/ab-marineservice.com\/de\/wp-json\/wp\/v2\/product"}],"about":[{"href":"https:\/\/ab-marineservice.com\/de\/wp-json\/wp\/v2\/types\/product"}],"replies":[{"embeddable":true,"href":"https:\/\/ab-marineservice.com\/de\/wp-json\/wp\/v2\/comments?post=365975"}],"wp:featuredmedia":[{"embeddable":true,"href":"https:\/\/ab-marineservice.com\/de\/wp-json\/wp\/v2\/media\/363883"}],"wp:attachment":[{"href":"https:\/\/ab-marineservice.com\/de\/wp-json\/wp\/v2\/media?parent=365975"}],"wp:term":[{"taxonomy":"location","embeddable":true,"href":"https:\/\/ab-marineservice.com\/de\/wp-json\/wp\/v2\/location?post=365975"},{"taxonomy":"product_brand","embeddable":true,"href":"https:\/\/ab-marineservice.com\/de\/wp-json\/wp\/v2\/product_brand?post=365975"},{"taxonomy":"product_cat","embeddable":true,"href":"https:\/\/ab-marineservice.com\/de\/wp-json\/wp\/v2\/product_cat?post=365975"},{"taxonomy":"product_tag","embeddable":true,"href":"https:\/\/ab-marineservice.com\/de\/wp-json\/wp\/v2\/product_tag?post=365975"}],"curies":[{"name":"wp","href":"https:\/\/api.w.org\/{rel}","templated":true}]}}