{"id":365976,"date":"2025-06-15T16:33:20","date_gmt":"2025-06-15T14:33:20","guid":{"rendered":"https:\/\/ab-marineservice.com\/product\/smo-1830\/"},"modified":"2025-11-20T17:58:17","modified_gmt":"2025-11-20T16:58:17","slug":"smo-1830-3","status":"publish","type":"product","link":"https:\/\/ab-marineservice.com\/de\/produkt\/smo-1830-3\/","title":{"rendered":"SMO 1830 \u2013 20 Liter"},"content":{"rendered":"<p>SMO 1830 ist ein Mineral\u00f6l, das aus einer Mischung von ges\u00e4ttigten Paraffin- und Cycloparaffin-Kohlenwasserstoffen hergestellt ist. Durch intensives Raffinieren ist dieses \u00d6l s\u00e4urefrei und nahezu farb- und geruchlos. Aufgrund seiner hohen Reinheit eignet sich das Produkt f\u00fcr die verschiedensten Anwendungszwecke. Die praktische Dosierkappe sorgt f\u00fcr sauberes Nachf\u00fcllen ohne Versch\u00fctten. Die Kappe um 90\u00b0 verdrehen und einen Tropfen aus der Flasche quetschen.<\/p>\n<h4>Typische Standardanalysen<\/h4>\n<table class=\"table analyse-table\">\n<tr>\n<td>Dichte bei 15 \u00b0C<\/td>\n<td>\n<b>0,853<\/b>  kg\/l<\/td>\n<\/tr>\n<tr>\n<td>Viskosit\u00e4t 20 \u00b0C<\/td>\n<td>\n<b>54,00<\/b>  mm\u00b2\/s<\/td>\n<\/tr>\n<tr>\n<td>Viskosit\u00e4t 40 \u00b0C<\/td>\n<td>\n<b>22,00<\/b>  mm\u00b2\/s<\/td>\n<\/tr>\n<tr>\n<td>Viskosit\u00e4t 100 \u00b0C<\/td>\n<td>\n<b>4,40<\/b>  mm\u00b2\/s<\/td>\n<\/tr>\n<tr>\n<td>Viskosit\u00e4tsindex<\/td>\n<td>\n<b>109<\/b> <\/td>\n<\/tr>\n<tr>\n<td>Flammpunkt PM<\/td>\n<td>\n<b>101<\/b>  \u00b0C<\/td>\n<\/tr>\n<tr>\n<td>Flammpunkt COC<\/td>\n<td>\n<b>170<\/b>  \u00b0C<\/td>\n<\/tr>\n<tr>\n<td>Flie\u00dfpunkt<\/td>\n<td>\n<b>-9<\/b>  \u00b0C<\/td>\n<\/tr>\n<\/table>\n","protected":false},"excerpt":{"rendered":"<p>SMO 1830 zeichnet sich durch h\u00f6chste Reinheit und S\u00e4urefreiheit aus. Dank dieser Eigenschaften empfiehlt sich das Produkt f\u00fcr:<\/p>\n<p>&#8211; Schmierung von Feinmechanikanlagen<br \/>&#8211; N\u00e4hmaschinen und andere textilverarbeitende Maschinen<\/p>\n<p>Achtung! SMO 1830 darf nicht in der Medizin- und Nahrungsmittelindustrie verwendet werden, wo Lebensmittel in Kontakt mit \u00d6l kommen k\u00f6nnen.<\/p>\n","protected":false},"featured_media":363887,"comment_status":"open","ping_status":"open","template":"","meta":[],"location":[4275,4276],"product_brand":[25894],"product_cat":[2187,9884],"product_tag":[],"class_list":{"0":"post-365976","1":"product","2":"type-product","3":"status-publish","4":"has-post-thumbnail","6":"location-aes-emmeloord","7":"location-aes-lemmer","8":"product_brand-kroon-oil","9":"product_cat-schmiermittel","10":"product_cat-kroon-oil","11":"product_shipping_class-paket-0-10-kg","13":"first","14":"onbackorder","15":"sale","16":"taxable","17":"shipping-taxable","18":"purchasable","19":"product-type-simple"},"group_of_quantity":0,"min_quantity":0,"max_quantity":"","exclude_order_quantity_value_rules":"no","exclude_category_quantity_rules":"no","combine_variations":"no","locations":[{"id":4275,"name":"AES Emmeloord","slug":"aes-emmeloord","quantity":""},{"id":4276,"name":"AES Lemmer","slug":"aes-lemmer","quantity":""}],"_links":{"self":[{"href":"https:\/\/ab-marineservice.com\/de\/wp-json\/wp\/v2\/product\/365976","targetHints":{"allow":["GET"]}}],"collection":[{"href":"https:\/\/ab-marineservice.com\/de\/wp-json\/wp\/v2\/product"}],"about":[{"href":"https:\/\/ab-marineservice.com\/de\/wp-json\/wp\/v2\/types\/product"}],"replies":[{"embeddable":true,"href":"https:\/\/ab-marineservice.com\/de\/wp-json\/wp\/v2\/comments?post=365976"}],"wp:featuredmedia":[{"embeddable":true,"href":"https:\/\/ab-marineservice.com\/de\/wp-json\/wp\/v2\/media\/363887"}],"wp:attachment":[{"href":"https:\/\/ab-marineservice.com\/de\/wp-json\/wp\/v2\/media?parent=365976"}],"wp:term":[{"taxonomy":"location","embeddable":true,"href":"https:\/\/ab-marineservice.com\/de\/wp-json\/wp\/v2\/location?post=365976"},{"taxonomy":"product_brand","embeddable":true,"href":"https:\/\/ab-marineservice.com\/de\/wp-json\/wp\/v2\/product_brand?post=365976"},{"taxonomy":"product_cat","embeddable":true,"href":"https:\/\/ab-marineservice.com\/de\/wp-json\/wp\/v2\/product_cat?post=365976"},{"taxonomy":"product_tag","embeddable":true,"href":"https:\/\/ab-marineservice.com\/de\/wp-json\/wp\/v2\/product_tag?post=365976"}],"curies":[{"name":"wp","href":"https:\/\/api.w.org\/{rel}","templated":true}]}}