{"id":365981,"date":"2025-06-15T16:33:20","date_gmt":"2025-06-15T14:33:20","guid":{"rendered":"https:\/\/ab-marineservice.com\/product\/compound-ogl-ep-0-1\/"},"modified":"2025-11-20T17:58:00","modified_gmt":"2025-11-20T16:58:00","slug":"compound-ogl-ep-0-1-2","status":"publish","type":"product","link":"https:\/\/ab-marineservice.com\/de\/produkt\/compound-ogl-ep-0-1-2\/","title":{"rendered":"Compound OGL EP 0\/1 \u2013 18 kg"},"content":{"rendered":"<p>Caliplex OGL EP 0\/1 ist ein hochwertiges Schmierfett, das aus einem schweren Grund\u00f6l und \u201eMixed-Complex\u201c-Seife besteht. Es zeichnet sich durch spezielle Verschlei\u00dfschutz-, Korrosionsschutz- und Extremdruckadditive aus und bietet folgende Eigenschaften:<\/p>\n<ul>\n<li>Sehr starke Haftf\u00e4higkeit an Metallen<\/li>\n<li>Hervorragende mechanische Stabilit\u00e4t und dadurch lange Lebensdauer<\/li>\n<li>Wasserbest\u00e4ndigkeit<\/li>\n<li>Guter Korrosions- und Verschlei\u00dfschutz<\/li>\n<li>Ausgezeichnete Pumpbarkeit<\/li>\n<li>\u00dcberragende EP-Hochdruckeigenschaften<\/li>\n<li>Hohe Sto\u00df-, Vibrations- und Lastfestigkeit<\/li>\n<li>Blei- und nitritfrei, enth\u00e4lt keinerlei toxische Substanzen<\/li>\n<li>Maximale Verschlei\u00dfminderung<\/li>\n<\/ul>\n<h4>Produktdaten<\/h4>\n<ul>\n<li>NLGI Grade 0-1<\/li>\n<li>ISO 12924: L-XB(F)DIB0.5<\/li>\n<li>DIN 51502: OGP0.5N-20<\/li>\n<\/ul>\n<h4>Typische Standardanalysen<\/h4>\n<table class=\"table analyse-table\">\n<tr>\n<td>Walkpenetration bei 25 \u00b0C<\/td>\n<td>\n<b>340<\/b>  0<\/td>\n<\/tr>\n<tr>\n<td>Tropfpunkt<\/td>\n<td>\n<b>250<\/b>  \u00b0C<\/td>\n<\/tr>\n<tr>\n<td>Temperaturbereich<\/td>\n<td>\n<b>-25\/150<\/b>  \u00b0C<\/td>\n<\/tr>\n<tr>\n<td>Viskosit\u00e4t des Grund\u00f6ls<\/td>\n<td>\n<b>850,00<\/b>  40 \u00b0C<\/td>\n<\/tr>\n<tr>\n<td>4-ball welding load<\/td>\n<td>\n<b>7500<\/b>  N<\/td>\n<\/tr>\n<\/table>\n","protected":false},"excerpt":{"rendered":"<p>Compound OGL EP 0\/1 ist ein hochwertiges Schmierfett, das Hochdruckeinwirkung in den verschiedensten industriellen Anwendungen widerstehen kann. Compound OGL EP 0\/1 dient als Schmiermittel f\u00fcr St\u00fctzrollen und R\u00e4der, offene Schwerlastgetriebe, wie z. B. Drehkr\u00e4nze, Antriebsketten, die im Freien und bei Staub eingesetzt werden. Compound OGL EP 0\/1 bietet zudem einen besonders effektiven Korrosionsschutz.<\/p>\n","protected":false},"featured_media":363907,"comment_status":"open","ping_status":"open","template":"","meta":[],"location":[4275,4276],"product_brand":[25894],"product_cat":[2187,9884],"product_tag":[],"class_list":{"0":"post-365981","1":"product","2":"type-product","3":"status-publish","4":"has-post-thumbnail","6":"location-aes-emmeloord","7":"location-aes-lemmer","8":"product_brand-kroon-oil","9":"product_cat-schmiermittel","10":"product_cat-kroon-oil","11":"product_shipping_class-paket-0-10-kg","13":"first","14":"onbackorder","15":"sale","16":"taxable","17":"shipping-taxable","18":"purchasable","19":"product-type-simple"},"group_of_quantity":0,"min_quantity":0,"max_quantity":"","exclude_order_quantity_value_rules":"no","exclude_category_quantity_rules":"no","combine_variations":"no","locations":[{"id":4275,"name":"AES Emmeloord","slug":"aes-emmeloord","quantity":""},{"id":4276,"name":"AES Lemmer","slug":"aes-lemmer","quantity":""}],"_links":{"self":[{"href":"https:\/\/ab-marineservice.com\/de\/wp-json\/wp\/v2\/product\/365981","targetHints":{"allow":["GET"]}}],"collection":[{"href":"https:\/\/ab-marineservice.com\/de\/wp-json\/wp\/v2\/product"}],"about":[{"href":"https:\/\/ab-marineservice.com\/de\/wp-json\/wp\/v2\/types\/product"}],"replies":[{"embeddable":true,"href":"https:\/\/ab-marineservice.com\/de\/wp-json\/wp\/v2\/comments?post=365981"}],"wp:featuredmedia":[{"embeddable":true,"href":"https:\/\/ab-marineservice.com\/de\/wp-json\/wp\/v2\/media\/363907"}],"wp:attachment":[{"href":"https:\/\/ab-marineservice.com\/de\/wp-json\/wp\/v2\/media?parent=365981"}],"wp:term":[{"taxonomy":"location","embeddable":true,"href":"https:\/\/ab-marineservice.com\/de\/wp-json\/wp\/v2\/location?post=365981"},{"taxonomy":"product_brand","embeddable":true,"href":"https:\/\/ab-marineservice.com\/de\/wp-json\/wp\/v2\/product_brand?post=365981"},{"taxonomy":"product_cat","embeddable":true,"href":"https:\/\/ab-marineservice.com\/de\/wp-json\/wp\/v2\/product_cat?post=365981"},{"taxonomy":"product_tag","embeddable":true,"href":"https:\/\/ab-marineservice.com\/de\/wp-json\/wp\/v2\/product_tag?post=365981"}],"curies":[{"name":"wp","href":"https:\/\/api.w.org\/{rel}","templated":true}]}}