{"id":365983,"date":"2025-06-15T16:34:12","date_gmt":"2025-06-15T14:34:12","guid":{"rendered":"https:\/\/ab-marineservice.com\/product\/atlantic-gear-oil-75w-90\/"},"modified":"2025-11-20T17:57:02","modified_gmt":"2025-11-20T16:57:02","slug":"atlantic-gear-oil-75w-90-60-liter","status":"publish","type":"product","link":"https:\/\/ab-marineservice.com\/de\/produkt\/atlantic-gear-oil-75w-90-60-liter\/","title":{"rendered":"Atlantic Gear Oil 75W-90 \u2013 60 Liter"},"content":{"rendered":"<p>Atlantic Gear Oil 75W-90 ist ein synthetisches, blaues Getriebe\u00f6l. Dieses Produkt wurde speziell f\u00fcr den Einsatz in Au\u00dfenbordergetrieben, Propellerabtrieben und Z-Wendegetrieben formuliert. Bei der Zusammenstellung der Additivmischung wurden insbesondere die \u201enassen\u201c Betriebsbedingungen ber\u00fccksichtigt, unter denen Getriebe im Wassersport arbeiten m\u00fcssen. Dank spezieller Extremdruck-Additive resultiert ein Premium-Produkt, das u. A. folgende Eigenschaften bietet:<\/p>\n<ul>\n<li>Hohe Oxidationsfestigkeit f\u00fcr verl\u00e4ngerte Lebensdauer des \u00d6ls<\/li>\n<li>Ausgezeichneter Schutz vor Rost und Korrosion<\/li>\n<li>Hervorragende Feuchtigkeits- und Wasserbest\u00e4ndigkeit<\/li>\n<li>Niedriger Flie\u00dfpunkt<\/li>\n<li>\u00dcberlegener Verschlei\u00dfschutz<\/li>\n<li>Wirkungsvolle Schaumunterdr\u00fcckung<\/li>\n<\/ul>\n<h4>Produktdaten<\/h4>\n<ul>\n<li>API GL-4\/5<\/li>\n<li>MIL-L-2105<\/li>\n<\/ul>\n<h4>Typische Standardanalysen<\/h4>\n<table class=\"table analyse-table\">\n<tr>\n<td>Dichte bei 15 \u00b0C<\/td>\n<td>\n<b>0,879<\/b>  kg\/l<\/td>\n<\/tr>\n<tr>\n<td>Viskosit\u00e4t 40 \u00b0C<\/td>\n<td>\n<b>83,00<\/b>  mm\u00b2\/s<\/td>\n<\/tr>\n<tr>\n<td>Viskosit\u00e4t 100 \u00b0C<\/td>\n<td>\n<b>15,50<\/b>  mm\u00b2\/s<\/td>\n<\/tr>\n<tr>\n<td>Viskosit\u00e4tsindex<\/td>\n<td>\n<b>188<\/b> <\/td>\n<\/tr>\n<tr>\n<td>Flammpunkt COC<\/td>\n<td>\n<b>180<\/b>  \u00b0C<\/td>\n<\/tr>\n<tr>\n<td>Flie\u00dfpunkt<\/td>\n<td>\n<b>-48<\/b>  \u00b0C<\/td>\n<\/tr>\n<\/table>\n","protected":false},"excerpt":{"rendered":"<p>Atlantic Gear Oil 75W-90 ist ein speziell f\u00fcr die Getriebe von Wasserfahrzeugen konzipiertes Getriebe\u00f6l. Anwendungsbeispiele sind der Schraubenabtrieb von Au\u00dfenbordern oder Z-Wendegetriebe. Zur korrekten Anwendung siehe Datenbank \u201eProduktberatung\u201c.<\/p>\n","protected":false},"featured_media":363915,"comment_status":"open","ping_status":"open","template":"","meta":[],"location":[4275,4276],"product_brand":[25894],"product_cat":[2187,9884],"product_tag":[],"class_list":{"0":"post-365983","1":"product","2":"type-product","3":"status-publish","4":"has-post-thumbnail","6":"location-aes-emmeloord","7":"location-aes-lemmer","8":"product_brand-kroon-oil","9":"product_cat-schmiermittel","10":"product_cat-kroon-oil","11":"product_shipping_class-palettenversand","13":"first","14":"onbackorder","15":"sale","16":"taxable","17":"shipping-taxable","18":"purchasable","19":"product-type-simple"},"group_of_quantity":0,"min_quantity":0,"max_quantity":"","exclude_order_quantity_value_rules":"no","exclude_category_quantity_rules":"no","combine_variations":"no","locations":[{"id":4275,"name":"AES Emmeloord","slug":"aes-emmeloord","quantity":""},{"id":4276,"name":"AES Lemmer","slug":"aes-lemmer","quantity":""}],"_links":{"self":[{"href":"https:\/\/ab-marineservice.com\/de\/wp-json\/wp\/v2\/product\/365983","targetHints":{"allow":["GET"]}}],"collection":[{"href":"https:\/\/ab-marineservice.com\/de\/wp-json\/wp\/v2\/product"}],"about":[{"href":"https:\/\/ab-marineservice.com\/de\/wp-json\/wp\/v2\/types\/product"}],"replies":[{"embeddable":true,"href":"https:\/\/ab-marineservice.com\/de\/wp-json\/wp\/v2\/comments?post=365983"}],"wp:featuredmedia":[{"embeddable":true,"href":"https:\/\/ab-marineservice.com\/de\/wp-json\/wp\/v2\/media\/363915"}],"wp:attachment":[{"href":"https:\/\/ab-marineservice.com\/de\/wp-json\/wp\/v2\/media?parent=365983"}],"wp:term":[{"taxonomy":"location","embeddable":true,"href":"https:\/\/ab-marineservice.com\/de\/wp-json\/wp\/v2\/location?post=365983"},{"taxonomy":"product_brand","embeddable":true,"href":"https:\/\/ab-marineservice.com\/de\/wp-json\/wp\/v2\/product_brand?post=365983"},{"taxonomy":"product_cat","embeddable":true,"href":"https:\/\/ab-marineservice.com\/de\/wp-json\/wp\/v2\/product_cat?post=365983"},{"taxonomy":"product_tag","embeddable":true,"href":"https:\/\/ab-marineservice.com\/de\/wp-json\/wp\/v2\/product_tag?post=365983"}],"curies":[{"name":"wp","href":"https:\/\/api.w.org\/{rel}","templated":true}]}}