{"id":365986,"date":"2025-06-15T16:34:12","date_gmt":"2025-06-15T14:34:12","guid":{"rendered":"https:\/\/ab-marineservice.com\/product\/abacot-mep-synth-220\/"},"modified":"2025-11-20T17:57:14","modified_gmt":"2025-11-20T16:57:14","slug":"abacot-mep-synth-220-3","status":"publish","type":"product","link":"https:\/\/ab-marineservice.com\/de\/produkt\/abacot-mep-synth-220-3\/","title":{"rendered":"Abacot MEP Synth 220 \u2013 208 Liter"},"content":{"rendered":"<p>Abacot MEP Synth 220 ist ein speziell entwickeltes Schmiermittel f\u00fcr schwerbelastete Zahn- und Schneckenradgetriebe. Das Produkt basiert auf synthetischen Rohstoffen auf der Basis von Polyglykolen. Durch die Hinzuf\u00fcgung von Additiven (im ausgewogenen Verh\u00e4ltnis) weist das Produkt folgende Eigenschaften auf:<\/p>\n<ul>\n<li>Guten Schutz gegen \u201cVerschlei\u00df durch Einfressen\u201c, so dass das \u00d6l auch f\u00fcr schwerbelastete Getriebe geeignet ist.<\/li>\n<li>Sehr gute Stabilit\u00e4t gegen Oxidation, so dass keine Ablagerungen entstehen und eine l\u00e4ngere Lebensdauer realisiert wird.<\/li>\n<li>Starke Reduzierung von Reibungsverlusten, so dass eine h\u00f6here Leistung und niedrigere \u00d6ltemperaturen entstehen.<\/li>\n<li>Extrem hoher Viskosit\u00e4tsindex, so dass auch bei hohen Temperaturen ein guter Schmierfilm gew\u00e4hrleistet ist.<\/li>\n<li>Sehr gute Antikorrosions<\/li>\n<\/ul>\n<h4>Produktdaten<\/h4>\n<ul>\n<li>DIN 51517-3 CLP<\/li>\n<li>FZG &gt;12<\/li>\n<\/ul>\n<h4>Typische Standardanalysen<\/h4>\n<table class=\"table analyse-table\">\n<tr>\n<td>Dichte bei 15 \u00b0C<\/td>\n<td>\n<b>1,069<\/b>  kg\/l<\/td>\n<\/tr>\n<tr>\n<td>Viskosit\u00e4t 40 \u00b0C<\/td>\n<td>\n<b>220,00<\/b>  mm\u00b2\/s<\/td>\n<\/tr>\n<tr>\n<td>Viskosit\u00e4t 100 \u00b0C<\/td>\n<td>\n<b>34,30<\/b>  mm\u00b2\/s<\/td>\n<\/tr>\n<tr>\n<td>Viskosit\u00e4tsindex<\/td>\n<td>\n<b>204<\/b> <\/td>\n<\/tr>\n<tr>\n<td>Flammpunkt COC<\/td>\n<td>\n<b>268<\/b>  \u00b0C<\/td>\n<\/tr>\n<tr>\n<td>Flie\u00dfpunkt<\/td>\n<td>\n<b>-39<\/b>  \u00b0C<\/td>\n<\/tr>\n<\/table>\n","protected":false},"excerpt":{"rendered":"<p>Abacot MEP Synth 220 ist besonders geeignet f\u00fcr die Schmierung von (schwerbelasteten) Schneckenrad- und anderen mechanischen Getrieben. Durch die hohe Qualit\u00e4t ist h\u00e4ufig eine betr\u00e4chtliche Verl\u00e4ngerung des \u00d6lwechselintervalls im Vergleich mit mineralischem Schmiermittel m\u00f6glich. Abacot MEP Synth 220 kann bei Temperaturen bis zu ca. 170\u00b0C angewendet werden. Auf Grund der Zusammensetzung auf der Basis von Polyglykolen ist das Produkt zum Mischen mit den meisten anderen Schmiermittel ungeeignet.<\/p>\n","protected":false},"featured_media":363927,"comment_status":"open","ping_status":"open","template":"","meta":[],"location":[4275,4276],"product_brand":[25894],"product_cat":[2187,9884],"product_tag":[],"class_list":{"0":"post-365986","1":"product","2":"type-product","3":"status-publish","4":"has-post-thumbnail","6":"location-aes-emmeloord","7":"location-aes-lemmer","8":"product_brand-kroon-oil","9":"product_cat-schmiermittel","10":"product_cat-kroon-oil","11":"product_shipping_class-paket-0-10-kg","13":"first","14":"onbackorder","15":"sale","16":"taxable","17":"shipping-taxable","18":"purchasable","19":"product-type-simple"},"group_of_quantity":0,"min_quantity":0,"max_quantity":"","exclude_order_quantity_value_rules":"no","exclude_category_quantity_rules":"no","combine_variations":"no","locations":[{"id":4275,"name":"AES Emmeloord","slug":"aes-emmeloord","quantity":""},{"id":4276,"name":"AES Lemmer","slug":"aes-lemmer","quantity":""}],"_links":{"self":[{"href":"https:\/\/ab-marineservice.com\/de\/wp-json\/wp\/v2\/product\/365986","targetHints":{"allow":["GET"]}}],"collection":[{"href":"https:\/\/ab-marineservice.com\/de\/wp-json\/wp\/v2\/product"}],"about":[{"href":"https:\/\/ab-marineservice.com\/de\/wp-json\/wp\/v2\/types\/product"}],"replies":[{"embeddable":true,"href":"https:\/\/ab-marineservice.com\/de\/wp-json\/wp\/v2\/comments?post=365986"}],"wp:featuredmedia":[{"embeddable":true,"href":"https:\/\/ab-marineservice.com\/de\/wp-json\/wp\/v2\/media\/363927"}],"wp:attachment":[{"href":"https:\/\/ab-marineservice.com\/de\/wp-json\/wp\/v2\/media?parent=365986"}],"wp:term":[{"taxonomy":"location","embeddable":true,"href":"https:\/\/ab-marineservice.com\/de\/wp-json\/wp\/v2\/location?post=365986"},{"taxonomy":"product_brand","embeddable":true,"href":"https:\/\/ab-marineservice.com\/de\/wp-json\/wp\/v2\/product_brand?post=365986"},{"taxonomy":"product_cat","embeddable":true,"href":"https:\/\/ab-marineservice.com\/de\/wp-json\/wp\/v2\/product_cat?post=365986"},{"taxonomy":"product_tag","embeddable":true,"href":"https:\/\/ab-marineservice.com\/de\/wp-json\/wp\/v2\/product_tag?post=365986"}],"curies":[{"name":"wp","href":"https:\/\/api.w.org\/{rel}","templated":true}]}}