{"id":365993,"date":"2025-06-15T16:35:05","date_gmt":"2025-06-15T14:35:05","guid":{"rendered":"https:\/\/ab-marineservice.com\/product\/sp-gear-1071\/"},"modified":"2025-11-20T17:56:22","modified_gmt":"2025-11-20T16:56:22","slug":"sp-gear-1071-4","status":"publish","type":"product","link":"https:\/\/ab-marineservice.com\/de\/produkt\/sp-gear-1071-4\/","title":{"rendered":"SP Gear 1071 \u2013 20 Liter"},"content":{"rendered":"<p>SP Gear 1071 ist ein vollsynthetisches Premium-Getriebe\u00f6l, das speziell f\u00fcr Schaltgetriebe und Differenziale entwickelt wurde. Diese Formulierung aus synthetischen Grund\u00f6len h\u00f6chster Qualit\u00e4t und wegweisenden Additiven bietet folgende Eigenschaften:<\/p>\n<ul>\n<li>Der hohe Viskosit\u00e4tsindex gew\u00e4hrleistet bei sehr niedrigen wie hohen Betriebstemperaturen weiche, ruckfreie Gangwechsel.<\/li>\n<li>Hervorragende Oxidationsstabilit\u00e4t erm\u00f6glicht l\u00e4ngere Einsatzdauer des \u00d6ls.<\/li>\n<li>Synchronisierungen r\u00fccken sto\u00dffrei ein und aus: leichtg\u00e4ngiges Schalten dank EP-Additive.<\/li>\n<li>Spezielle Reibungsmodifikatoren reduzieren interne Reibungsverluste, wodurch Kraftstoff eingespart wird.<\/li>\n<li>Ausgezeichneter Korrosionsschutz<\/li>\n<li>Wirkungsvolle Schaumunterdr\u00fcckung<\/li>\n<\/ul>\n<h4>Produktdaten<\/h4>\n<ul>\n<li>API GL-5<\/li>\n<li>MB 235.7 (level)<\/li>\n<li>ZF TE-ML 18 (level)<\/li>\n<\/ul>\n<h4>Typische Standardanalysen<\/h4>\n<table class=\"table analyse-table\">\n<tr>\n<td>Dichte bei 15 \u00b0C<\/td>\n<td>\n<b>0,870<\/b>  kg\/l<\/td>\n<\/tr>\n<tr>\n<td>Viskosit\u00e4t 40 \u00b0C<\/td>\n<td>\n<b>81,50<\/b>  mm\u00b2\/s<\/td>\n<\/tr>\n<tr>\n<td>Viskosit\u00e4t 100 \u00b0C<\/td>\n<td>\n<b>12,10<\/b>  mm\u00b2\/s<\/td>\n<\/tr>\n<tr>\n<td>Viskosit\u00e4tsindex<\/td>\n<td>\n<b>144<\/b> <\/td>\n<\/tr>\n<tr>\n<td>Flammpunkt COC<\/td>\n<td>\n<b>190<\/b>  \u00b0C<\/td>\n<\/tr>\n<tr>\n<td>Flie\u00dfpunkt<\/td>\n<td>\n<b>-51<\/b>  \u00b0C<\/td>\n<\/tr>\n<tr>\n<td>Brookfield -40\u00b0C<\/td>\n<td>\n<b>55000<\/b>  mPa.s<\/td>\n<\/tr>\n<\/table>\n","protected":false},"excerpt":{"rendered":"<p>SP Gear 1071 ist ein kraftstoffsparendes, vollsynthetisches Getriebe\u00f6l gem\u00e4\u00df SAE 75W-85 mit \u201eSchlupfbegrenzungs&#8217; -Eigenschaften\u201c (Limited Slip). Speziell f\u00fcr Sperrdifferenziale von Mercedes Benz entwickelt, f\u00fcr die die MB-Spezifikation 235.7 vorgeschrieben ist. Auch in CVT-Getrieben (Multitronic) von Audi einsetzbar, f\u00fcr die die VW-Spezifikation VW TL 521 90 gefordert ist. Au\u00dferdem eignet sich das Produkt f\u00fcr weitere Anwendungen &#8211; konsultieren Sie dazu die Datenbank \u201eProduktberatung\u201c.<\/p>\n","protected":false},"featured_media":363955,"comment_status":"open","ping_status":"open","template":"","meta":[],"location":[4275,4276],"product_brand":[25894],"product_cat":[2187,9884],"product_tag":[],"class_list":{"0":"post-365993","1":"product","2":"type-product","3":"status-publish","4":"has-post-thumbnail","6":"location-aes-emmeloord","7":"location-aes-lemmer","8":"product_brand-kroon-oil","9":"product_cat-schmiermittel","10":"product_cat-kroon-oil","11":"product_shipping_class-paket-0-10-kg","13":"first","14":"onbackorder","15":"sale","16":"taxable","17":"shipping-taxable","18":"purchasable","19":"product-type-simple"},"group_of_quantity":0,"min_quantity":0,"max_quantity":"","exclude_order_quantity_value_rules":"no","exclude_category_quantity_rules":"no","combine_variations":"no","locations":[{"id":4275,"name":"AES Emmeloord","slug":"aes-emmeloord","quantity":""},{"id":4276,"name":"AES Lemmer","slug":"aes-lemmer","quantity":""}],"_links":{"self":[{"href":"https:\/\/ab-marineservice.com\/de\/wp-json\/wp\/v2\/product\/365993","targetHints":{"allow":["GET"]}}],"collection":[{"href":"https:\/\/ab-marineservice.com\/de\/wp-json\/wp\/v2\/product"}],"about":[{"href":"https:\/\/ab-marineservice.com\/de\/wp-json\/wp\/v2\/types\/product"}],"replies":[{"embeddable":true,"href":"https:\/\/ab-marineservice.com\/de\/wp-json\/wp\/v2\/comments?post=365993"}],"wp:featuredmedia":[{"embeddable":true,"href":"https:\/\/ab-marineservice.com\/de\/wp-json\/wp\/v2\/media\/363955"}],"wp:attachment":[{"href":"https:\/\/ab-marineservice.com\/de\/wp-json\/wp\/v2\/media?parent=365993"}],"wp:term":[{"taxonomy":"location","embeddable":true,"href":"https:\/\/ab-marineservice.com\/de\/wp-json\/wp\/v2\/location?post=365993"},{"taxonomy":"product_brand","embeddable":true,"href":"https:\/\/ab-marineservice.com\/de\/wp-json\/wp\/v2\/product_brand?post=365993"},{"taxonomy":"product_cat","embeddable":true,"href":"https:\/\/ab-marineservice.com\/de\/wp-json\/wp\/v2\/product_cat?post=365993"},{"taxonomy":"product_tag","embeddable":true,"href":"https:\/\/ab-marineservice.com\/de\/wp-json\/wp\/v2\/product_tag?post=365993"}],"curies":[{"name":"wp","href":"https:\/\/api.w.org\/{rel}","templated":true}]}}