{"id":365994,"date":"2025-06-15T16:35:05","date_gmt":"2025-06-15T14:35:05","guid":{"rendered":"https:\/\/ab-marineservice.com\/product\/sp-gear-1081\/"},"modified":"2025-11-20T17:56:25","modified_gmt":"2025-11-20T16:56:25","slug":"sp-gear-1081-2","status":"publish","type":"product","link":"https:\/\/ab-marineservice.com\/de\/produkt\/sp-gear-1081-2\/","title":{"rendered":"SP Gear 1081 \u2013 20 Liter"},"content":{"rendered":"<p>SP Gear 1081 ist ein kraftstoffsparendes Getriebe\u00f6l h\u00f6chster Qualit\u00e4t gem\u00e4\u00df SAE 75W. Perfekt f\u00fcr die Schaltgetriebe der neuesten Fahrzeuggeneration, f\u00fcr die neben Zuverl\u00e4ssigkeit und Komfort zunehmend Kraftstoffeinsparung als Attribut verlangt wird. Dank der Premium-Grund\u00f6le mit niedriger Viskosit\u00e4t und spezieller Additive werden folgende Eigenschaften erzielt:<\/p>\n<ul>\n<li>Ausgezeichnete Kraftstoffeinsparcharakteristik dank niedriger Viskosit\u00e4t<\/li>\n<li>Der hohe Viskosit\u00e4tsindex gew\u00e4hrleistet auch bei sehr niedrigen wie hohen Betriebstemperaturen weiche, ruckfreie Gangwechsel.<\/li>\n<li>Hervorragende Oxidationsstabilit\u00e4t erm\u00f6glicht l\u00e4ngere Einsatzdauer des \u00d6ls.<\/li>\n<li>Ausgezeichneter Verschlei\u00dfschutz aufgrund von exklusiven EP-Additiven<\/li>\n<li>Wirkungsvoller Schutz vor Korrosion und Schaumbildung<\/li>\n<\/ul>\n<h4>Produktdaten<\/h4>\n<ul>\n<li>API GL-4\/GL-5\/MT-1<\/li>\n<li>MIL-L-2105D\/MIL-PRF-2105E, SAE J2360<\/li>\n<li>ZF TE-ML 02B<\/li>\n<\/ul>\n<h4>Typische Standardanalysen<\/h4>\n<table class=\"table analyse-table\">\n<tr>\n<td>Dichte bei 15 \u00b0C<\/td>\n<td>\n<b>0,866<\/b>  kg\/l<\/td>\n<\/tr>\n<tr>\n<td>Viskosit\u00e4t 40 \u00b0C<\/td>\n<td>\n<b>28,70<\/b>  mm\u00b2\/s<\/td>\n<\/tr>\n<tr>\n<td>Viskosit\u00e4t 100 \u00b0C<\/td>\n<td>\n<b>5,19<\/b>  mm\u00b2\/s<\/td>\n<\/tr>\n<tr>\n<td>Viskosit\u00e4tsindex<\/td>\n<td>\n<b>111<\/b> <\/td>\n<\/tr>\n<tr>\n<td>Flammpunkt COC<\/td>\n<td>\n<b>190<\/b>  \u00b0C<\/td>\n<\/tr>\n<tr>\n<td>Flie\u00dfpunkt<\/td>\n<td>\n<b>-39<\/b>  \u00b0C<\/td>\n<\/tr>\n<tr>\n<td>Basenzahl<\/td>\n<td>\n<b>2,1<\/b>  mgKOH\/g<\/td>\n<\/tr>\n<\/table>\n","protected":false},"excerpt":{"rendered":"<p>SP Gear 1081 ist ein vielseitiges, kraftstoffsparendes Getriebe\u00f6l gem\u00e4\u00df SAE 75W. Dieses Produkt wurde speziell f\u00fcr den Einsatz in den modernen Schaltgetrieben der heutigen Pkw-Generation formuliert. Typischer Einsatzbereich sind u. A. VAG-Schaltgetriebe (Audi. VW, Seat und Skoda).<\/p>\n","protected":false},"featured_media":363959,"comment_status":"open","ping_status":"open","template":"","meta":[],"location":[4275,4276],"product_brand":[25894],"product_cat":[2187,9884],"product_tag":[],"class_list":{"0":"post-365994","1":"product","2":"type-product","3":"status-publish","4":"has-post-thumbnail","6":"location-aes-emmeloord","7":"location-aes-lemmer","8":"product_brand-kroon-oil","9":"product_cat-schmiermittel","10":"product_cat-kroon-oil","11":"product_shipping_class-paket-0-10-kg","13":"first","14":"onbackorder","15":"sale","16":"taxable","17":"shipping-taxable","18":"purchasable","19":"product-type-simple"},"group_of_quantity":0,"min_quantity":0,"max_quantity":"","exclude_order_quantity_value_rules":"no","exclude_category_quantity_rules":"no","combine_variations":"no","locations":[{"id":4275,"name":"AES Emmeloord","slug":"aes-emmeloord","quantity":""},{"id":4276,"name":"AES Lemmer","slug":"aes-lemmer","quantity":""}],"_links":{"self":[{"href":"https:\/\/ab-marineservice.com\/de\/wp-json\/wp\/v2\/product\/365994","targetHints":{"allow":["GET"]}}],"collection":[{"href":"https:\/\/ab-marineservice.com\/de\/wp-json\/wp\/v2\/product"}],"about":[{"href":"https:\/\/ab-marineservice.com\/de\/wp-json\/wp\/v2\/types\/product"}],"replies":[{"embeddable":true,"href":"https:\/\/ab-marineservice.com\/de\/wp-json\/wp\/v2\/comments?post=365994"}],"wp:featuredmedia":[{"embeddable":true,"href":"https:\/\/ab-marineservice.com\/de\/wp-json\/wp\/v2\/media\/363959"}],"wp:attachment":[{"href":"https:\/\/ab-marineservice.com\/de\/wp-json\/wp\/v2\/media?parent=365994"}],"wp:term":[{"taxonomy":"location","embeddable":true,"href":"https:\/\/ab-marineservice.com\/de\/wp-json\/wp\/v2\/location?post=365994"},{"taxonomy":"product_brand","embeddable":true,"href":"https:\/\/ab-marineservice.com\/de\/wp-json\/wp\/v2\/product_brand?post=365994"},{"taxonomy":"product_cat","embeddable":true,"href":"https:\/\/ab-marineservice.com\/de\/wp-json\/wp\/v2\/product_cat?post=365994"},{"taxonomy":"product_tag","embeddable":true,"href":"https:\/\/ab-marineservice.com\/de\/wp-json\/wp\/v2\/product_tag?post=365994"}],"curies":[{"name":"wp","href":"https:\/\/api.w.org\/{rel}","templated":true}]}}