{"id":366003,"date":"2025-06-15T16:36:27","date_gmt":"2025-06-15T14:36:27","guid":{"rendered":"https:\/\/ab-marineservice.com\/product\/drauliquid-dot-5-1\/"},"modified":"2025-11-20T17:55:55","modified_gmt":"2025-11-20T16:55:55","slug":"drauliquid-dot-5-1-3","status":"publish","type":"product","link":"https:\/\/ab-marineservice.com\/de\/produkt\/drauliquid-dot-5-1-3\/","title":{"rendered":"Drauliquid DOT 5.1 \u2013 20 Liter"},"content":{"rendered":"<p>Drauliquid DOT 5.1 ist eine synthetische Bremsfl\u00fcssigkeit mit folgenden Eigenschaften:<\/p>\n<ul>\n<li>Sehr niedriger Flie\u00dfpunkt<\/li>\n<li>Greift Dichtungen nicht an.<\/li>\n<li>Starke Korrosionshemmung<\/li>\n<li>Kann mit anderen DOT 3- und DOT 4-Bremsfl\u00fcssigkeiten vermischt werden.<\/li>\n<\/ul>\n<h4>Produktdaten<\/h4>\n<ul>\n<li>FMVSS 116 DOT 5.1<\/li>\n<li>SAE J1703, ISO 4925<\/li>\n<\/ul>\n<h4>Typische Standardanalysen<\/h4>\n<table class=\"table analyse-table\">\n<tr>\n<td>Dichte bei 15 \u00b0C<\/td>\n<td>\n<b>1,070<\/b>  kg\/l<\/td>\n<\/tr>\n<tr>\n<td>Viskosit\u00e4t -40 \u00b0C<\/td>\n<td>\n<b>776<\/b>  mm\u00b2\/s<\/td>\n<\/tr>\n<tr>\n<td>Viskosit\u00e4t 100 \u00b0C<\/td>\n<td>\n<b>2,30<\/b>  mm\u00b2\/s<\/td>\n<\/tr>\n<tr>\n<td>Flammpunkt PM<\/td>\n<td>\n<b>150<\/b>  \u00b0C<\/td>\n<\/tr>\n<tr>\n<td>Siedepunkt (R\u00fcckflu\u00df)<\/td>\n<td>\n<b>275<\/b>  \u00b0C<\/td>\n<\/tr>\n<tr>\n<td>Na\u00df Siedepunkt<\/td>\n<td>\n<b>195<\/b>  \u00b0C<\/td>\n<\/tr>\n<tr>\n<td>pH &#8211; 50%-iger Ethanoll\u00f6sung<\/td>\n<td>\n<b>8,5<\/b> <\/td>\n<\/tr>\n<\/table>\n","protected":false},"excerpt":{"rendered":"<p>Drauliquid DOT 5.1 kann in hydraulischen Bremssystemen mit Trommel- und Scheibenbremsen verwendet werden, die mit synthetischer Bremsfl\u00fcssigkeit kompatibel sind. Diese Bremsfl\u00fcssigkeit eignet sich perfekt f\u00fcr Bremssysteme mit ABS\/ASR, in denen hohe Bremssystemtemperaturen auftreten. Gleichzeitig sprechen die Bremsen auch bei sehr niedrigen Au\u00dfentemperaturen optimal an.<\/p>\n","protected":false},"featured_media":363995,"comment_status":"open","ping_status":"open","template":"","meta":[],"location":[4275,4276],"product_brand":[25894],"product_cat":[2187,9884],"product_tag":[],"class_list":{"0":"post-366003","1":"product","2":"type-product","3":"status-publish","4":"has-post-thumbnail","6":"location-aes-emmeloord","7":"location-aes-lemmer","8":"product_brand-kroon-oil","9":"product_cat-schmiermittel","10":"product_cat-kroon-oil","11":"product_shipping_class-paket-0-10-kg","13":"first","14":"onbackorder","15":"sale","16":"taxable","17":"shipping-taxable","18":"purchasable","19":"product-type-simple"},"group_of_quantity":0,"min_quantity":0,"max_quantity":"","exclude_order_quantity_value_rules":"no","exclude_category_quantity_rules":"no","combine_variations":"no","locations":[{"id":4275,"name":"AES Emmeloord","slug":"aes-emmeloord","quantity":""},{"id":4276,"name":"AES Lemmer","slug":"aes-lemmer","quantity":""}],"_links":{"self":[{"href":"https:\/\/ab-marineservice.com\/de\/wp-json\/wp\/v2\/product\/366003","targetHints":{"allow":["GET"]}}],"collection":[{"href":"https:\/\/ab-marineservice.com\/de\/wp-json\/wp\/v2\/product"}],"about":[{"href":"https:\/\/ab-marineservice.com\/de\/wp-json\/wp\/v2\/types\/product"}],"replies":[{"embeddable":true,"href":"https:\/\/ab-marineservice.com\/de\/wp-json\/wp\/v2\/comments?post=366003"}],"wp:featuredmedia":[{"embeddable":true,"href":"https:\/\/ab-marineservice.com\/de\/wp-json\/wp\/v2\/media\/363995"}],"wp:attachment":[{"href":"https:\/\/ab-marineservice.com\/de\/wp-json\/wp\/v2\/media?parent=366003"}],"wp:term":[{"taxonomy":"location","embeddable":true,"href":"https:\/\/ab-marineservice.com\/de\/wp-json\/wp\/v2\/location?post=366003"},{"taxonomy":"product_brand","embeddable":true,"href":"https:\/\/ab-marineservice.com\/de\/wp-json\/wp\/v2\/product_brand?post=366003"},{"taxonomy":"product_cat","embeddable":true,"href":"https:\/\/ab-marineservice.com\/de\/wp-json\/wp\/v2\/product_cat?post=366003"},{"taxonomy":"product_tag","embeddable":true,"href":"https:\/\/ab-marineservice.com\/de\/wp-json\/wp\/v2\/product_tag?post=366003"}],"curies":[{"name":"wp","href":"https:\/\/api.w.org\/{rel}","templated":true}]}}