{"id":366006,"date":"2025-06-15T16:36:27","date_gmt":"2025-06-15T14:36:27","guid":{"rendered":"https:\/\/ab-marineservice.com\/product\/duranza-lsp-5w-30\/"},"modified":"2025-11-20T17:56:09","modified_gmt":"2025-11-20T16:56:09","slug":"duranza-lsp-5w-30-5","status":"publish","type":"product","link":"https:\/\/ab-marineservice.com\/de\/produkt\/duranza-lsp-5w-30-5\/","title":{"rendered":"Duranza LSP 5W-30 \u2013 208 Liter"},"content":{"rendered":"<p>Duranza LSP 5W-30 ist ein modernes synthetisches und kraftstoffsparendes Motor\u00f6l mit der neuesten Low-SAPS-Technologie f\u00fcr Fahrzeuge mit DPF (Dieselpartikelfilter) und\/oder Katalysator. Diese Formulierung aus speziell ausgew\u00e4hlten, synthetischen Grund\u00f6len und wegweisenden Additiven bietet folgende Eigenschaften: <\/p>\n<ul>\n<li>Kraftstoffeinsparung<\/li>\n<li>Weniger Verbrennungsr\u00fcckst\u00e4nde aufgrund des reduzierten Schwefelaschegehalts (Low-SAPS)<\/li>\n<li>Verl\u00e4ngerte Lebensdauer von Partikelfiltern und Katalysatoren<\/li>\n<li>Zuverl\u00e4ssige Kaltstarts<\/li>\n<li>Zuverl\u00e4ssiger Schmierfilm auch bei hohen Betriebstemperaturen<\/li>\n<li>Verl\u00e4ngerte \u00d6lwechselintervalle<\/li>\n<li>Hervorragende Dispersions- und Detergenswirkung<\/li>\n<li>Sehr wirkungsvoller Schutz vor Verschlei\u00df, Korrosion und Schaumbildung<\/li>\n<\/ul>\n<h4>Produktdaten<\/h4>\n<ul>\n<li>ACEA A5\/B5, A1\/B1<\/li>\n<li>API SL\/CF<\/li>\n<li>Ford WSS-M2C913-D<\/li>\n<li>Jaguar Land Rover STJLR.03.5003<\/li>\n<li>Renault RN0700<\/li>\n<li>VW VWC 53036<\/li>\n<\/ul>\n<h4>Typische Standardanalysen<\/h4>\n<table class=\"table analyse-table\">\n<tr>\n<td>Dichte bei 15 \u00b0C<\/td>\n<td>\n<b>0,850<\/b>  kg\/l<\/td>\n<\/tr>\n<tr>\n<td>Viskosit\u00e4t -30 \u00b0C<\/td>\n<td>\n<b>3890<\/b>  mPa.s<\/td>\n<\/tr>\n<tr>\n<td>Viskosit\u00e4t 40 \u00b0C<\/td>\n<td>\n<b>54,50<\/b>  mm\u00b2\/s<\/td>\n<\/tr>\n<tr>\n<td>Viskosit\u00e4t 100 \u00b0C<\/td>\n<td>\n<b>9,90<\/b>  mm\u00b2\/s<\/td>\n<\/tr>\n<tr>\n<td>Viskosit\u00e4tsindex<\/td>\n<td>\n<b>170<\/b> <\/td>\n<\/tr>\n<tr>\n<td>Flammpunkt COC<\/td>\n<td>\n<b>220<\/b>  \u00b0C<\/td>\n<\/tr>\n<tr>\n<td>Flie\u00dfpunkt<\/td>\n<td>\n<b>-39<\/b>  \u00b0C<\/td>\n<\/tr>\n<tr>\n<td>Basenzahl<\/td>\n<td>\n<b>10,1<\/b>  mgKOH\/g<\/td>\n<\/tr>\n<tr>\n<td>Sulfataschegehalt<\/td>\n<td>\n<b>1,09<\/b>  %<\/td>\n<\/tr>\n<\/table>\n","protected":false},"excerpt":{"rendered":"<p>Duranza LSP 5W-30 ist ein synthetisches, kraftstoffsparendes Motor\u00f6l f\u00fcr die neuesten Fahrzeuggenerationen mit Dieselpartikelfilter und\/oder Katalysator. Dieses Produkt eignet sich insbesondere f\u00fcr die neuesten Baureihen von Ford-Pkw und Vans mit Dreiwege-Katalysatoren und Partikelfiltern. Es erf\u00fcllt souver\u00e4n und gleicherma\u00dfen die Vorgaben der neuen Ford-Spezifikation M2C-913-D sowie der \u00e4lteren Ford-Normen 2C-913-C, M2C-913-B und M2C-913-A.<\/p>\n","protected":false},"featured_media":364007,"comment_status":"open","ping_status":"open","template":"","meta":[],"location":[4275,4276],"product_brand":[25894],"product_cat":[2187,9884],"product_tag":[],"class_list":{"0":"post-366006","1":"product","2":"type-product","3":"status-publish","4":"has-post-thumbnail","6":"location-aes-emmeloord","7":"location-aes-lemmer","8":"product_brand-kroon-oil","9":"product_cat-schmiermittel","10":"product_cat-kroon-oil","11":"product_shipping_class-palettenversand","13":"first","14":"onbackorder","15":"sale","16":"taxable","17":"shipping-taxable","18":"purchasable","19":"product-type-simple"},"group_of_quantity":0,"min_quantity":0,"max_quantity":"","exclude_order_quantity_value_rules":"no","exclude_category_quantity_rules":"no","combine_variations":"no","locations":[{"id":4275,"name":"AES Emmeloord","slug":"aes-emmeloord","quantity":""},{"id":4276,"name":"AES Lemmer","slug":"aes-lemmer","quantity":""}],"_links":{"self":[{"href":"https:\/\/ab-marineservice.com\/de\/wp-json\/wp\/v2\/product\/366006","targetHints":{"allow":["GET"]}}],"collection":[{"href":"https:\/\/ab-marineservice.com\/de\/wp-json\/wp\/v2\/product"}],"about":[{"href":"https:\/\/ab-marineservice.com\/de\/wp-json\/wp\/v2\/types\/product"}],"replies":[{"embeddable":true,"href":"https:\/\/ab-marineservice.com\/de\/wp-json\/wp\/v2\/comments?post=366006"}],"wp:featuredmedia":[{"embeddable":true,"href":"https:\/\/ab-marineservice.com\/de\/wp-json\/wp\/v2\/media\/364007"}],"wp:attachment":[{"href":"https:\/\/ab-marineservice.com\/de\/wp-json\/wp\/v2\/media?parent=366006"}],"wp:term":[{"taxonomy":"location","embeddable":true,"href":"https:\/\/ab-marineservice.com\/de\/wp-json\/wp\/v2\/location?post=366006"},{"taxonomy":"product_brand","embeddable":true,"href":"https:\/\/ab-marineservice.com\/de\/wp-json\/wp\/v2\/product_brand?post=366006"},{"taxonomy":"product_cat","embeddable":true,"href":"https:\/\/ab-marineservice.com\/de\/wp-json\/wp\/v2\/product_cat?post=366006"},{"taxonomy":"product_tag","embeddable":true,"href":"https:\/\/ab-marineservice.com\/de\/wp-json\/wp\/v2\/product_tag?post=366006"}],"curies":[{"name":"wp","href":"https:\/\/api.w.org\/{rel}","templated":true}]}}