{"id":366007,"date":"2025-06-15T16:36:27","date_gmt":"2025-06-15T14:36:27","guid":{"rendered":"https:\/\/ab-marineservice.com\/product\/atlantic-2t-dfi\/"},"modified":"2025-11-20T17:56:13","modified_gmt":"2025-11-20T16:56:13","slug":"atlantic-2t-dfi-4","status":"publish","type":"product","link":"https:\/\/ab-marineservice.com\/de\/produkt\/atlantic-2t-dfi-4\/","title":{"rendered":"Atlantic 2T DFI \u2013 60 Liter"},"content":{"rendered":"<p>Atlantic 2T DFI ist ein hochwertiges Zweitakt-Motor\u00f6l moderne, wassergek\u00fchlte Zweitakt-Au\u00dfenborder mit Direkteinspritzung. Die Betriebstemperaturen dieser Direkteinspritzer snd sehr hoch, weshalb ein erh\u00f6htes Risiko von Kohlenstoffablagerungen und zunehmende Gefahr von Kolbenringfressern entsteht. Daher wird das Produkt aus sorgf\u00e4ltig ausgew\u00e4hlten, hochwertigen Grund\u00f6len und aschefreien 2-Takt-Spezialadditiven formuliert. Diese speziell gewichtete Formulierung gew\u00e4hrleistet folgende Eigenschaften:<\/p>\n<ul>\n<li>Hervorragendes Schmierverm\u00f6gen<\/li>\n<li>Stark minimierte Ausf\u00e4llung von Kohlenstoffen<\/li>\n<li>Weniger Verschmutzung von Z\u00fcndkerzen<\/li>\n<li>Weniger Rauchbildung<\/li>\n<li>Ausgezeichnete Detergenswirkung, \u00fcberlegener Schutz vor Verschlei\u00df und Korrosion<\/li>\n<li>Beispielhaftes Hochtemperaturverhalten<\/li>\n<\/ul>\n<h4>Produktdaten<\/h4>\n<ul>\n<li>NMMA TC-W3<\/li>\n<\/ul>\n<h4>Typische Standardanalysen<\/h4>\n<table class=\"table analyse-table\">\n<tr>\n<td>Dichte bei 15 \u00b0C<\/td>\n<td>\n<b>0,875<\/b>  kg\/l<\/td>\n<\/tr>\n<tr>\n<td>Viskosit\u00e4t 40 \u00b0C<\/td>\n<td>\n<b>43,50<\/b>  mm\u00b2\/s<\/td>\n<\/tr>\n<tr>\n<td>Viskosit\u00e4t 100 \u00b0C<\/td>\n<td>\n<b>7,33<\/b>  mm\u00b2\/s<\/td>\n<\/tr>\n<tr>\n<td>Viskosit\u00e4tsindex<\/td>\n<td>\n<b>132<\/b> <\/td>\n<\/tr>\n<tr>\n<td>Flammpunkt COC<\/td>\n<td>\n<b>90<\/b>  \u00b0C<\/td>\n<\/tr>\n<tr>\n<td>Flie\u00dfpunkt<\/td>\n<td>\n<b>-42<\/b>  \u00b0C<\/td>\n<\/tr>\n<tr>\n<td>Basenzahl<\/td>\n<td>\n<b>10,6<\/b>  mgKOH\/g<\/td>\n<\/tr>\n<\/table>\n","protected":false},"excerpt":{"rendered":"<p>Atlantic 2T DFI ist ein hochwertiges, aschefreies Zweitakt-Motor\u00f6l, das speziell f\u00fcr moderne, wassergek\u00fchlte Zweitakt-Au\u00dfenborder mit Direkteinspritzung formuliert wurde. Es gew\u00e4hrleistet eine maximale Leistung des Motors \u00fcber seine gesamte Lebensdauer. Im vorgeschriebenen Verh\u00e4ltnis vermischen.<\/p>\n<p>Achtung! Atlantic 2T DFI enth\u00e4lt wesentlich mehr Additive als regul\u00e4re TC-W3-\u00d6le. Daher eignet es sich nicht f\u00fcr herk\u00f6mmliche Au\u00dfenborder, bei denen die Spezifikation NMMA TC-W3 vorgeschrieben ist.<\/p>\n","protected":false},"featured_media":364011,"comment_status":"open","ping_status":"open","template":"","meta":[],"location":[4275,4276],"product_brand":[25894],"product_cat":[2187,9884],"product_tag":[],"class_list":{"0":"post-366007","1":"product","2":"type-product","3":"status-publish","4":"has-post-thumbnail","6":"location-aes-emmeloord","7":"location-aes-lemmer","8":"product_brand-kroon-oil","9":"product_cat-schmiermittel","10":"product_cat-kroon-oil","11":"product_shipping_class-palettenversand","13":"first","14":"onbackorder","15":"sale","16":"taxable","17":"shipping-taxable","18":"purchasable","19":"product-type-simple"},"group_of_quantity":0,"min_quantity":0,"max_quantity":"","exclude_order_quantity_value_rules":"no","exclude_category_quantity_rules":"no","combine_variations":"no","locations":[{"id":4275,"name":"AES Emmeloord","slug":"aes-emmeloord","quantity":""},{"id":4276,"name":"AES Lemmer","slug":"aes-lemmer","quantity":""}],"_links":{"self":[{"href":"https:\/\/ab-marineservice.com\/de\/wp-json\/wp\/v2\/product\/366007","targetHints":{"allow":["GET"]}}],"collection":[{"href":"https:\/\/ab-marineservice.com\/de\/wp-json\/wp\/v2\/product"}],"about":[{"href":"https:\/\/ab-marineservice.com\/de\/wp-json\/wp\/v2\/types\/product"}],"replies":[{"embeddable":true,"href":"https:\/\/ab-marineservice.com\/de\/wp-json\/wp\/v2\/comments?post=366007"}],"wp:featuredmedia":[{"embeddable":true,"href":"https:\/\/ab-marineservice.com\/de\/wp-json\/wp\/v2\/media\/364011"}],"wp:attachment":[{"href":"https:\/\/ab-marineservice.com\/de\/wp-json\/wp\/v2\/media?parent=366007"}],"wp:term":[{"taxonomy":"location","embeddable":true,"href":"https:\/\/ab-marineservice.com\/de\/wp-json\/wp\/v2\/location?post=366007"},{"taxonomy":"product_brand","embeddable":true,"href":"https:\/\/ab-marineservice.com\/de\/wp-json\/wp\/v2\/product_brand?post=366007"},{"taxonomy":"product_cat","embeddable":true,"href":"https:\/\/ab-marineservice.com\/de\/wp-json\/wp\/v2\/product_cat?post=366007"},{"taxonomy":"product_tag","embeddable":true,"href":"https:\/\/ab-marineservice.com\/de\/wp-json\/wp\/v2\/product_tag?post=366007"}],"curies":[{"name":"wp","href":"https:\/\/api.w.org\/{rel}","templated":true}]}}