{"id":366013,"date":"2025-06-15T16:37:20","date_gmt":"2025-06-15T14:37:20","guid":{"rendered":"https:\/\/ab-marineservice.com\/product\/caliplex-hd-grease-ep-2\/"},"modified":"2025-11-20T17:55:58","modified_gmt":"2025-11-20T16:55:58","slug":"caliplex-hd-grease-ep-2-4","status":"publish","type":"product","link":"https:\/\/ab-marineservice.com\/de\/produkt\/caliplex-hd-grease-ep-2-4\/","title":{"rendered":"Caliplex HD Grease EP 2 \u2013 180 kg"},"content":{"rendered":"<p>Caliplex HD Grease EP 2 ist ein hochwertiges Schmierfett, das aus einem schweren Grund\u00f6l mit Polymeren und Lithium-Calzium-Seife besteht. Es beinhaltet spezielle Verschlei\u00dfschutz-, Korrosionsschutz- und Extremdruckadditive und bietet folgende Eigenschaften:<\/p>\n<ul>\n<li>\u00dcberlegene Haftf\u00e4higkeit an Metallen<\/li>\n<li>Effektive Kragenbildung verhindert das Eindringen von Schlamm, Schmutz und Wasser<\/li>\n<li>Ausgezeichnete Wasserbest\u00e4ndigkeit<\/li>\n<li>Hervorragende Stabilit\u00e4t, wodurch es eine lange Lebensdauer gew\u00e4hrleistet.<\/li>\n<li>Guter Korrosions- und Verschlei\u00dfschutz<\/li>\n<li>Ausgezeichnete Pumpbarkeit<\/li>\n<li>\u00dcberragende EP-Hochdruckeigenschaften<\/li>\n<li>Hohe Sto\u00df-, Vibrations- und Lastfestigkeit<\/li>\n<li>Blei- und nitritfrei, enth\u00e4lt keinerlei toxische Substanzen<\/li>\n<\/ul>\n<h4>Produktdaten<\/h4>\n<ul>\n<li>N.L.G.I. Klasse 2<\/li>\n<li>DIN 51 502, KP 2 N-25<\/li>\n<\/ul>\n<h4>Typische Standardanalysen<\/h4>\n<table class=\"table analyse-table\">\n<tr>\n<td>Walkpenetration bei 25 \u00b0C<\/td>\n<td>\n<b>280<\/b>  0<\/td>\n<\/tr>\n<tr>\n<td>Tropfpunkt<\/td>\n<td>\n<b>190<\/b>  \u00b0C<\/td>\n<\/tr>\n<tr>\n<td>Temperaturbereich<\/td>\n<td>\n<b>-25\/140<\/b>  \u00b0C<\/td>\n<\/tr>\n<tr>\n<td>Viskosit\u00e4t des Grund\u00f6ls<\/td>\n<td>\n<b>720,00<\/b>  40 \u00b0C<\/td>\n<\/tr>\n<tr>\n<td>4-ball welding load<\/td>\n<td>\n<b>3400<\/b>  N<\/td>\n<\/tr>\n<\/table>\n","protected":false},"excerpt":{"rendered":"<p>Caliplex HD Grease EP 2 ist ein hochwertiges Fett f\u00fcr Schwerlast-Anwendungen in Landwirtschaft, Tiefbau und Industrie: Einige Beispiele:<\/p>\n<p>&#8211; Stift- und Buchsengelenke in Stielen und Auslegern von Hydraulikbaggern<br \/>&#8211; St\u00fctzlager von Hauptauslegern, Auslegern von Sch\u00fcrfk\u00fcbelbaggern und Kranmasten<br \/>&#8211; F\u00fcnf- und Sechskante, Lager von Eimerkettenbaggern, Fr\u00e4skopf- und Saugbaggern<br \/>&#8211; Langsam laufende Hochlastlager in Erdbau-, Land- und Industriemaschinen<\/p>\n","protected":false},"featured_media":364035,"comment_status":"open","ping_status":"open","template":"","meta":[],"location":[4275,4276],"product_brand":[25894],"product_cat":[2187,9884],"product_tag":[],"class_list":{"0":"post-366013","1":"product","2":"type-product","3":"status-publish","4":"has-post-thumbnail","6":"location-aes-emmeloord","7":"location-aes-lemmer","8":"product_brand-kroon-oil","9":"product_cat-schmiermittel","10":"product_cat-kroon-oil","11":"product_shipping_class-paket-0-10-kg","13":"first","14":"onbackorder","15":"sale","16":"taxable","17":"shipping-taxable","18":"purchasable","19":"product-type-simple"},"group_of_quantity":0,"min_quantity":0,"max_quantity":"","exclude_order_quantity_value_rules":"no","exclude_category_quantity_rules":"no","combine_variations":"no","locations":[{"id":4275,"name":"AES Emmeloord","slug":"aes-emmeloord","quantity":""},{"id":4276,"name":"AES Lemmer","slug":"aes-lemmer","quantity":""}],"_links":{"self":[{"href":"https:\/\/ab-marineservice.com\/de\/wp-json\/wp\/v2\/product\/366013","targetHints":{"allow":["GET"]}}],"collection":[{"href":"https:\/\/ab-marineservice.com\/de\/wp-json\/wp\/v2\/product"}],"about":[{"href":"https:\/\/ab-marineservice.com\/de\/wp-json\/wp\/v2\/types\/product"}],"replies":[{"embeddable":true,"href":"https:\/\/ab-marineservice.com\/de\/wp-json\/wp\/v2\/comments?post=366013"}],"wp:featuredmedia":[{"embeddable":true,"href":"https:\/\/ab-marineservice.com\/de\/wp-json\/wp\/v2\/media\/364035"}],"wp:attachment":[{"href":"https:\/\/ab-marineservice.com\/de\/wp-json\/wp\/v2\/media?parent=366013"}],"wp:term":[{"taxonomy":"location","embeddable":true,"href":"https:\/\/ab-marineservice.com\/de\/wp-json\/wp\/v2\/location?post=366013"},{"taxonomy":"product_brand","embeddable":true,"href":"https:\/\/ab-marineservice.com\/de\/wp-json\/wp\/v2\/product_brand?post=366013"},{"taxonomy":"product_cat","embeddable":true,"href":"https:\/\/ab-marineservice.com\/de\/wp-json\/wp\/v2\/product_cat?post=366013"},{"taxonomy":"product_tag","embeddable":true,"href":"https:\/\/ab-marineservice.com\/de\/wp-json\/wp\/v2\/product_tag?post=366013"}],"curies":[{"name":"wp","href":"https:\/\/api.w.org\/{rel}","templated":true}]}}