{"id":366023,"date":"2025-06-15T16:38:14","date_gmt":"2025-06-15T14:38:14","guid":{"rendered":"https:\/\/ab-marineservice.com\/product\/drauliquid-racing\/"},"modified":"2025-11-20T17:54:52","modified_gmt":"2025-11-20T16:54:52","slug":"drauliquid-racing-2","status":"publish","type":"product","link":"https:\/\/ab-marineservice.com\/de\/produkt\/drauliquid-racing-2\/","title":{"rendered":"Drauliquid Racing \u2013 20 Liter"},"content":{"rendered":"<p>Drauliquid Racing ist eine synthetische Bremsfl\u00fcssigkeit h\u00f6chster Qualit\u00e4t. Dieses Produkt wurde eigens auf die Anforderungen des Auto- und Motorradsports wie Rallyes und Rennen ausgelegt Die extrem hohen Siedepunkte dieser Bremsfl\u00fcssigkeit gew\u00e4hrleisten auch bei h\u00f6chster Beanspruchung zus\u00e4tzliche Sicherheit. Mit seiner Kombination aus Glykolether und esterbasierten Grund\u00f6len h\u00f6chster Qualit\u00e4t mit wegweisenden Additiven bietet Drauliquid Racing folgende Vorteile:<\/p>\n<ul>\n<li>Sehr niedrige Viskosit\u00e4t f\u00fcr k\u00fcrzeste Ansprechzeiten.<\/li>\n<li>Extrem hohe Siedepunkte sowohl nass als trocken f\u00fcr gro\u00dfe Sicherheitsreserven<\/li>\n<li>Greift Dichtungen nicht an.<\/li>\n<li>Ausgezeichneter Korrosionsschutz<\/li>\n<li>Kann mit allen anderen DOT 4- und DOT 5.1-Bremsfl\u00fcssigkeiten vermischt werden.<\/li>\n<\/ul>\n<h4>Produktdaten<\/h4>\n<ul>\n<li>FMVSS 116 DOT 4<\/li>\n<li>SAE J1703\/J1704<\/li>\n<\/ul>\n<h4>Typische Standardanalysen<\/h4>\n<table class=\"table analyse-table\">\n<tr>\n<td>Dichte bei 15 \u00b0C<\/td>\n<td>\n<b>1,081<\/b>  kg\/l<\/td>\n<\/tr>\n<tr>\n<td>Viskosit\u00e4t -40 \u00b0C<\/td>\n<td>\n<b>1520<\/b>  mm\u00b2\/s<\/td>\n<\/tr>\n<tr>\n<td>Viskosit\u00e4t 100 \u00b0C<\/td>\n<td>\n<b>2,59<\/b>  mm\u00b2\/s<\/td>\n<\/tr>\n<tr>\n<td>Siedepunkt (R\u00fcckflu\u00df)<\/td>\n<td>\n<b>328<\/b>  \u00b0C<\/td>\n<\/tr>\n<tr>\n<td>Na\u00df Siedepunkt<\/td>\n<td>\n<b>204<\/b>  \u00b0C<\/td>\n<\/tr>\n<tr>\n<td>pH &#8211; Wert<\/td>\n<td>\n<b>7,1<\/b> <\/td>\n<\/tr>\n<\/table>\n","protected":false},"excerpt":{"rendered":"<p>Drauliquid Racing stellt eine Premium-Bremsfl\u00fcssigkeit dar, die speziell f\u00fcr den Motorsport entwickelt wurde. Daher ist dieses Produkt auch f\u00fcr die modernen Bremsanlagen von Sportwagen mit sehr hohen Motorleistungen allererste Wahl. Drauliquid Racing kann problemlos mit anderen DOT 4- und DOT 5.1-Bremsfl\u00fcssigkeiten vermischt werden.<\/p>\n","protected":false},"featured_media":364075,"comment_status":"open","ping_status":"open","template":"","meta":[],"location":[4275,4276],"product_brand":[25894],"product_cat":[2187,9884],"product_tag":[],"class_list":{"0":"post-366023","1":"product","2":"type-product","3":"status-publish","4":"has-post-thumbnail","6":"location-aes-emmeloord","7":"location-aes-lemmer","8":"product_brand-kroon-oil","9":"product_cat-schmiermittel","10":"product_cat-kroon-oil","11":"product_shipping_class-paket-0-10-kg","13":"first","14":"onbackorder","15":"sale","16":"taxable","17":"shipping-taxable","18":"purchasable","19":"product-type-simple"},"group_of_quantity":0,"min_quantity":0,"max_quantity":"","exclude_order_quantity_value_rules":"no","exclude_category_quantity_rules":"no","combine_variations":"no","locations":[{"id":4275,"name":"AES Emmeloord","slug":"aes-emmeloord","quantity":""},{"id":4276,"name":"AES Lemmer","slug":"aes-lemmer","quantity":""}],"_links":{"self":[{"href":"https:\/\/ab-marineservice.com\/de\/wp-json\/wp\/v2\/product\/366023","targetHints":{"allow":["GET"]}}],"collection":[{"href":"https:\/\/ab-marineservice.com\/de\/wp-json\/wp\/v2\/product"}],"about":[{"href":"https:\/\/ab-marineservice.com\/de\/wp-json\/wp\/v2\/types\/product"}],"replies":[{"embeddable":true,"href":"https:\/\/ab-marineservice.com\/de\/wp-json\/wp\/v2\/comments?post=366023"}],"wp:featuredmedia":[{"embeddable":true,"href":"https:\/\/ab-marineservice.com\/de\/wp-json\/wp\/v2\/media\/364075"}],"wp:attachment":[{"href":"https:\/\/ab-marineservice.com\/de\/wp-json\/wp\/v2\/media?parent=366023"}],"wp:term":[{"taxonomy":"location","embeddable":true,"href":"https:\/\/ab-marineservice.com\/de\/wp-json\/wp\/v2\/location?post=366023"},{"taxonomy":"product_brand","embeddable":true,"href":"https:\/\/ab-marineservice.com\/de\/wp-json\/wp\/v2\/product_brand?post=366023"},{"taxonomy":"product_cat","embeddable":true,"href":"https:\/\/ab-marineservice.com\/de\/wp-json\/wp\/v2\/product_cat?post=366023"},{"taxonomy":"product_tag","embeddable":true,"href":"https:\/\/ab-marineservice.com\/de\/wp-json\/wp\/v2\/product_tag?post=366023"}],"curies":[{"name":"wp","href":"https:\/\/api.w.org\/{rel}","templated":true}]}}