{"id":366029,"date":"2025-06-15T16:38:14","date_gmt":"2025-06-15T14:38:14","guid":{"rendered":"https:\/\/ab-marineservice.com\/product\/classic-multigrade-10w-30\/"},"modified":"2025-11-20T17:55:22","modified_gmt":"2025-11-20T16:55:22","slug":"classic-multigrade-10w-30-2","status":"publish","type":"product","link":"https:\/\/ab-marineservice.com\/de\/produkt\/classic-multigrade-10w-30-2\/","title":{"rendered":"Classic Multigrade 10W-30 \u2013 60 Liter"},"content":{"rendered":"<p>Classic Multigrade 10W-30 ist ein hochwertiges mineralisches SAE 10W-30 Mehrbereichs-Motor\u00f6l f\u00fcr Otto- und Dieselmotoren in Klassikern. Dank hochwertiger mineralischer Grund\u00f6le und sorgf\u00e4ltig ausgew\u00e4hlter Additive bietet Classic Multigrade 10W-30 die folgenden Eigenschaften:<\/p>\n<ul>\n<li>Hervorragendes Schmierverm\u00f6gen<\/li>\n<li>\u00dcberlegener Verschlei\u00dfschutz<\/li>\n<li>Stabiler, hoher Viskosit\u00e4tsindex f\u00fcr den ganzj\u00e4hrigen Einsatz<\/li>\n<li>Wirkungsvoller Korrosionsschutz<\/li>\n<li>Keine Gefahr, dass sich festgesetzte Ablagerungen l\u00f6sen<\/li>\n<li>Beispielhafte Schaumunterdr\u00fcckung<\/li>\n<li>Volle Kompatibilit\u00e4t mit den Dichtungen und Gummis in Klassikern<\/li>\n<\/ul>\n<h4>Produktdaten<\/h4>\n<ul>\n<li>API SF\/CC<\/li>\n<li>CCMC G2\/D1<\/li>\n<li>Ford M2C153-C (SF\/CC)<\/li>\n<li>Ford M2C9011-A<\/li>\n<li>GM 6085M<\/li>\n<li>GM 6041M<\/li>\n<li>GM 6136M<\/li>\n<\/ul>\n<h4>Typische Standardanalysen<\/h4>\n<table class=\"table analyse-table\">\n<tr>\n<td>Dichte bei 15 \u00b0C<\/td>\n<td>\n<b>0,871<\/b>  kg\/l<\/td>\n<\/tr>\n<tr>\n<td>Viskosit\u00e4t -25 \u00b0C<\/td>\n<td>\n<b>6800<\/b>  mPa.s<\/td>\n<\/tr>\n<tr>\n<td>Viskosit\u00e4t 40 \u00b0C<\/td>\n<td>\n<b>72,00<\/b>  mm\u00b2\/s<\/td>\n<\/tr>\n<tr>\n<td>Viskosit\u00e4t 100 \u00b0C<\/td>\n<td>\n<b>11,00<\/b>  mm\u00b2\/s<\/td>\n<\/tr>\n<tr>\n<td>Viskosit\u00e4tsindex<\/td>\n<td>\n<b>139<\/b> <\/td>\n<\/tr>\n<tr>\n<td>Flammpunkt COC<\/td>\n<td>\n<b>205<\/b>  \u00b0C<\/td>\n<\/tr>\n<tr>\n<td>Flie\u00dfpunkt<\/td>\n<td>\n<b>-33<\/b>  \u00b0C<\/td>\n<\/tr>\n<tr>\n<td>Basenzahl<\/td>\n<td>\n<b>3,5<\/b>  mgKOH\/g<\/td>\n<\/tr>\n<tr>\n<td>Sulfataschegehalt<\/td>\n<td>\n<b>0,86<\/b>  %<\/td>\n<\/tr>\n<\/table>\n","protected":false},"excerpt":{"rendered":"<p>Classic Multigrade 10W-30 ist ein hochwertiges Mehrbereichs-Motor\u00f6l auf Mineral\u00f6lbasis f\u00fcr klassische Otto- und Dieselmotoren von Pkw und Vans. Classic Multigrade 10W-30 eignet sich hervorragend f\u00fcr Klassiker der 60er, 70er und fr\u00fchen 80er Jahre, die ein SAE 10W-30 Motor\u00f6l erfordern.<\/p>\n","protected":false},"featured_media":364099,"comment_status":"open","ping_status":"open","template":"","meta":[],"location":[4275,4276],"product_brand":[25894],"product_cat":[2187,9884],"product_tag":[],"class_list":{"0":"post-366029","1":"product","2":"type-product","3":"status-publish","4":"has-post-thumbnail","6":"location-aes-emmeloord","7":"location-aes-lemmer","8":"product_brand-kroon-oil","9":"product_cat-schmiermittel","10":"product_cat-kroon-oil","11":"product_shipping_class-paket-0-10-kg","13":"first","14":"onbackorder","15":"sale","16":"taxable","17":"shipping-taxable","18":"purchasable","19":"product-type-simple"},"group_of_quantity":0,"min_quantity":0,"max_quantity":"","exclude_order_quantity_value_rules":"no","exclude_category_quantity_rules":"no","combine_variations":"no","locations":[{"id":4275,"name":"AES Emmeloord","slug":"aes-emmeloord","quantity":""},{"id":4276,"name":"AES Lemmer","slug":"aes-lemmer","quantity":""}],"_links":{"self":[{"href":"https:\/\/ab-marineservice.com\/de\/wp-json\/wp\/v2\/product\/366029","targetHints":{"allow":["GET"]}}],"collection":[{"href":"https:\/\/ab-marineservice.com\/de\/wp-json\/wp\/v2\/product"}],"about":[{"href":"https:\/\/ab-marineservice.com\/de\/wp-json\/wp\/v2\/types\/product"}],"replies":[{"embeddable":true,"href":"https:\/\/ab-marineservice.com\/de\/wp-json\/wp\/v2\/comments?post=366029"}],"wp:featuredmedia":[{"embeddable":true,"href":"https:\/\/ab-marineservice.com\/de\/wp-json\/wp\/v2\/media\/364099"}],"wp:attachment":[{"href":"https:\/\/ab-marineservice.com\/de\/wp-json\/wp\/v2\/media?parent=366029"}],"wp:term":[{"taxonomy":"location","embeddable":true,"href":"https:\/\/ab-marineservice.com\/de\/wp-json\/wp\/v2\/location?post=366029"},{"taxonomy":"product_brand","embeddable":true,"href":"https:\/\/ab-marineservice.com\/de\/wp-json\/wp\/v2\/product_brand?post=366029"},{"taxonomy":"product_cat","embeddable":true,"href":"https:\/\/ab-marineservice.com\/de\/wp-json\/wp\/v2\/product_cat?post=366029"},{"taxonomy":"product_tag","embeddable":true,"href":"https:\/\/ab-marineservice.com\/de\/wp-json\/wp\/v2\/product_tag?post=366029"}],"curies":[{"name":"wp","href":"https:\/\/api.w.org\/{rel}","templated":true}]}}