{"id":366032,"date":"2025-06-15T16:38:14","date_gmt":"2025-06-15T14:38:14","guid":{"rendered":"https:\/\/ab-marineservice.com\/product\/perlus-biosynth-32\/"},"modified":"2025-11-20T17:54:47","modified_gmt":"2025-11-20T16:54:47","slug":"perlus-biosynth-32-3","status":"publish","type":"product","link":"https:\/\/ab-marineservice.com\/de\/produkt\/perlus-biosynth-32-3\/","title":{"rendered":"Perlus Biosynth 32 \u2013 20 Liter"},"content":{"rendered":"<p>Perlus Biosynth 32 ist ein hochmodernes, biologisch abbaubares Hydraulik\u00f6l auf Basis von synthetischen Estern. Speziell ausgew\u00e4hlte, synthetische Grund\u00f6le in Kombination mit modernster Additivtechnologie verleihen Perlus Biosynth 32 folgende Eigenschaften:<\/p>\n<ul>\n<li>Ausgezeichneter Schutz vor Verschlei\u00df und Korrosion: lange Lebensdauer und Zuverl\u00e4ssigkeit von Hydraulikkomponenten<\/li>\n<li>Hoher und stabiler Viskosit\u00e4tsindex: Gew\u00e4hrleistet stabile Funktion von Hydrauliksystemen unter allen Temperaturbedingungen.<\/li>\n<li>Greift Dichtungen nicht an: Kein Leckagerisiko<\/li>\n<li>Effiziente Luftfreigabe und stark minimierte Schaumneigung: Zuverl\u00e4ssigkeit auf h\u00f6chstem Niveau<\/li>\n<li>Oxidationsfestigkeit auch bei hohen Temperaturen: Langlebigkeit des Hydraulik\u00f6ls<\/li>\n<li>Effektive Wasserabweisung<\/li>\n<\/ul>\n<h4>Produktdaten<\/h4>\n<ul>\n<li>EU Ecolabel<\/li>\n<li>Swedish Standard SS 15 54 34<\/li>\n<li>ISO 15380 HEES<\/li>\n<li>Biodegradability according OECD 301 B &gt;70%<\/li>\n<\/ul>\n<h4>Typische Standardanalysen<\/h4>\n<table class=\"table analyse-table\">\n<tr>\n<td>Dichte bei 15 \u00b0C<\/td>\n<td>\n<b>0,930<\/b>  kg\/l<\/td>\n<\/tr>\n<tr>\n<td>Viskosit\u00e4t 40 \u00b0C<\/td>\n<td>\n<b>33,20<\/b>  mm\u00b2\/s<\/td>\n<\/tr>\n<tr>\n<td>Viskosit\u00e4t 100 \u00b0C<\/td>\n<td>\n<b>6,95<\/b>  mm\u00b2\/s<\/td>\n<\/tr>\n<tr>\n<td>Viskosit\u00e4tsindex<\/td>\n<td>\n<b>177<\/b> <\/td>\n<\/tr>\n<tr>\n<td>Flammpunkt COC<\/td>\n<td>\n<b>280<\/b>  \u00b0C<\/td>\n<\/tr>\n<tr>\n<td>Flie\u00dfpunkt<\/td>\n<td>\n<b>-51<\/b>  \u00b0C<\/td>\n<\/tr>\n<tr>\n<td>S\u00e4urenzahl<\/td>\n<td>\n<b>0,60<\/b>  mgKOH\/g<\/td>\n<\/tr>\n<tr>\n<td>Konduktivit\u00e4t<\/td>\n<td>\n<b>34<\/b>   pS<\/td>\n<\/tr>\n<\/table>\n","protected":false},"excerpt":{"rendered":"<p>Perlus Biosynth 32 ist ein hervorragendes Hydraulik\u00f6l f\u00fcr Schwerlast-Hydrauliksysteme, in denen hohe Dr\u00fccke und starke Temperaturschwankungen auftreten. Dieses Hydraulik\u00f6l wurde f\u00fcr Bedingungen entwickelt, unter denen ein Risiko von Umweltverschmutzung besteht sowie hohe Betriebstemperaturen zu erwarten sind.<\/p>\n","protected":false},"featured_media":364111,"comment_status":"open","ping_status":"open","template":"","meta":[],"location":[4275,4276],"product_brand":[25894],"product_cat":[2187,9884],"product_tag":[],"class_list":{"0":"post-366032","1":"product","2":"type-product","3":"status-publish","4":"has-post-thumbnail","6":"location-aes-emmeloord","7":"location-aes-lemmer","8":"product_brand-kroon-oil","9":"product_cat-schmiermittel","10":"product_cat-kroon-oil","11":"product_shipping_class-paket-0-10-kg","13":"first","14":"onbackorder","15":"sale","16":"taxable","17":"shipping-taxable","18":"purchasable","19":"product-type-simple"},"group_of_quantity":0,"min_quantity":0,"max_quantity":"","exclude_order_quantity_value_rules":"no","exclude_category_quantity_rules":"no","combine_variations":"no","locations":[{"id":4275,"name":"AES Emmeloord","slug":"aes-emmeloord","quantity":""},{"id":4276,"name":"AES Lemmer","slug":"aes-lemmer","quantity":""}],"_links":{"self":[{"href":"https:\/\/ab-marineservice.com\/de\/wp-json\/wp\/v2\/product\/366032","targetHints":{"allow":["GET"]}}],"collection":[{"href":"https:\/\/ab-marineservice.com\/de\/wp-json\/wp\/v2\/product"}],"about":[{"href":"https:\/\/ab-marineservice.com\/de\/wp-json\/wp\/v2\/types\/product"}],"replies":[{"embeddable":true,"href":"https:\/\/ab-marineservice.com\/de\/wp-json\/wp\/v2\/comments?post=366032"}],"wp:featuredmedia":[{"embeddable":true,"href":"https:\/\/ab-marineservice.com\/de\/wp-json\/wp\/v2\/media\/364111"}],"wp:attachment":[{"href":"https:\/\/ab-marineservice.com\/de\/wp-json\/wp\/v2\/media?parent=366032"}],"wp:term":[{"taxonomy":"location","embeddable":true,"href":"https:\/\/ab-marineservice.com\/de\/wp-json\/wp\/v2\/location?post=366032"},{"taxonomy":"product_brand","embeddable":true,"href":"https:\/\/ab-marineservice.com\/de\/wp-json\/wp\/v2\/product_brand?post=366032"},{"taxonomy":"product_cat","embeddable":true,"href":"https:\/\/ab-marineservice.com\/de\/wp-json\/wp\/v2\/product_cat?post=366032"},{"taxonomy":"product_tag","embeddable":true,"href":"https:\/\/ab-marineservice.com\/de\/wp-json\/wp\/v2\/product_tag?post=366032"}],"curies":[{"name":"wp","href":"https:\/\/api.w.org\/{rel}","templated":true}]}}