{"id":366035,"date":"2025-06-15T16:39:08","date_gmt":"2025-06-15T14:39:08","guid":{"rendered":"https:\/\/ab-marineservice.com\/product\/unigear-ls-gl-3-gl-5-85w-140\/"},"modified":"2025-11-20T17:54:09","modified_gmt":"2025-11-20T16:54:09","slug":"unigear-ls-gl-3-gl-5-85w-140-2","status":"publish","type":"product","link":"https:\/\/ab-marineservice.com\/de\/produkt\/unigear-ls-gl-3-gl-5-85w-140-2\/","title":{"rendered":"Unigear LS GL-3\/GL-5 85W-140 \u2013 20 Liter"},"content":{"rendered":"<p>Unigear LS GL-3\/GL-5 85W-140 ist ein universelles Antriebsstrang- und Getriebe\u00f6l, das auf hochwertigen solventraffinierten Grund\u00f6len beruht. Dank Erg\u00e4nzung durch wegweisende EP-Additive f\u00fcr Extremdruck bietet es folgende Eigenschaften: <\/p>\n<ul>\n<li>Ausgezeichnete Widerstandsf\u00e4higkeit gehen hohe Temperaturbelastung<\/li>\n<li>Sehr wirkungsvoller Schutz vor Verschlei\u00df, Korrosion und Schaumbildung<\/li>\n<li>Sehr spezielle EP-Hochdruckeigenschaften<\/li>\n<li>\u00dcberlegene Schlupfbegrenzungseigenschaften<\/li>\n<li>Sehr breiter Anwendungsbereich<\/li>\n<\/ul>\n<h4>Produktdaten<\/h4>\n<ul>\n<li>API GL-4\/GL-5\/MT-1<\/li>\n<li>MIL-L-2105D\/MIL-L-PRF-2105E, SAE J2360<\/li>\n<li>MAN 341 Z2 \/ 342 M2<\/li>\n<li>Scania STO 1:0<\/li>\n<li>ZF TE-ML 05C\/07A\/12M\/16C\/16D\/21C<\/li>\n<li>P &gt;1900 mg\/kg (Liebherr)<\/li>\n<\/ul>\n<h4>Typische Standardanalysen<\/h4>\n<table class=\"table analyse-table\">\n<tr>\n<td>Dichte bei 15 \u00b0C<\/td>\n<td>\n<b>0,914<\/b>  kg\/l<\/td>\n<\/tr>\n<tr>\n<td>Viskosit\u00e4t 40 \u00b0C<\/td>\n<td>\n<b>345,80<\/b>  mm\u00b2\/s<\/td>\n<\/tr>\n<tr>\n<td>Viskosit\u00e4t 100 \u00b0C<\/td>\n<td>\n<b>26,10<\/b>  mm\u00b2\/s<\/td>\n<\/tr>\n<tr>\n<td>Viskosit\u00e4tsindex<\/td>\n<td>\n<b>99<\/b> <\/td>\n<\/tr>\n<tr>\n<td>Flammpunkt COC<\/td>\n<td>\n<b>222<\/b>  \u00b0C<\/td>\n<\/tr>\n<tr>\n<td>Flie\u00dfpunkt<\/td>\n<td>\n<b>-18<\/b>  \u00b0C<\/td>\n<\/tr>\n<\/table>\n","protected":false},"excerpt":{"rendered":"<p>Unigear LS GL-3\/GL-5 85W-140 ist ein Antriebsstrang- und Getriebe\u00f6l, das f\u00fcr Schaltgetriebe und Differenziale in Pkw, Vans und schweren Nutzfahrzeugen entwickelt wurde. Unigear LS GL-3\/GL-5 85W-140 ist ein Universalprodukt, das sich f\u00fcr einen breiten Anwendungsbereich eignet. Dar\u00fcber hinaus bietet dieses \u00d6l hervorragende Eigenschaften f\u00fcr Schlupfbegrenzung.<\/p>\n","protected":false},"featured_media":364123,"comment_status":"open","ping_status":"open","template":"","meta":[],"location":[4275,4276],"product_brand":[25894],"product_cat":[2187,9884],"product_tag":[],"class_list":{"0":"post-366035","1":"product","2":"type-product","3":"status-publish","4":"has-post-thumbnail","6":"location-aes-emmeloord","7":"location-aes-lemmer","8":"product_brand-kroon-oil","9":"product_cat-schmiermittel","10":"product_cat-kroon-oil","11":"product_shipping_class-paket-0-10-kg","13":"first","14":"onbackorder","15":"sale","16":"taxable","17":"shipping-taxable","18":"purchasable","19":"product-type-simple"},"group_of_quantity":0,"min_quantity":0,"max_quantity":"","exclude_order_quantity_value_rules":"no","exclude_category_quantity_rules":"no","combine_variations":"no","locations":[{"id":4275,"name":"AES Emmeloord","slug":"aes-emmeloord","quantity":""},{"id":4276,"name":"AES Lemmer","slug":"aes-lemmer","quantity":""}],"_links":{"self":[{"href":"https:\/\/ab-marineservice.com\/de\/wp-json\/wp\/v2\/product\/366035","targetHints":{"allow":["GET"]}}],"collection":[{"href":"https:\/\/ab-marineservice.com\/de\/wp-json\/wp\/v2\/product"}],"about":[{"href":"https:\/\/ab-marineservice.com\/de\/wp-json\/wp\/v2\/types\/product"}],"replies":[{"embeddable":true,"href":"https:\/\/ab-marineservice.com\/de\/wp-json\/wp\/v2\/comments?post=366035"}],"wp:featuredmedia":[{"embeddable":true,"href":"https:\/\/ab-marineservice.com\/de\/wp-json\/wp\/v2\/media\/364123"}],"wp:attachment":[{"href":"https:\/\/ab-marineservice.com\/de\/wp-json\/wp\/v2\/media?parent=366035"}],"wp:term":[{"taxonomy":"location","embeddable":true,"href":"https:\/\/ab-marineservice.com\/de\/wp-json\/wp\/v2\/location?post=366035"},{"taxonomy":"product_brand","embeddable":true,"href":"https:\/\/ab-marineservice.com\/de\/wp-json\/wp\/v2\/product_brand?post=366035"},{"taxonomy":"product_cat","embeddable":true,"href":"https:\/\/ab-marineservice.com\/de\/wp-json\/wp\/v2\/product_cat?post=366035"},{"taxonomy":"product_tag","embeddable":true,"href":"https:\/\/ab-marineservice.com\/de\/wp-json\/wp\/v2\/product_tag?post=366035"}],"curies":[{"name":"wp","href":"https:\/\/api.w.org\/{rel}","templated":true}]}}