{"id":366038,"date":"2025-06-15T16:39:08","date_gmt":"2025-06-15T14:39:08","guid":{"rendered":"https:\/\/ab-marineservice.com\/product\/classic-gear-ep-90\/"},"modified":"2025-11-20T17:54:22","modified_gmt":"2025-11-20T16:54:22","slug":"classic-gear-ep-90-2","status":"publish","type":"product","link":"https:\/\/ab-marineservice.com\/de\/produkt\/classic-gear-ep-90-2\/","title":{"rendered":"Classic Gear EP 90 \u2013 60 Liter"},"content":{"rendered":"<p>Classic Gear EP 90 ist ein m\u00e4\u00dfig additiviertes SAE 90-Getriebe\u00f6l mit Extremdruckschutz, das sich f\u00fcr klassische Getriebe eignet. F\u00fcr moderne Getriebe ist oft eine niedrige Viskosit\u00e4t vorgeschrieben, um deren Anforderungen zu erf\u00fcllen. Daher eignen sie sich nur bedingt oder \u00fcberhaupt nicht f\u00fcr die Getriebe in klassischen Automobilen. Kroon-Oil hat die Produktreihe Classic Oils eigens entwickelt, um die wertvollen Oldtimer und Klassiker optimal und zuverl\u00e4ssig zu schmieren. Mineralische Premium-Grund\u00f6le und sorgf\u00e4ltig ausgew\u00e4hlte Additive verleihen Classic Gear EP 90 die folgenden Eigenschaften:<\/p>\n<ul>\n<li>Hervorragendes Schmierverm\u00f6gen<\/li>\n<li>Guter Korrosionsschutz<\/li>\n<li>Gute Extremdruckeigenschaften<\/li>\n<li>Volle Kompatibilit\u00e4t mit den Dichtungen und Gummis in Klassikern<\/li>\n<li>Gute Schaumunterdr\u00fcckung<\/li>\n<\/ul>\n<h4>Produktdaten<\/h4>\n<ul>\n<li>API GL-4<\/li>\n<li>MIL-L-2105<\/li>\n<\/ul>\n<h4>Typische Standardanalysen<\/h4>\n<table class=\"table analyse-table\">\n<tr>\n<td>Dichte bei 15 \u00b0C<\/td>\n<td>\n<b>0,895<\/b>  kg\/l<\/td>\n<\/tr>\n<tr>\n<td>Viskosit\u00e4t 40 \u00b0C<\/td>\n<td>\n<b>191,00<\/b>  mm\u00b2\/s<\/td>\n<\/tr>\n<tr>\n<td>Viskosit\u00e4t 100 \u00b0C<\/td>\n<td>\n<b>17,20<\/b>  mm\u00b2\/s<\/td>\n<\/tr>\n<tr>\n<td>Viskosit\u00e4tsindex<\/td>\n<td>\n<b>96<\/b> <\/td>\n<\/tr>\n<tr>\n<td>Flammpunkt COC<\/td>\n<td>\n<b>230<\/b>  \u00b0C<\/td>\n<\/tr>\n<tr>\n<td>Flie\u00dfpunkt<\/td>\n<td>\n<b>-15<\/b>  \u00b0C<\/td>\n<\/tr>\n<\/table>\n","protected":false},"excerpt":{"rendered":"<p>Classic Gear EP 90 ist ein SAE 90-Getriebe\u00f6l auf Mineral\u00f6lbasis. Das Produkt ist auf Schaltgetriebe und andere Getriebe in Klassikern ausgelegt, die ein m\u00e4\u00dfig additiviertes Einbereichs\u00f6l mit Extremdruckschutz (EP) der Spezifikation API GL-4 erfordern.<\/p>\n","protected":false},"featured_media":364135,"comment_status":"open","ping_status":"open","template":"","meta":[],"location":[4275,4276],"product_brand":[25894],"product_cat":[2187,9884],"product_tag":[],"class_list":{"0":"post-366038","1":"product","2":"type-product","3":"status-publish","4":"has-post-thumbnail","6":"location-aes-emmeloord","7":"location-aes-lemmer","8":"product_brand-kroon-oil","9":"product_cat-schmiermittel","10":"product_cat-kroon-oil","11":"product_shipping_class-palettenversand","13":"first","14":"onbackorder","15":"sale","16":"taxable","17":"shipping-taxable","18":"purchasable","19":"product-type-simple"},"group_of_quantity":0,"min_quantity":0,"max_quantity":"","exclude_order_quantity_value_rules":"no","exclude_category_quantity_rules":"no","combine_variations":"no","locations":[{"id":4275,"name":"AES Emmeloord","slug":"aes-emmeloord","quantity":""},{"id":4276,"name":"AES Lemmer","slug":"aes-lemmer","quantity":""}],"_links":{"self":[{"href":"https:\/\/ab-marineservice.com\/de\/wp-json\/wp\/v2\/product\/366038","targetHints":{"allow":["GET"]}}],"collection":[{"href":"https:\/\/ab-marineservice.com\/de\/wp-json\/wp\/v2\/product"}],"about":[{"href":"https:\/\/ab-marineservice.com\/de\/wp-json\/wp\/v2\/types\/product"}],"replies":[{"embeddable":true,"href":"https:\/\/ab-marineservice.com\/de\/wp-json\/wp\/v2\/comments?post=366038"}],"wp:featuredmedia":[{"embeddable":true,"href":"https:\/\/ab-marineservice.com\/de\/wp-json\/wp\/v2\/media\/364135"}],"wp:attachment":[{"href":"https:\/\/ab-marineservice.com\/de\/wp-json\/wp\/v2\/media?parent=366038"}],"wp:term":[{"taxonomy":"location","embeddable":true,"href":"https:\/\/ab-marineservice.com\/de\/wp-json\/wp\/v2\/location?post=366038"},{"taxonomy":"product_brand","embeddable":true,"href":"https:\/\/ab-marineservice.com\/de\/wp-json\/wp\/v2\/product_brand?post=366038"},{"taxonomy":"product_cat","embeddable":true,"href":"https:\/\/ab-marineservice.com\/de\/wp-json\/wp\/v2\/product_cat?post=366038"},{"taxonomy":"product_tag","embeddable":true,"href":"https:\/\/ab-marineservice.com\/de\/wp-json\/wp\/v2\/product_tag?post=366038"}],"curies":[{"name":"wp","href":"https:\/\/api.w.org\/{rel}","templated":true}]}}