{"id":366049,"date":"2025-06-15T16:40:03","date_gmt":"2025-06-15T14:40:03","guid":{"rendered":"https:\/\/ab-marineservice.com\/product\/multifleet-shpd-10w-40\/"},"modified":"2025-11-20T17:53:33","modified_gmt":"2025-11-20T16:53:33","slug":"multifleet-shpd-10w-40-3","status":"publish","type":"product","link":"https:\/\/ab-marineservice.com\/de\/produkt\/multifleet-shpd-10w-40-3\/","title":{"rendered":"Multifleet SHPD 10W-40 \u2013 20 Liter"},"content":{"rendered":"<p>Multifleet SHPD 10W-40 ist ein modernes Universalmotor\u00f6l auf Basis von solventraffinierten Premium-Grund\u00f6len, die durch spezielle Additive erg\u00e4nzt werden. Multifleet SHPD 10W-40 verf\u00fcgt \u00fcber folgende Eigenschaften:<\/p>\n<ul>\n<li>Hervorragende Detergenswirkung verhindert Ablagerungen im Hochtemperaturbereich des Motors.<\/li>\n<li>\u00c4u\u00dferst effektive Dispersionswirkung beugt Ausf\u00e4llung von Sedimenten und \u00d6lschlamm vor.<\/li>\n<li>Wirkungsvoller Schutz vor Verschlei\u00df, Korrosion und Schaumbildung<\/li>\n<li>Hoher und stabiler Viskosit\u00e4tsindex<\/li>\n<li>Niedriger Sulfataschegehalt<\/li>\n<\/ul>\n<h4>Produktdaten<\/h4>\n<ul>\n<li>ACEA A3\/B4, E7<\/li>\n<li>API CI-4 \/ SL<\/li>\n<li>Cat ECF-1-a \/ ECF-2<\/li>\n<li>Cummins CES 20077 \/ 20078<\/li>\n<li>Deutz DQC III-18<\/li>\n<li>DTFR 15B110<\/li>\n<li>MAN M 3275<\/li>\n<li>MB 228.3<\/li>\n<li>MTU Type 2<\/li>\n<li>ZF 04C \/ 05K \/ 07C \/ 07D \/ 21K<\/li>\n<\/ul>\n<h4>Typische Standardanalysen<\/h4>\n<table class=\"table analyse-table\">\n<tr>\n<td>Dichte bei 15 \u00b0C<\/td>\n<td>\n<b>0,865<\/b>  kg\/l<\/td>\n<\/tr>\n<tr>\n<td>Viskosit\u00e4t -25 \u00b0C<\/td>\n<td>\n<b>4910<\/b>  mPa.s<\/td>\n<\/tr>\n<tr>\n<td>Viskosit\u00e4t 40 \u00b0C<\/td>\n<td>\n<b>87,70<\/b>  mm\u00b2\/s<\/td>\n<\/tr>\n<tr>\n<td>Viskosit\u00e4t 100 \u00b0C<\/td>\n<td>\n<b>13,70<\/b>  mm\u00b2\/s<\/td>\n<\/tr>\n<tr>\n<td>Viskosit\u00e4tsindex<\/td>\n<td>\n<b>159<\/b> <\/td>\n<\/tr>\n<tr>\n<td>Flammpunkt COC<\/td>\n<td>\n<b>222<\/b>  \u00b0C<\/td>\n<\/tr>\n<tr>\n<td>Flie\u00dfpunkt<\/td>\n<td>\n<b>-36<\/b>  \u00b0C<\/td>\n<\/tr>\n<tr>\n<td>Basenzahl<\/td>\n<td>\n<b>11,1<\/b>  mgKOH\/g<\/td>\n<\/tr>\n<tr>\n<td>Sulfataschegehalt<\/td>\n<td>\n<b>1,43<\/b>  %<\/td>\n<\/tr>\n<\/table>\n","protected":false},"excerpt":{"rendered":"<p>Multifleet SHPD 10W-40 ist ein Universal-Schmier\u00f6l f\u00fcr Benzin- und Dieselmotoren mit und ohne Turbo, das ganzj\u00e4hrig f\u00fcr alle Betriebsbedingungen geeignet ist. <br \/>Dieses \u00d6l kann auch verwendet werden, falls der Motorhersteller verl\u00e4ngerte \u00d6lwechselintervalle (bis zu 30.000 km) zul\u00e4sst.<\/p>\n","protected":false},"featured_media":364179,"comment_status":"open","ping_status":"open","template":"","meta":[],"location":[4275,4276],"product_brand":[25894],"product_cat":[2187,9884],"product_tag":[],"class_list":{"0":"post-366049","1":"product","2":"type-product","3":"status-publish","4":"has-post-thumbnail","6":"location-aes-emmeloord","7":"location-aes-lemmer","8":"product_brand-kroon-oil","9":"product_cat-schmiermittel","10":"product_cat-kroon-oil","11":"product_shipping_class-paket-0-10-kg","13":"first","14":"onbackorder","15":"sale","16":"taxable","17":"shipping-taxable","18":"purchasable","19":"product-type-simple"},"group_of_quantity":0,"min_quantity":0,"max_quantity":"","exclude_order_quantity_value_rules":"no","exclude_category_quantity_rules":"no","combine_variations":"no","locations":[{"id":4275,"name":"AES Emmeloord","slug":"aes-emmeloord","quantity":""},{"id":4276,"name":"AES Lemmer","slug":"aes-lemmer","quantity":""}],"_links":{"self":[{"href":"https:\/\/ab-marineservice.com\/de\/wp-json\/wp\/v2\/product\/366049","targetHints":{"allow":["GET"]}}],"collection":[{"href":"https:\/\/ab-marineservice.com\/de\/wp-json\/wp\/v2\/product"}],"about":[{"href":"https:\/\/ab-marineservice.com\/de\/wp-json\/wp\/v2\/types\/product"}],"replies":[{"embeddable":true,"href":"https:\/\/ab-marineservice.com\/de\/wp-json\/wp\/v2\/comments?post=366049"}],"wp:featuredmedia":[{"embeddable":true,"href":"https:\/\/ab-marineservice.com\/de\/wp-json\/wp\/v2\/media\/364179"}],"wp:attachment":[{"href":"https:\/\/ab-marineservice.com\/de\/wp-json\/wp\/v2\/media?parent=366049"}],"wp:term":[{"taxonomy":"location","embeddable":true,"href":"https:\/\/ab-marineservice.com\/de\/wp-json\/wp\/v2\/location?post=366049"},{"taxonomy":"product_brand","embeddable":true,"href":"https:\/\/ab-marineservice.com\/de\/wp-json\/wp\/v2\/product_brand?post=366049"},{"taxonomy":"product_cat","embeddable":true,"href":"https:\/\/ab-marineservice.com\/de\/wp-json\/wp\/v2\/product_cat?post=366049"},{"taxonomy":"product_tag","embeddable":true,"href":"https:\/\/ab-marineservice.com\/de\/wp-json\/wp\/v2\/product_tag?post=366049"}],"curies":[{"name":"wp","href":"https:\/\/api.w.org\/{rel}","templated":true}]}}