{"id":366060,"date":"2025-06-15T16:41:26","date_gmt":"2025-06-15T14:41:26","guid":{"rendered":"https:\/\/ab-marineservice.com\/product\/atlantic-2t-outboard\/"},"modified":"2025-11-20T17:53:16","modified_gmt":"2025-11-20T16:53:16","slug":"atlantic-2t-outboard-4","status":"publish","type":"product","link":"https:\/\/ab-marineservice.com\/de\/produkt\/atlantic-2t-outboard-4\/","title":{"rendered":"Atlantic 2T Outboard \u2013 20 Liter"},"content":{"rendered":"<p>Atlantic 2T Outboard ist ein Zweitakt-Motor\u00f6l f\u00fcr Au\u00dfenborder, das auf ausgesuchten Premium-Grund\u00f6len basiert. Durch spezielle, aschefreie Zweitaktadditive erg\u00e4nzt, bietet es folgende Eigenschaften:<\/p>\n<ul>\n<li>Optimale Schmierung aller Motorteile<\/li>\n<li>Ausgezeichnete Detergenswirkung, \u00fcberlegener Schutz vor Verschlei\u00df und Korrosion<\/li>\n<li>Weniger Rauchbildung<\/li>\n<\/ul>\n<h4>Produktdaten<\/h4>\n<ul>\n<li>NMMA TC-W3<\/li>\n<\/ul>\n<h4>Typische Standardanalysen<\/h4>\n<table class=\"table analyse-table\">\n<tr>\n<td>Dichte bei 15 \u00b0C<\/td>\n<td>\n<b>0,876<\/b>  kg\/l<\/td>\n<\/tr>\n<tr>\n<td>Viskosit\u00e4t 40 \u00b0C<\/td>\n<td>\n<b>35,60<\/b>  mm\u00b2\/s<\/td>\n<\/tr>\n<tr>\n<td>Viskosit\u00e4t 100 \u00b0C<\/td>\n<td>\n<b>6,29<\/b>  mm\u00b2\/s<\/td>\n<\/tr>\n<tr>\n<td>Viskosit\u00e4tsindex<\/td>\n<td>\n<b>126<\/b> <\/td>\n<\/tr>\n<tr>\n<td>Flammpunkt PM<\/td>\n<td>\n<b>107<\/b>  \u00b0C<\/td>\n<\/tr>\n<tr>\n<td>Flie\u00dfpunkt<\/td>\n<td>\n<b>-30<\/b>  \u00b0C<\/td>\n<\/tr>\n<tr>\n<td>Basenzahl<\/td>\n<td>\n<b>8,7<\/b>  mgKOH\/g<\/td>\n<\/tr>\n<\/table>\n","protected":false},"excerpt":{"rendered":"<p>Atlantic 2T Outboard eignet sich f\u00fcr alle Zweitakt-Au\u00dfenbordmotoren und wird in einem Mischungsverh\u00e4ltnis von 1 Teil \u00d6l zu 50 Teilen Kraftstoff bzw. dem vom Motorhersteller vorgegebenen Verh\u00e4ltnis gemischt.<\/p>\n","protected":false},"featured_media":364223,"comment_status":"open","ping_status":"open","template":"","meta":[],"location":[4275,4276],"product_brand":[25894],"product_cat":[2187,9884],"product_tag":[],"class_list":{"0":"post-366060","1":"product","2":"type-product","3":"status-publish","4":"has-post-thumbnail","6":"location-aes-emmeloord","7":"location-aes-lemmer","8":"product_brand-kroon-oil","9":"product_cat-schmiermittel","10":"product_cat-kroon-oil","11":"product_shipping_class-paket-0-10-kg","13":"first","14":"onbackorder","15":"sale","16":"taxable","17":"shipping-taxable","18":"purchasable","19":"product-type-simple"},"group_of_quantity":0,"min_quantity":0,"max_quantity":"","exclude_order_quantity_value_rules":"no","exclude_category_quantity_rules":"no","combine_variations":"no","locations":[{"id":4275,"name":"AES Emmeloord","slug":"aes-emmeloord","quantity":""},{"id":4276,"name":"AES Lemmer","slug":"aes-lemmer","quantity":""}],"_links":{"self":[{"href":"https:\/\/ab-marineservice.com\/de\/wp-json\/wp\/v2\/product\/366060","targetHints":{"allow":["GET"]}}],"collection":[{"href":"https:\/\/ab-marineservice.com\/de\/wp-json\/wp\/v2\/product"}],"about":[{"href":"https:\/\/ab-marineservice.com\/de\/wp-json\/wp\/v2\/types\/product"}],"replies":[{"embeddable":true,"href":"https:\/\/ab-marineservice.com\/de\/wp-json\/wp\/v2\/comments?post=366060"}],"wp:featuredmedia":[{"embeddable":true,"href":"https:\/\/ab-marineservice.com\/de\/wp-json\/wp\/v2\/media\/364223"}],"wp:attachment":[{"href":"https:\/\/ab-marineservice.com\/de\/wp-json\/wp\/v2\/media?parent=366060"}],"wp:term":[{"taxonomy":"location","embeddable":true,"href":"https:\/\/ab-marineservice.com\/de\/wp-json\/wp\/v2\/location?post=366060"},{"taxonomy":"product_brand","embeddable":true,"href":"https:\/\/ab-marineservice.com\/de\/wp-json\/wp\/v2\/product_brand?post=366060"},{"taxonomy":"product_cat","embeddable":true,"href":"https:\/\/ab-marineservice.com\/de\/wp-json\/wp\/v2\/product_cat?post=366060"},{"taxonomy":"product_tag","embeddable":true,"href":"https:\/\/ab-marineservice.com\/de\/wp-json\/wp\/v2\/product_tag?post=366060"}],"curies":[{"name":"wp","href":"https:\/\/api.w.org\/{rel}","templated":true}]}}