{"id":366063,"date":"2025-06-15T16:42:21","date_gmt":"2025-06-15T14:42:21","guid":{"rendered":"https:\/\/ab-marineservice.com\/product\/agrisynth-msp-10w-40\/"},"modified":"2025-11-20T17:52:37","modified_gmt":"2025-11-20T16:52:37","slug":"agrisynth-msp-10w-40-2","status":"publish","type":"product","link":"https:\/\/ab-marineservice.com\/de\/produkt\/agrisynth-msp-10w-40-2\/","title":{"rendered":"Agrisynth MSP 10W-40 \u2013 20 Liter"},"content":{"rendered":"<p>Agrisynth MSP 10W-40 ist ein synthetisches Motor\u00f6l h\u00f6chster Qualit\u00e4t f\u00fcr die neueste Generation von Heavy-Duty-Dieselmotoren in Traktoren und Erdbewegungsmaschinen. Spezielle Mid-SAPS-Additive in Kombination mit hochwertigen Grund\u00f6len gew\u00e4hrleisten die folgenden Vorteile dieses Premium-Produkts:<\/p>\n<ul>\n<li>Niedriger Sulfatasche-, Phosphor- und Schwefelgehalt, daher voll kompatibel mit Abgasnachbehandlungssystemen moderner Motoren.<\/li>\n<li>Reduzierter Kraftstoffverbrauch<\/li>\n<li>Hervorragende Reinigungswirkung, wodurch Ablagerungen, \u00d6lschlamm und Partikelbildung auf ein Minimum reduziert werden.<\/li>\n<li>\u00dcberlegener Verschlei\u00dfschutz<\/li>\n<li>Sehr hohe Oxidationsfestigkeit und starker Korrosionsschutz<\/li>\n<\/ul>\n<h4>Produktdaten<\/h4>\n<ul>\n<li>ACEA E7, E9, E11<\/li>\n<li>API CK-4 \/ SN<\/li>\n<li>Mack EOS-4.5<\/li>\n<li>Renault VI RLD-3<\/li>\n<li>Volvo VDS-4.5<\/li>\n<li>Cat ECF-3<\/li>\n<li>Cummins CES 20086<\/li>\n<li>Detroit Diesel 93K222<\/li>\n<li>Deutz DQC III-18 LA<\/li>\n<li>DTFR 15C100<\/li>\n<li>Ford WSS M2C171-F1<\/li>\n<li>JASO DH-2<\/li>\n<li>MAN M 3775<\/li>\n<li>MB 228.31<\/li>\n<li>MTU Type 2.1<\/li>\n<\/ul>\n<h4>Typische Standardanalysen<\/h4>\n<table class=\"table analyse-table\">\n<tr>\n<td>Dichte bei 15 \u00b0C<\/td>\n<td>\n<b>0,866<\/b>  kg\/l<\/td>\n<\/tr>\n<tr>\n<td>Viskosit\u00e4t -25 \u00b0C<\/td>\n<td>\n<b>6260<\/b>  mPa.s<\/td>\n<\/tr>\n<tr>\n<td>Viskosit\u00e4t 40 \u00b0C<\/td>\n<td>\n<b>102,00<\/b>  mm\u00b2\/s<\/td>\n<\/tr>\n<tr>\n<td>Viskosit\u00e4t 100 \u00b0C<\/td>\n<td>\n<b>14,90<\/b>  mm\u00b2\/s<\/td>\n<\/tr>\n<tr>\n<td>Viskosit\u00e4tsindex<\/td>\n<td>\n<b>152<\/b> <\/td>\n<\/tr>\n<tr>\n<td>Flammpunkt COC<\/td>\n<td>\n<b>226<\/b>  \u00b0C<\/td>\n<\/tr>\n<tr>\n<td>Flie\u00dfpunkt<\/td>\n<td>\n<b>-39<\/b>  \u00b0C<\/td>\n<\/tr>\n<tr>\n<td>Basenzahl<\/td>\n<td>\n<b>9,7<\/b>  mgKOH\/g<\/td>\n<\/tr>\n<tr>\n<td>Sulfataschegehalt<\/td>\n<td>\n<b>0,99<\/b>  %<\/td>\n<\/tr>\n<\/table>\n","protected":false},"excerpt":{"rendered":"<p>Agrisynth MSP 10W-40 ist ein hochwertiges Mid-SAPS Motor\u00f6l f\u00fcr die neueste Generation der Dieselmotoren von Traktoren und Tiefbaumaschinen. Perfekt auf schadstoffarme Motoren mit oder ohne Abgasnachbehandlung (Partikelfilter und\/oder SCR-Katalysator) und\/oder Abgasr\u00fcckf\u00fchrung gem\u00e4\u00df der US-Norm Tier IIIb und Tier IIIa ausgelegt. Bei entsprechender Zulassung durch den Hersteller k\u00f6nnen die \u00d6lwechselintervalle verl\u00e4ngert werden.<\/p>\n","protected":false},"featured_media":364235,"comment_status":"open","ping_status":"open","template":"","meta":[],"location":[4275,4276],"product_brand":[25894],"product_cat":[2187,9884],"product_tag":[],"class_list":{"0":"post-366063","1":"product","2":"type-product","3":"status-publish","4":"has-post-thumbnail","6":"location-aes-emmeloord","7":"location-aes-lemmer","8":"product_brand-kroon-oil","9":"product_cat-schmiermittel","10":"product_cat-kroon-oil","11":"product_shipping_class-paket-0-10-kg","13":"first","14":"onbackorder","15":"sale","16":"taxable","17":"shipping-taxable","18":"purchasable","19":"product-type-simple"},"group_of_quantity":0,"min_quantity":0,"max_quantity":"","exclude_order_quantity_value_rules":"no","exclude_category_quantity_rules":"no","combine_variations":"no","locations":[{"id":4275,"name":"AES Emmeloord","slug":"aes-emmeloord","quantity":""},{"id":4276,"name":"AES Lemmer","slug":"aes-lemmer","quantity":""}],"_links":{"self":[{"href":"https:\/\/ab-marineservice.com\/de\/wp-json\/wp\/v2\/product\/366063","targetHints":{"allow":["GET"]}}],"collection":[{"href":"https:\/\/ab-marineservice.com\/de\/wp-json\/wp\/v2\/product"}],"about":[{"href":"https:\/\/ab-marineservice.com\/de\/wp-json\/wp\/v2\/types\/product"}],"replies":[{"embeddable":true,"href":"https:\/\/ab-marineservice.com\/de\/wp-json\/wp\/v2\/comments?post=366063"}],"wp:featuredmedia":[{"embeddable":true,"href":"https:\/\/ab-marineservice.com\/de\/wp-json\/wp\/v2\/media\/364235"}],"wp:attachment":[{"href":"https:\/\/ab-marineservice.com\/de\/wp-json\/wp\/v2\/media?parent=366063"}],"wp:term":[{"taxonomy":"location","embeddable":true,"href":"https:\/\/ab-marineservice.com\/de\/wp-json\/wp\/v2\/location?post=366063"},{"taxonomy":"product_brand","embeddable":true,"href":"https:\/\/ab-marineservice.com\/de\/wp-json\/wp\/v2\/product_brand?post=366063"},{"taxonomy":"product_cat","embeddable":true,"href":"https:\/\/ab-marineservice.com\/de\/wp-json\/wp\/v2\/product_cat?post=366063"},{"taxonomy":"product_tag","embeddable":true,"href":"https:\/\/ab-marineservice.com\/de\/wp-json\/wp\/v2\/product_tag?post=366063"}],"curies":[{"name":"wp","href":"https:\/\/api.w.org\/{rel}","templated":true}]}}