{"id":366067,"date":"2025-06-15T16:42:21","date_gmt":"2025-06-15T14:42:21","guid":{"rendered":"https:\/\/ab-marineservice.com\/product\/gearlube-racing-75w-140\/"},"modified":"2026-05-04T15:32:33","modified_gmt":"2026-05-04T13:32:33","slug":"gearlube-racing-75w-140-4","status":"publish","type":"product","link":"https:\/\/ab-marineservice.com\/de\/produkt\/gearlube-racing-75w-140-4\/","title":{"rendered":"Gearlube Racing 75W-140 \u2013 60 Liter"},"content":{"rendered":"<p>Gearlube Racing 75W-140 ist ein synthetisches Hypoidgetriebe\u00f6l mit Spezialadditiven f\u00fcr Schlupfbegrenzung. Durch die Kombination mit einem modernen, hochwirksamen Additivsystem, das auf die \u00e4u\u00dferst strikten Normen der verschiedenen Motorsportgattungen ausgelegt ist, bietet es folgende Eigenschaften:<\/p>\n<ul>\n<li>Sehr hoher Viskosit\u00e4tsindex, der gute Flie\u00dff\u00e4higkeit auch bei tiefen Temperaturen sicherstellt.<\/li>\n<li>Extrem hohe Oxidationsfestigkeit, wodurch die Produktmerkmale selbst bei hohen Betriebstemperaturen erhalten bleiben.<\/li>\n<li>Stark minimierte Schaumneigung<\/li>\n<li>\u00dcberlegener Verschlei\u00dfschutz<\/li>\n<li>Durch &#8216;limited slip\u2018-Additive auch bestens f\u00fcr Selbstsperrdifferenziale geeignet<\/li>\n<\/ul>\n<h4>Produktdaten<\/h4>\n<ul>\n<li>API GL-4\/GL-5\/MT-1<\/li>\n<\/ul>\n<h4>Typische Standardanalysen<\/h4>\n<table class=\"table analyse-table\">\n<tr>\n<td>Dichte bei 15 \u00b0C<\/td>\n<td>\n<b>0,874<\/b>  kg\/l<\/td>\n<\/tr>\n<tr>\n<td>Viskosit\u00e4t 40 \u00b0C<\/td>\n<td>\n<b>181,10<\/b>  mm\u00b2\/s<\/td>\n<\/tr>\n<tr>\n<td>Viskosit\u00e4t 100 \u00b0C<\/td>\n<td>\n<b>22,70<\/b>  mm\u00b2\/s<\/td>\n<\/tr>\n<tr>\n<td>Viskosit\u00e4tsindex<\/td>\n<td>\n<b>152<\/b> <\/td>\n<\/tr>\n<tr>\n<td>Flammpunkt COC<\/td>\n<td>\n<b>188<\/b>  \u00b0C<\/td>\n<\/tr>\n<tr>\n<td>Flie\u00dfpunkt<\/td>\n<td>\n<b>-45<\/b>  \u00b0C<\/td>\n<\/tr>\n<\/table>\n","protected":false},"excerpt":{"rendered":"<p>Gearlube Racing 75W-140 ist ein synthetisches Hypoidgetriebe\u00f6l, das speziell f\u00fcr Differenziale, sowohl mit als auch ohne Lamellensperre, und hochbelastete Getriebe entwickelt wurde, die oftmals im Automobilsport zum Einsatz kommen. Gearlube Racing 75W-140 kann daher in allen Differenzialen der verschiedenen BMW M-Sportmodelle und diverser Gel\u00e4ndewagen, f\u00fcr die ein SAE 75W-140 Hypoidgetriebe\u00f6l vorgeschrieben ist, eingesetzt werden.<\/p>\n","protected":false},"featured_media":364251,"comment_status":"open","ping_status":"open","template":"","meta":[],"location":[4275,4276],"product_brand":[25894],"product_cat":[2187,9884],"product_tag":[],"class_list":{"0":"post-366067","1":"product","2":"type-product","3":"status-publish","4":"has-post-thumbnail","6":"location-aes-emmeloord","7":"location-aes-lemmer","8":"product_brand-kroon-oil","9":"product_cat-schmiermittel","10":"product_cat-kroon-oil","11":"product_shipping_class-palettenversand","13":"first","14":"onbackorder","15":"sale","16":"taxable","17":"shipping-taxable","18":"purchasable","19":"product-type-simple"},"group_of_quantity":0,"min_quantity":0,"max_quantity":"","exclude_order_quantity_value_rules":"no","exclude_category_quantity_rules":"no","combine_variations":"no","locations":[{"id":4275,"name":"AES Emmeloord","slug":"aes-emmeloord","quantity":""},{"id":4276,"name":"AES Lemmer","slug":"aes-lemmer","quantity":""}],"_links":{"self":[{"href":"https:\/\/ab-marineservice.com\/de\/wp-json\/wp\/v2\/product\/366067","targetHints":{"allow":["GET"]}}],"collection":[{"href":"https:\/\/ab-marineservice.com\/de\/wp-json\/wp\/v2\/product"}],"about":[{"href":"https:\/\/ab-marineservice.com\/de\/wp-json\/wp\/v2\/types\/product"}],"replies":[{"embeddable":true,"href":"https:\/\/ab-marineservice.com\/de\/wp-json\/wp\/v2\/comments?post=366067"}],"wp:featuredmedia":[{"embeddable":true,"href":"https:\/\/ab-marineservice.com\/de\/wp-json\/wp\/v2\/media\/364251"}],"wp:attachment":[{"href":"https:\/\/ab-marineservice.com\/de\/wp-json\/wp\/v2\/media?parent=366067"}],"wp:term":[{"taxonomy":"location","embeddable":true,"href":"https:\/\/ab-marineservice.com\/de\/wp-json\/wp\/v2\/location?post=366067"},{"taxonomy":"product_brand","embeddable":true,"href":"https:\/\/ab-marineservice.com\/de\/wp-json\/wp\/v2\/product_brand?post=366067"},{"taxonomy":"product_cat","embeddable":true,"href":"https:\/\/ab-marineservice.com\/de\/wp-json\/wp\/v2\/product_cat?post=366067"},{"taxonomy":"product_tag","embeddable":true,"href":"https:\/\/ab-marineservice.com\/de\/wp-json\/wp\/v2\/product_tag?post=366067"}],"curies":[{"name":"wp","href":"https:\/\/api.w.org\/{rel}","templated":true}]}}