{"id":366068,"date":"2025-06-15T16:42:21","date_gmt":"2025-06-15T14:42:21","guid":{"rendered":"https:\/\/ab-marineservice.com\/product\/duranza-eco-5w-20\/"},"modified":"2025-11-20T17:52:18","modified_gmt":"2025-11-20T16:52:18","slug":"duranza-eco-5w-20-3","status":"publish","type":"product","link":"https:\/\/ab-marineservice.com\/de\/produkt\/duranza-eco-5w-20-3\/","title":{"rendered":"Duranza ECO 5W-20 \u2013 20 Liter"},"content":{"rendered":"<p>Duranza ECO 5W-20 ist ein wegweisendes kraftstoffsparendes, synthetisches Motor\u00f6l, das eigens f\u00fcr die neuen Ford EcoBoost-Benzinmotoren entwickelt wurde. Dieses Produkt wurde mit modernsten Technologien und der neuesten Generation von Premium-Grund\u00f6len mit von Natur aus hohem Viskosit\u00e4tsindex formuliert. Dank der Erg\u00e4nzung durch wegweisende Additive bietet es folgende Eigenschaften:<\/p>\n<ul>\n<li>Kraftstoffeinsparung auf h\u00f6chstem Niveau<\/li>\n<li>Sehr hoher und stabiler Viskosit\u00e4tsindex<\/li>\n<li>Deutlich erh\u00f6hte Scherfestigkeit<\/li>\n<li>Zuverl\u00e4ssige Kaltstarts selbst bei extrem niedrigen Au\u00dfentemperaturen<\/li>\n<li>Sch\u00fctzender Schmierfilm auch bei extrem hohen Betriebstemperaturen<\/li>\n<li>Weniger Verbrennungsr\u00fcckst\u00e4nde<\/li>\n<li>Hervorragende Dispersions- und Detergenswirkung<\/li>\n<li>Hocheffektiver Schutz vor Verschlei\u00df, Korrosion und Schaumbildung<\/li>\n<\/ul>\n<h4>Produktdaten<\/h4>\n<ul>\n<li>ACEA C5<\/li>\n<li>API SP<\/li>\n<li>Ford WSS-M2C948-B<\/li>\n<li>Jaguar Land Rover STJLR.03.5004<\/li>\n<\/ul>\n<h4>Typische Standardanalysen<\/h4>\n<table class=\"table analyse-table\">\n<tr>\n<td>Dichte bei 15 \u00b0C<\/td>\n<td>\n<b>0,852<\/b>  kg\/l<\/td>\n<\/tr>\n<tr>\n<td>Viskosit\u00e4t -30 \u00b0C<\/td>\n<td>\n<b>4380<\/b>  mPa.s<\/td>\n<\/tr>\n<tr>\n<td>Viskosit\u00e4t 40 \u00b0C<\/td>\n<td>\n<b>42,30<\/b>  mm\u00b2\/s<\/td>\n<\/tr>\n<tr>\n<td>Viskosit\u00e4t 100 \u00b0C<\/td>\n<td>\n<b>8,23<\/b>  mm\u00b2\/s<\/td>\n<\/tr>\n<tr>\n<td>Viskosit\u00e4tsindex<\/td>\n<td>\n<b>160<\/b> <\/td>\n<\/tr>\n<tr>\n<td>Flammpunkt COC<\/td>\n<td>\n<b>216<\/b>  \u00b0C<\/td>\n<\/tr>\n<tr>\n<td>Flie\u00dfpunkt<\/td>\n<td>\n<b>-36<\/b>  \u00b0C<\/td>\n<\/tr>\n<tr>\n<td>Basenzahl<\/td>\n<td>\n<b>8,8<\/b>  mgKOH\/g<\/td>\n<\/tr>\n<tr>\n<td>Sulfataschegehalt<\/td>\n<td>\n<b>0,75<\/b>  %<\/td>\n<\/tr>\n<\/table>\n","protected":false},"excerpt":{"rendered":"<p>Duranza ECO 5W-20 ist ein kraftstoffsparendes, synthetisches Motor\u00f6l mit extrem niedriger Viskosit\u00e4t, das eigens f\u00fcr die neuen Ford EcoBoost-Benzinmotoren entwickelt wurde. Neben dem Einsatz in den neuen Ford EcoBoost-Motoren eignet sich dieses \u00d6l auch, wenn die Fahrzeughersteller ein Motor\u00f6l der Qualit\u00e4t ACEA A1\/B1 oder API SN SAE 5W-20 vorschreiben.<\/p>\n","protected":false},"featured_media":364255,"comment_status":"open","ping_status":"open","template":"","meta":[],"location":[4275,4276],"product_brand":[25894],"product_cat":[2187,9884],"product_tag":[],"class_list":{"0":"post-366068","1":"product","2":"type-product","3":"status-publish","4":"has-post-thumbnail","6":"location-aes-emmeloord","7":"location-aes-lemmer","8":"product_brand-kroon-oil","9":"product_cat-schmiermittel","10":"product_cat-kroon-oil","11":"product_shipping_class-paket-0-10-kg","13":"first","14":"onbackorder","15":"sale","16":"taxable","17":"shipping-taxable","18":"purchasable","19":"product-type-simple"},"group_of_quantity":0,"min_quantity":0,"max_quantity":"","exclude_order_quantity_value_rules":"no","exclude_category_quantity_rules":"no","combine_variations":"no","locations":[{"id":4275,"name":"AES Emmeloord","slug":"aes-emmeloord","quantity":""},{"id":4276,"name":"AES Lemmer","slug":"aes-lemmer","quantity":""}],"_links":{"self":[{"href":"https:\/\/ab-marineservice.com\/de\/wp-json\/wp\/v2\/product\/366068","targetHints":{"allow":["GET"]}}],"collection":[{"href":"https:\/\/ab-marineservice.com\/de\/wp-json\/wp\/v2\/product"}],"about":[{"href":"https:\/\/ab-marineservice.com\/de\/wp-json\/wp\/v2\/types\/product"}],"replies":[{"embeddable":true,"href":"https:\/\/ab-marineservice.com\/de\/wp-json\/wp\/v2\/comments?post=366068"}],"wp:featuredmedia":[{"embeddable":true,"href":"https:\/\/ab-marineservice.com\/de\/wp-json\/wp\/v2\/media\/364255"}],"wp:attachment":[{"href":"https:\/\/ab-marineservice.com\/de\/wp-json\/wp\/v2\/media?parent=366068"}],"wp:term":[{"taxonomy":"location","embeddable":true,"href":"https:\/\/ab-marineservice.com\/de\/wp-json\/wp\/v2\/location?post=366068"},{"taxonomy":"product_brand","embeddable":true,"href":"https:\/\/ab-marineservice.com\/de\/wp-json\/wp\/v2\/product_brand?post=366068"},{"taxonomy":"product_cat","embeddable":true,"href":"https:\/\/ab-marineservice.com\/de\/wp-json\/wp\/v2\/product_cat?post=366068"},{"taxonomy":"product_tag","embeddable":true,"href":"https:\/\/ab-marineservice.com\/de\/wp-json\/wp\/v2\/product_tag?post=366068"}],"curies":[{"name":"wp","href":"https:\/\/api.w.org\/{rel}","templated":true}]}}