{"id":366072,"date":"2025-06-15T16:42:21","date_gmt":"2025-06-15T14:42:21","guid":{"rendered":"https:\/\/ab-marineservice.com\/product\/running-in-monograde-30\/"},"modified":"2025-11-20T17:52:32","modified_gmt":"2025-11-20T16:52:32","slug":"running-in-monograde-30-2","status":"publish","type":"product","link":"https:\/\/ab-marineservice.com\/de\/produkt\/running-in-monograde-30-2\/","title":{"rendered":"Running-In Monograde 30 \u2013 60 Liter"},"content":{"rendered":"<p>Running-In Monograde 30 ist ein mineralisches SAE 30 Motor\u00f6l, das speziell f\u00fcr optimales und beschleunigtes \u201eEinfahren\u201c von \u00fcberholten Oldtimer-Verbrennungsmotoren entwickelt wurde und folgende Eigenschaften bietet:<\/p>\n<ul>\n<li>Gew\u00e4hrleistet schnellen, optimalen Einlauf f\u00fcr korrekte Betriebsspiele in \u00fcberholten Motoren.<\/li>\n<li>Sch\u00fctzt \u00fcberholte Motoren w\u00e4hrend der Einfahrphase umfassend.<\/li>\n<li>Sorgt f\u00fcr optimale Abdichtung zwischen Kolbenringen und Zylinderw\u00e4nden nach abgeschlossener \u00dcberholung.<\/li>\n<li>Ein gut eingefahrener Motor belohnt mit minimierten \u00d6lverbrauch und wirtschaftlicherem Kraftstoffverbrauch.<\/li>\n<\/ul>\n<h4>Produktdaten<\/h4>\n<ul>\n<li>API SE\/CC<\/li>\n<\/ul>\n<h4>Typische Standardanalysen<\/h4>\n<table class=\"table analyse-table\">\n<tr>\n<td>Dichte bei 15 \u00b0C<\/td>\n<td>\n<b>0,883<\/b>  kg\/l<\/td>\n<\/tr>\n<tr>\n<td>Viskosit\u00e4t 40 \u00b0C<\/td>\n<td>\n<b>103,00<\/b>  mm\u00b2\/s<\/td>\n<\/tr>\n<tr>\n<td>Viskosit\u00e4t 100 \u00b0C<\/td>\n<td>\n<b>11,70<\/b>  mm\u00b2\/s<\/td>\n<\/tr>\n<tr>\n<td>Viskosit\u00e4tsindex<\/td>\n<td>\n<b>98<\/b> <\/td>\n<\/tr>\n<tr>\n<td>Flammpunkt COC<\/td>\n<td>\n<b>230<\/b>  \u00b0C<\/td>\n<\/tr>\n<tr>\n<td>Flie\u00dfpunkt<\/td>\n<td>\n<b>-18<\/b>  \u00b0C<\/td>\n<\/tr>\n<tr>\n<td>Basenzahl<\/td>\n<td>\n<b>3,5<\/b>  mgKOH\/g<\/td>\n<\/tr>\n<tr>\n<td>Sulfataschegehalt<\/td>\n<td>\n<b>0,55<\/b>  %<\/td>\n<\/tr>\n<\/table>\n","protected":false},"excerpt":{"rendered":"<p>Running-In Monograde 30 ist ein mineralisches SAE 30 Motor\u00f6l f\u00fcr einen optimalen und beschleunigten Einlauf von \u00fcberholten Verbrennungsmotoren. Nach der \u00dcberholung den Motor mit Monograde 30 bef\u00fcllen und f\u00fcr etwa 1000 km mit variablen Geschwindigkeiten und Drehzahlen bis zum maximalen Drehmoment einfahren. Beim Einfahren H\u00f6chstdrehzahl und maximale Motorbelastung so weit wie m\u00f6glich vermeiden. Nach dem Einfahren das Running In Monograde 30 durch das vorgeschriebene Motor\u00f6l ersetzen.<\/p>\n","protected":false},"featured_media":364268,"comment_status":"open","ping_status":"open","template":"","meta":[],"location":[4275,4276],"product_brand":[25894],"product_cat":[2187,9884],"product_tag":[],"class_list":{"0":"post-366072","1":"product","2":"type-product","3":"status-publish","4":"has-post-thumbnail","6":"location-aes-emmeloord","7":"location-aes-lemmer","8":"product_brand-kroon-oil","9":"product_cat-schmiermittel","10":"product_cat-kroon-oil","11":"product_shipping_class-palettenversand","13":"first","14":"onbackorder","15":"sale","16":"taxable","17":"shipping-taxable","18":"purchasable","19":"product-type-simple"},"group_of_quantity":0,"min_quantity":0,"max_quantity":"","exclude_order_quantity_value_rules":"no","exclude_category_quantity_rules":"no","combine_variations":"no","locations":[{"id":4275,"name":"AES Emmeloord","slug":"aes-emmeloord","quantity":""},{"id":4276,"name":"AES Lemmer","slug":"aes-lemmer","quantity":""}],"_links":{"self":[{"href":"https:\/\/ab-marineservice.com\/de\/wp-json\/wp\/v2\/product\/366072","targetHints":{"allow":["GET"]}}],"collection":[{"href":"https:\/\/ab-marineservice.com\/de\/wp-json\/wp\/v2\/product"}],"about":[{"href":"https:\/\/ab-marineservice.com\/de\/wp-json\/wp\/v2\/types\/product"}],"replies":[{"embeddable":true,"href":"https:\/\/ab-marineservice.com\/de\/wp-json\/wp\/v2\/comments?post=366072"}],"wp:featuredmedia":[{"embeddable":true,"href":"https:\/\/ab-marineservice.com\/de\/wp-json\/wp\/v2\/media\/364268"}],"wp:attachment":[{"href":"https:\/\/ab-marineservice.com\/de\/wp-json\/wp\/v2\/media?parent=366072"}],"wp:term":[{"taxonomy":"location","embeddable":true,"href":"https:\/\/ab-marineservice.com\/de\/wp-json\/wp\/v2\/location?post=366072"},{"taxonomy":"product_brand","embeddable":true,"href":"https:\/\/ab-marineservice.com\/de\/wp-json\/wp\/v2\/product_brand?post=366072"},{"taxonomy":"product_cat","embeddable":true,"href":"https:\/\/ab-marineservice.com\/de\/wp-json\/wp\/v2\/product_cat?post=366072"},{"taxonomy":"product_tag","embeddable":true,"href":"https:\/\/ab-marineservice.com\/de\/wp-json\/wp\/v2\/product_tag?post=366072"}],"curies":[{"name":"wp","href":"https:\/\/api.w.org\/{rel}","templated":true}]}}