{"id":366085,"date":"2025-06-15T16:44:11","date_gmt":"2025-06-15T14:44:11","guid":{"rendered":"https:\/\/ab-marineservice.com\/product\/chainlube-fgs-220\/"},"modified":"2025-11-20T17:51:06","modified_gmt":"2025-11-20T16:51:06","slug":"chainlube-fgs-220-2","status":"publish","type":"product","link":"https:\/\/ab-marineservice.com\/de\/produkt\/chainlube-fgs-220-2\/","title":{"rendered":"Chainlube FGS 220 \u2013 208 Liter"},"content":{"rendered":"<p>Chainlube FGS 220 ist ein speziell f\u00fcr die Verwendung in der pharmazeutischen und Lebensmittelindustrie entwickeltes vollsynthetisches Premium-Kettenschmiermittel. Chainlube FGS 220 basiert auf einer Mischung aus ausgew\u00e4hlten, lebensmittelechten Ester\u00f6len und wegweisenden Additiven, um folgende Eigenschaften zu gew\u00e4hrleisten:<\/p>\n<ul>\n<li>Ausgezeichnete Oxidationsstabilit\u00e4t<\/li>\n<li>\u00dcberlegene Temperaturfestigkeit<\/li>\n<li>Au\u00dfergew\u00f6hnliche Scherstabilit\u00e4t<\/li>\n<li>Wasserabweisend<\/li>\n<li>Wirkungsvoller Rost- und Korrosionsschutz<\/li>\n<li>Langlebiger Schmierfilm<\/li>\n<li>Sparsam in der Anwendung<\/li>\n<li>Keine Glasur und\/oder Kohlenstoffablagerungen<\/li>\n<li>Ungiftig<\/li>\n<\/ul>\n<h4>Typische Standardanalysen<\/h4>\n<table class=\"table analyse-table\">\n<tr>\n<td>Dichte bei 15 \u00b0C<\/td>\n<td>\n<b>0,953<\/b>  kg\/l<\/td>\n<\/tr>\n<tr>\n<td>Viskosit\u00e4t 40 \u00b0C<\/td>\n<td>\n<b>216,30<\/b>  mm\u00b2\/s<\/td>\n<\/tr>\n<tr>\n<td>Viskosit\u00e4t 100 \u00b0C<\/td>\n<td>\n<b>26,10<\/b>  mm\u00b2\/s<\/td>\n<\/tr>\n<tr>\n<td>Viskosit\u00e4tsindex<\/td>\n<td>\n<b>153<\/b> <\/td>\n<\/tr>\n<tr>\n<td>Flammpunkt COC<\/td>\n<td>\n<b>252<\/b>  \u00b0C<\/td>\n<\/tr>\n<tr>\n<td>Flie\u00dfpunkt<\/td>\n<td>\n<b>-36<\/b>  \u00b0C<\/td>\n<\/tr>\n<\/table>\n","protected":false},"excerpt":{"rendered":"<p>Chainlube FGS 220 ist ein speziell f\u00fcr die pharmazeutische und Lebensmittelindustrie entwickeltes vollsynthetisches Kettenschmiermittel. Dieses Produkt empfiehlt sich f\u00fcr Ofenketten, F\u00f6rderketten, Hubketten (z. B. von Gabelstaplern) und Kettenantriebe. Chainlube FGS 220 besitzt H1-Zulassung und eignet sich daher hervorragend f\u00fcr Bedingungen, unter denen ein zuf\u00e4lliger Kontakt mit Lebensmitteln auftreten kann.<\/p>\n","protected":false},"featured_media":364320,"comment_status":"open","ping_status":"open","template":"","meta":[],"location":[4275,4276],"product_brand":[25894],"product_cat":[2187,9884],"product_tag":[],"class_list":{"0":"post-366085","1":"product","2":"type-product","3":"status-publish","4":"has-post-thumbnail","6":"location-aes-emmeloord","7":"location-aes-lemmer","8":"product_brand-kroon-oil","9":"product_cat-schmiermittel","10":"product_cat-kroon-oil","11":"product_shipping_class-palettenversand","13":"first","14":"onbackorder","15":"sale","16":"taxable","17":"shipping-taxable","18":"purchasable","19":"product-type-simple"},"group_of_quantity":0,"min_quantity":0,"max_quantity":"","exclude_order_quantity_value_rules":"no","exclude_category_quantity_rules":"no","combine_variations":"no","locations":[{"id":4275,"name":"AES Emmeloord","slug":"aes-emmeloord","quantity":""},{"id":4276,"name":"AES Lemmer","slug":"aes-lemmer","quantity":""}],"_links":{"self":[{"href":"https:\/\/ab-marineservice.com\/de\/wp-json\/wp\/v2\/product\/366085","targetHints":{"allow":["GET"]}}],"collection":[{"href":"https:\/\/ab-marineservice.com\/de\/wp-json\/wp\/v2\/product"}],"about":[{"href":"https:\/\/ab-marineservice.com\/de\/wp-json\/wp\/v2\/types\/product"}],"replies":[{"embeddable":true,"href":"https:\/\/ab-marineservice.com\/de\/wp-json\/wp\/v2\/comments?post=366085"}],"wp:featuredmedia":[{"embeddable":true,"href":"https:\/\/ab-marineservice.com\/de\/wp-json\/wp\/v2\/media\/364320"}],"wp:attachment":[{"href":"https:\/\/ab-marineservice.com\/de\/wp-json\/wp\/v2\/media?parent=366085"}],"wp:term":[{"taxonomy":"location","embeddable":true,"href":"https:\/\/ab-marineservice.com\/de\/wp-json\/wp\/v2\/location?post=366085"},{"taxonomy":"product_brand","embeddable":true,"href":"https:\/\/ab-marineservice.com\/de\/wp-json\/wp\/v2\/product_brand?post=366085"},{"taxonomy":"product_cat","embeddable":true,"href":"https:\/\/ab-marineservice.com\/de\/wp-json\/wp\/v2\/product_cat?post=366085"},{"taxonomy":"product_tag","embeddable":true,"href":"https:\/\/ab-marineservice.com\/de\/wp-json\/wp\/v2\/product_tag?post=366085"}],"curies":[{"name":"wp","href":"https:\/\/api.w.org\/{rel}","templated":true}]}}