{"id":366089,"date":"2025-06-15T16:44:11","date_gmt":"2025-06-15T14:44:11","guid":{"rendered":"https:\/\/ab-marineservice.com\/product\/perlus-xvi-32\/"},"modified":"2025-11-20T17:51:18","modified_gmt":"2025-11-20T16:51:18","slug":"perlus-xvi-32-3","status":"publish","type":"product","link":"https:\/\/ab-marineservice.com\/de\/produkt\/perlus-xvi-32-3\/","title":{"rendered":"Perlus XVI 32 \u2013 208 Liter"},"content":{"rendered":"<p>Perlus XVI 32 ist ein Hydraulik\u00f6l h\u00f6chster Qualit\u00e4t, das sich durch einen sehr hohen Viskoseindex auszeichnet. Dank seiner \u00e4u\u00dferst hochwertigen, synthetischen Grund\u00f6le und wegweisender Additive bietet dieses \u00d6l folgende Vorteile:<\/p>\n<ul>\n<li>Extrem hoher und stabiler Viskoseindex<\/li>\n<li>\u00dcberlegener Verschlei\u00dfschutz<\/li>\n<li>Hervorragender Rost- und Korrosionsschutz<\/li>\n<li>Exzellente Oxidationsstabilit\u00e4t<\/li>\n<li>\u00dcberragende Hitzebest\u00e4ndigkeit<\/li>\n<li>Ausgezeichneter Demulgator<\/li>\n<li>Au\u00dfergew\u00f6hnliche Scherstabilit\u00e4t<\/li>\n<li>Hervorragender Schutz vor Schaumbildung dank exzellenter Luftfreigabe<\/li>\n<li>Greift synthetische Dichtungen weder bei hohen noch bei niedrigen Temperaturen an<\/li>\n<li>Sehr niedriger Flie\u00dfpunkt<\/li>\n<\/ul>\n<h4>Produktdaten<\/h4>\n<ul>\n<li>AFNOR NF E 48-603 HV<\/li>\n<li>AIST (US Steel) 126\/127\/136<\/li>\n<li>Cincinnati Machine P-68<\/li>\n<li>Denison HF-0\/HF-1\/HF-2<\/li>\n<li>DIN 51524-3 HVLP<\/li>\n<li>Eaton (Vickers) M-2950-S<\/li>\n<li>ISO 11158 HV<\/li>\n<li>ISO 6743-4 HV<\/li>\n<li>SEB 181 222<\/li>\n<\/ul>\n<h4>Typische Standardanalysen<\/h4>\n<table class=\"table analyse-table\">\n<tr>\n<td>Dichte bei 15 \u00b0C<\/td>\n<td>\n<b>0,846<\/b>  kg\/l<\/td>\n<\/tr>\n<tr>\n<td>Viskosit\u00e4t 40 \u00b0C<\/td>\n<td>\n<b>34,20<\/b>  mm\u00b2\/s<\/td>\n<\/tr>\n<tr>\n<td>Viskosit\u00e4t 100 \u00b0C<\/td>\n<td>\n<b>11,20<\/b>  mm\u00b2\/s<\/td>\n<\/tr>\n<tr>\n<td>Viskosit\u00e4tsindex<\/td>\n<td>\n<b>340<\/b> <\/td>\n<\/tr>\n<tr>\n<td>Flammpunkt COC<\/td>\n<td>\n<b>162<\/b>  \u00b0C<\/td>\n<\/tr>\n<tr>\n<td>Flie\u00dfpunkt<\/td>\n<td>\n<b>-51<\/b>  \u00b0C<\/td>\n<\/tr>\n<\/table>\n","protected":false},"excerpt":{"rendered":"<p>Perlus XVI 32 eignet sich perfekt f\u00fcr Materialumschlags-, Landwirtschafts- und Tiefbaumaschinen mit Schwerlast-Hydrauliksystemen, die mit hohen Dr\u00fccken arbeiten und bei denen extreme Temperaturschwankungen auftreten.<\/p>\n","protected":false},"featured_media":364336,"comment_status":"open","ping_status":"open","template":"","meta":[],"location":[4275,4276],"product_brand":[25894],"product_cat":[2187,9884],"product_tag":[],"class_list":{"0":"post-366089","1":"product","2":"type-product","3":"status-publish","4":"has-post-thumbnail","6":"location-aes-emmeloord","7":"location-aes-lemmer","8":"product_brand-kroon-oil","9":"product_cat-schmiermittel","10":"product_cat-kroon-oil","11":"product_shipping_class-palettenversand","13":"first","14":"onbackorder","15":"sale","16":"taxable","17":"shipping-taxable","18":"purchasable","19":"product-type-simple"},"group_of_quantity":0,"min_quantity":0,"max_quantity":"","exclude_order_quantity_value_rules":"no","exclude_category_quantity_rules":"no","combine_variations":"no","locations":[{"id":4275,"name":"AES Emmeloord","slug":"aes-emmeloord","quantity":""},{"id":4276,"name":"AES Lemmer","slug":"aes-lemmer","quantity":""}],"_links":{"self":[{"href":"https:\/\/ab-marineservice.com\/de\/wp-json\/wp\/v2\/product\/366089","targetHints":{"allow":["GET"]}}],"collection":[{"href":"https:\/\/ab-marineservice.com\/de\/wp-json\/wp\/v2\/product"}],"about":[{"href":"https:\/\/ab-marineservice.com\/de\/wp-json\/wp\/v2\/types\/product"}],"replies":[{"embeddable":true,"href":"https:\/\/ab-marineservice.com\/de\/wp-json\/wp\/v2\/comments?post=366089"}],"wp:featuredmedia":[{"embeddable":true,"href":"https:\/\/ab-marineservice.com\/de\/wp-json\/wp\/v2\/media\/364336"}],"wp:attachment":[{"href":"https:\/\/ab-marineservice.com\/de\/wp-json\/wp\/v2\/media?parent=366089"}],"wp:term":[{"taxonomy":"location","embeddable":true,"href":"https:\/\/ab-marineservice.com\/de\/wp-json\/wp\/v2\/location?post=366089"},{"taxonomy":"product_brand","embeddable":true,"href":"https:\/\/ab-marineservice.com\/de\/wp-json\/wp\/v2\/product_brand?post=366089"},{"taxonomy":"product_cat","embeddable":true,"href":"https:\/\/ab-marineservice.com\/de\/wp-json\/wp\/v2\/product_cat?post=366089"},{"taxonomy":"product_tag","embeddable":true,"href":"https:\/\/ab-marineservice.com\/de\/wp-json\/wp\/v2\/product_tag?post=366089"}],"curies":[{"name":"wp","href":"https:\/\/api.w.org\/{rel}","templated":true}]}}