{"id":366091,"date":"2025-06-15T16:44:11","date_gmt":"2025-06-15T14:44:11","guid":{"rendered":"https:\/\/ab-marineservice.com\/product\/classic-racing-oil-15w-50\/"},"modified":"2025-11-20T17:51:24","modified_gmt":"2025-11-20T16:51:24","slug":"classic-racing-oil-15w-50-3","status":"publish","type":"product","link":"https:\/\/ab-marineservice.com\/de\/produkt\/classic-racing-oil-15w-50-3\/","title":{"rendered":"Classic Racing Oil 15W-50 \u2013 20 Liter"},"content":{"rendered":"<p>Classic Racing Oil 15W-50 ist ein hochwertiges, halbsynthetisches Motor\u00f6l, das speziell f\u00fcr den Klassiker- und Oldtimer-Rennsport entwickelt wurde. Dank der Kombination von hochwertigen synthetischen und mineralische Grund\u00f6le mit sorgf\u00e4ltig ausgew\u00e4hlte Additiven bietet Classic Racing Oil 15W-50 die folgenden Eigenschaften:<\/p>\n<ul>\n<li>Hervorragende Schmiereigenschaften auch bei sehr hohen Betriebstemperaturen<\/li>\n<li>Hoher Viskosit\u00e4tsindex<\/li>\n<li>Sehr hohe Scherstabilit\u00e4t<\/li>\n<li>Ausgezeichneter Verschlei\u00dfschutz auch unter extremen Bedingungen<\/li>\n<li>Gew\u00e4hrleistet stabilen \u00d6ldruck<\/li>\n<li>\u00dcberragende Dispersions- und Detergenswirkung<\/li>\n<li>Wirkungsvoller Schutz vor Korrosion und Schaumbildung<\/li>\n<\/ul>\n<h4>Produktdaten<\/h4>\n<ul>\n<li>API SL\/CF<\/li>\n<\/ul>\n<h4>Typische Standardanalysen<\/h4>\n<table class=\"table analyse-table\">\n<tr>\n<td>Dichte bei 15 \u00b0C<\/td>\n<td>\n<b>0,868<\/b>  kg\/l<\/td>\n<\/tr>\n<tr>\n<td>Viskosit\u00e4t -20 \u00b0C<\/td>\n<td>\n<b>4700<\/b>  mPa.s<\/td>\n<\/tr>\n<tr>\n<td>Viskosit\u00e4t 40 \u00b0C<\/td>\n<td>\n<b>127,00<\/b>  mm\u00b2\/s<\/td>\n<\/tr>\n<tr>\n<td>Viskosit\u00e4t 100 \u00b0C<\/td>\n<td>\n<b>17,40<\/b>  mm\u00b2\/s<\/td>\n<\/tr>\n<tr>\n<td>Viskosit\u00e4tsindex<\/td>\n<td>\n<b>151<\/b> <\/td>\n<\/tr>\n<tr>\n<td>Flammpunkt COC<\/td>\n<td>\n<b>236<\/b>  \u00b0C<\/td>\n<\/tr>\n<tr>\n<td>Flie\u00dfpunkt<\/td>\n<td>\n<b>-33<\/b>  \u00b0C<\/td>\n<\/tr>\n<tr>\n<td>Basenzahl<\/td>\n<td>\n<b>9,9<\/b>  mgKOH\/g<\/td>\n<\/tr>\n<tr>\n<td>S\u00e4urenzahl<\/td>\n<td>\n<b>2,58<\/b>  mgKOH\/g<\/td>\n<\/tr>\n<tr>\n<td>Sulfataschegehalt<\/td>\n<td>\n<b>1,25<\/b>  %<\/td>\n<\/tr>\n<\/table>\n","protected":false},"excerpt":{"rendered":"<p>Classic Racing Oil 15W-50 ist ein hochwertiges, halbsynthetisches Mehrbereichs-Motor\u00f6l, das speziell f\u00fcr klassische Verbrennungsmotoren mit hohen bis sehr hohen Leistungen entwickelt wurde. Dadurch eignet sich Classic Racing Oil 15W-50 perfekt f\u00fcr Klassiker mit Motoren, die speziell f\u00fcr die Teilnahme an klassischen Autosportveranstaltungen getuned sind Zudem empfiehlt sich Classic Racing Oil 15W-50 auch f\u00fcr \u00fcberholte, leistungsstarke Motoren der klassischen Sportwagen aus der Nachkriegszeit.<\/p>\n","protected":false},"featured_media":364344,"comment_status":"open","ping_status":"open","template":"","meta":[],"location":[4275,4276],"product_brand":[25894],"product_cat":[2187,9884],"product_tag":[],"class_list":{"0":"post-366091","1":"product","2":"type-product","3":"status-publish","4":"has-post-thumbnail","6":"location-aes-emmeloord","7":"location-aes-lemmer","8":"product_brand-kroon-oil","9":"product_cat-schmiermittel","10":"product_cat-kroon-oil","11":"product_shipping_class-paket-0-10-kg","13":"first","14":"onbackorder","15":"sale","16":"taxable","17":"shipping-taxable","18":"purchasable","19":"product-type-simple"},"group_of_quantity":0,"min_quantity":0,"max_quantity":"","exclude_order_quantity_value_rules":"no","exclude_category_quantity_rules":"no","combine_variations":"no","locations":[{"id":4275,"name":"AES Emmeloord","slug":"aes-emmeloord","quantity":""},{"id":4276,"name":"AES Lemmer","slug":"aes-lemmer","quantity":""}],"_links":{"self":[{"href":"https:\/\/ab-marineservice.com\/de\/wp-json\/wp\/v2\/product\/366091","targetHints":{"allow":["GET"]}}],"collection":[{"href":"https:\/\/ab-marineservice.com\/de\/wp-json\/wp\/v2\/product"}],"about":[{"href":"https:\/\/ab-marineservice.com\/de\/wp-json\/wp\/v2\/types\/product"}],"replies":[{"embeddable":true,"href":"https:\/\/ab-marineservice.com\/de\/wp-json\/wp\/v2\/comments?post=366091"}],"wp:featuredmedia":[{"embeddable":true,"href":"https:\/\/ab-marineservice.com\/de\/wp-json\/wp\/v2\/media\/364344"}],"wp:attachment":[{"href":"https:\/\/ab-marineservice.com\/de\/wp-json\/wp\/v2\/media?parent=366091"}],"wp:term":[{"taxonomy":"location","embeddable":true,"href":"https:\/\/ab-marineservice.com\/de\/wp-json\/wp\/v2\/location?post=366091"},{"taxonomy":"product_brand","embeddable":true,"href":"https:\/\/ab-marineservice.com\/de\/wp-json\/wp\/v2\/product_brand?post=366091"},{"taxonomy":"product_cat","embeddable":true,"href":"https:\/\/ab-marineservice.com\/de\/wp-json\/wp\/v2\/product_cat?post=366091"},{"taxonomy":"product_tag","embeddable":true,"href":"https:\/\/ab-marineservice.com\/de\/wp-json\/wp\/v2\/product_tag?post=366091"}],"curies":[{"name":"wp","href":"https:\/\/api.w.org\/{rel}","templated":true}]}}