{"id":366097,"date":"2025-06-15T16:45:07","date_gmt":"2025-06-15T14:45:07","guid":{"rendered":"https:\/\/ab-marineservice.com\/product\/sp-matic-2094\/"},"modified":"2025-11-20T17:50:29","modified_gmt":"2025-11-20T16:50:29","slug":"sp-matic-2094-4","status":"publish","type":"product","link":"https:\/\/ab-marineservice.com\/de\/produkt\/sp-matic-2094-4\/","title":{"rendered":"SP Matic 2094 \u2013 60 Liter"},"content":{"rendered":"<p>SP Matic 2094 ist ein hochwertiges Langzeit-Automatikgetriebe\u00f6l mit sehr niedriger Viskosit\u00e4t, das speziell f\u00fcr die neuesten Mercedes-Automatikgetriebe 7G-Tronic Plus formuliert wurde. Speziell ausgew\u00e4hlte Premium-Grund\u00f6le in Kombination mit modernsten Additiven verleihen SP Matic 2094 folgende Eigenschaften:<\/p>\n<ul>\n<li>Ausgezeichnete Kraftstoffeinsparcharakteristik<\/li>\n<li>Extrem hohe Oxidationsfestigkeit<\/li>\n<li>Exzellente, \u00e4u\u00dferst stabile Reibeigenschaften f\u00fcr verl\u00e4ngerte Wechselintervalle<\/li>\n<li>Hervorragendes Schmierverm\u00f6gen<\/li>\n<li>\u00dcberragender Schutz vor Korrosion und Schaumbildung<\/li>\n<li>Beispielhaftes Niedrigtemperaturverhalten<\/li>\n<li>Volle Kompatibilit\u00e4t mit von Mercedes eingesetzten Dichtmitteln<\/li>\n<\/ul>\n<h4>Produktdaten<\/h4>\n<ul>\n<li>MB 236.15<\/li>\n<\/ul>\n<h4>Typische Standardanalysen<\/h4>\n<table class=\"table analyse-table\">\n<tr>\n<td>Dichte bei 15 \u00b0C<\/td>\n<td>\n<b>0,840<\/b>  kg\/l<\/td>\n<\/tr>\n<tr>\n<td>Viskosit\u00e4t 40 \u00b0C<\/td>\n<td>\n<b>18,80<\/b>  mm\u00b2\/s<\/td>\n<\/tr>\n<tr>\n<td>Viskosit\u00e4t 100 \u00b0C<\/td>\n<td>\n<b>4,40<\/b>  mm\u00b2\/s<\/td>\n<\/tr>\n<tr>\n<td>Viskosit\u00e4tsindex<\/td>\n<td>\n<b>150<\/b> <\/td>\n<\/tr>\n<tr>\n<td>Flammpunkt COC<\/td>\n<td>\n<b>188<\/b>  \u00b0C<\/td>\n<\/tr>\n<tr>\n<td>Flie\u00dfpunkt<\/td>\n<td>\n<b>-57<\/b>  \u00b0C<\/td>\n<\/tr>\n<tr>\n<td>Basenzahl<\/td>\n<td>\n<b>4,0<\/b>  mgKOH\/g<\/td>\n<\/tr>\n<\/table>\n","protected":false},"excerpt":{"rendered":"<p>SP Matic 2094 ist ein synthetisches Premium-Automatikgetriebe\u00f6l, das speziell f\u00fcr die neuen Mercedes-Automatikgetriebe 7G-Tronic Plus formuliert wurde. Die neuen Getriebe 7G-Tronic Plus sind noch st\u00e4rker auf Kraftstoffeinsparung getrimmt als die erste 7G-Tronic-Generation. SP Matic 2094 leistet einen wichtigen Beitrag, um diese Verbrauchseinsparung zu realisieren. Das Produkt kann f\u00fcr Getriebe eingesetzt werden, f\u00fcr die die Mercedes-Benz-Norm MB 236.15 vorgeschrieben ist.<\/p>\n","protected":false},"featured_media":364368,"comment_status":"open","ping_status":"open","template":"","meta":[],"location":[4275,4276],"product_brand":[25894],"product_cat":[2187,9884],"product_tag":[],"class_list":{"0":"post-366097","1":"product","2":"type-product","3":"status-publish","4":"has-post-thumbnail","6":"location-aes-emmeloord","7":"location-aes-lemmer","8":"product_brand-kroon-oil","9":"product_cat-schmiermittel","10":"product_cat-kroon-oil","11":"product_shipping_class-palettenversand","13":"first","14":"onbackorder","15":"sale","16":"taxable","17":"shipping-taxable","18":"purchasable","19":"product-type-simple"},"group_of_quantity":0,"min_quantity":0,"max_quantity":"","exclude_order_quantity_value_rules":"no","exclude_category_quantity_rules":"no","combine_variations":"no","locations":[{"id":4275,"name":"AES Emmeloord","slug":"aes-emmeloord","quantity":""},{"id":4276,"name":"AES Lemmer","slug":"aes-lemmer","quantity":""}],"_links":{"self":[{"href":"https:\/\/ab-marineservice.com\/de\/wp-json\/wp\/v2\/product\/366097","targetHints":{"allow":["GET"]}}],"collection":[{"href":"https:\/\/ab-marineservice.com\/de\/wp-json\/wp\/v2\/product"}],"about":[{"href":"https:\/\/ab-marineservice.com\/de\/wp-json\/wp\/v2\/types\/product"}],"replies":[{"embeddable":true,"href":"https:\/\/ab-marineservice.com\/de\/wp-json\/wp\/v2\/comments?post=366097"}],"wp:featuredmedia":[{"embeddable":true,"href":"https:\/\/ab-marineservice.com\/de\/wp-json\/wp\/v2\/media\/364368"}],"wp:attachment":[{"href":"https:\/\/ab-marineservice.com\/de\/wp-json\/wp\/v2\/media?parent=366097"}],"wp:term":[{"taxonomy":"location","embeddable":true,"href":"https:\/\/ab-marineservice.com\/de\/wp-json\/wp\/v2\/location?post=366097"},{"taxonomy":"product_brand","embeddable":true,"href":"https:\/\/ab-marineservice.com\/de\/wp-json\/wp\/v2\/product_brand?post=366097"},{"taxonomy":"product_cat","embeddable":true,"href":"https:\/\/ab-marineservice.com\/de\/wp-json\/wp\/v2\/product_cat?post=366097"},{"taxonomy":"product_tag","embeddable":true,"href":"https:\/\/ab-marineservice.com\/de\/wp-json\/wp\/v2\/product_tag?post=366097"}],"curies":[{"name":"wp","href":"https:\/\/api.w.org\/{rel}","templated":true}]}}