{"id":366110,"date":"2025-06-15T16:46:02","date_gmt":"2025-06-15T14:46:02","guid":{"rendered":"https:\/\/ab-marineservice.com\/product\/gas-engine-oil-bio-lf-40\/"},"modified":"2025-11-20T17:50:20","modified_gmt":"2025-11-20T16:50:20","slug":"gas-engine-oil-bio-lf-40-3","status":"publish","type":"product","link":"https:\/\/ab-marineservice.com\/de\/produkt\/gas-engine-oil-bio-lf-40-3\/","title":{"rendered":"Gas Engine Oil Bio-LF 40 \u2013 208 Liter"},"content":{"rendered":"<p>Gas Engine Oil Bio-LF 40 ist ein Motor\u00f6l f\u00fcr Gasmotoren. Es wurde speziell zur Schmierung von Viertakt-Gasmotoren entwickelt, die mit relativ stark kontaminiertem Bio- oder Deponiegas betrieben werden. Dank der speziellen, hochmodernen Premium-Grund\u00f6le und neu entwickelten Additive bietet dieses Produkt folgende Eigenschaften:<\/p>\n<ul>\n<li>Weniger Ablagerungen in Verbrennungsr\u00e4umen und an Ventilen<\/li>\n<li>Gute Ger\u00e4uschverminderung<\/li>\n<li>Ausgezeichnete Oxidationsstabilit\u00e4t<\/li>\n<li>Starkes S\u00e4ureneutralisierungsverm\u00f6gen<\/li>\n<li>Hervorragende Reinigungswirkung<\/li>\n<li>Wirkungsvoller Verschlei\u00dfschutz<\/li>\n<li>Hervorragende Filtrierbarkeit<\/li>\n<\/ul>\n<h4>Produktdaten<\/h4>\n<ul>\n<li>GE Jenbacher class B (biogas)<\/li>\n<li>GE Jenbacher class C (landfill gas)<\/li>\n<li>GE Jenbacher type 2 and 3 all engine versions<\/li>\n<li>GE Jenbacher type 4 engine versions A and B<\/li>\n<li>GE Jenbacher type 6 engine versions C and E<\/li>\n<li>GE TA 1000-1109<\/li>\n<li>MAN M 3271-4 (Special gas)<\/li>\n<li>MAN M 3271-5 (Special gas)<\/li>\n<li>MWM TR 0199-99-(1)2105<\/li>\n<\/ul>\n<h4>Typische Standardanalysen<\/h4>\n<table class=\"table analyse-table\">\n<tr>\n<td>Dichte bei 15 \u00b0C<\/td>\n<td>\n<b>0,878<\/b>  kg\/l<\/td>\n<\/tr>\n<tr>\n<td>Viskosit\u00e4t 40 \u00b0C<\/td>\n<td>\n<b>124,40<\/b>  mm\u00b2\/s<\/td>\n<\/tr>\n<tr>\n<td>Viskosit\u00e4t 100 \u00b0C<\/td>\n<td>\n<b>13,30<\/b>  mm\u00b2\/s<\/td>\n<\/tr>\n<tr>\n<td>Viskosit\u00e4tsindex<\/td>\n<td>\n<b>105<\/b> <\/td>\n<\/tr>\n<tr>\n<td>Flammpunkt COC<\/td>\n<td>\n<b>270<\/b>  \u00b0C<\/td>\n<\/tr>\n<tr>\n<td>Flie\u00dfpunkt<\/td>\n<td>\n<b>-21<\/b>  \u00b0C<\/td>\n<\/tr>\n<tr>\n<td>Basenzahl<\/td>\n<td>\n<b>4,5<\/b>  mgKOH\/g<\/td>\n<\/tr>\n<tr>\n<td>Sulfataschegehalt<\/td>\n<td>\n<b>0,57<\/b>  %<\/td>\n<\/tr>\n<\/table>\n","protected":false},"excerpt":{"rendered":"<p>Gas Engine Oil Bio-LF 40 eignet sich f\u00fcr Viertakt-Gasmotoren, die ein \u00d6l mit h\u00f6herem S\u00e4ureneutralisierungsverm\u00f6gen erfordern. Besonders f\u00fcr Fahrzeuge geeignet, die mit Biogas oder Deponiegas betrieben werden. Potenziell l\u00e4ngere \u00d6lwechselintervalle bedeuten, dass dieses Motor\u00f6l eine l\u00e4ngere Lebensdauer und gleichzeitig reduzierte Wartungskosten bewirkt. Aufgrund seines niedrigen Phosphorgehalts verl\u00e4ngert es auch die Lebensdauer des Katalysators von Fahrzeugen.<\/p>\n","protected":false},"featured_media":364417,"comment_status":"open","ping_status":"open","template":"","meta":[],"location":[4275,4276],"product_brand":[25894],"product_cat":[2187,9884],"product_tag":[],"class_list":{"0":"post-366110","1":"product","2":"type-product","3":"status-publish","4":"has-post-thumbnail","6":"location-aes-emmeloord","7":"location-aes-lemmer","8":"product_brand-kroon-oil","9":"product_cat-schmiermittel","10":"product_cat-kroon-oil","11":"product_shipping_class-palettenversand","13":"first","14":"onbackorder","15":"sale","16":"taxable","17":"shipping-taxable","18":"purchasable","19":"product-type-simple"},"group_of_quantity":0,"min_quantity":0,"max_quantity":"","exclude_order_quantity_value_rules":"no","exclude_category_quantity_rules":"no","combine_variations":"no","locations":[{"id":4275,"name":"AES Emmeloord","slug":"aes-emmeloord","quantity":""},{"id":4276,"name":"AES Lemmer","slug":"aes-lemmer","quantity":""}],"_links":{"self":[{"href":"https:\/\/ab-marineservice.com\/de\/wp-json\/wp\/v2\/product\/366110","targetHints":{"allow":["GET"]}}],"collection":[{"href":"https:\/\/ab-marineservice.com\/de\/wp-json\/wp\/v2\/product"}],"about":[{"href":"https:\/\/ab-marineservice.com\/de\/wp-json\/wp\/v2\/types\/product"}],"replies":[{"embeddable":true,"href":"https:\/\/ab-marineservice.com\/de\/wp-json\/wp\/v2\/comments?post=366110"}],"wp:featuredmedia":[{"embeddable":true,"href":"https:\/\/ab-marineservice.com\/de\/wp-json\/wp\/v2\/media\/364417"}],"wp:attachment":[{"href":"https:\/\/ab-marineservice.com\/de\/wp-json\/wp\/v2\/media?parent=366110"}],"wp:term":[{"taxonomy":"location","embeddable":true,"href":"https:\/\/ab-marineservice.com\/de\/wp-json\/wp\/v2\/location?post=366110"},{"taxonomy":"product_brand","embeddable":true,"href":"https:\/\/ab-marineservice.com\/de\/wp-json\/wp\/v2\/product_brand?post=366110"},{"taxonomy":"product_cat","embeddable":true,"href":"https:\/\/ab-marineservice.com\/de\/wp-json\/wp\/v2\/product_cat?post=366110"},{"taxonomy":"product_tag","embeddable":true,"href":"https:\/\/ab-marineservice.com\/de\/wp-json\/wp\/v2\/product_tag?post=366110"}],"curies":[{"name":"wp","href":"https:\/\/api.w.org\/{rel}","templated":true}]}}