{"id":366113,"date":"2025-06-15T16:46:56","date_gmt":"2025-06-15T14:46:56","guid":{"rendered":"https:\/\/ab-marineservice.com\/product\/10001-universal\/"},"modified":"2025-11-20T17:49:51","modified_gmt":"2025-11-20T16:49:51","slug":"10001-universal-4","status":"publish","type":"product","link":"https:\/\/ab-marineservice.com\/de\/produkt\/10001-universal-4\/","title":{"rendered":"1000+1 Universal \u2013 20 Liter"},"content":{"rendered":"<p>1000 + 1 Universal ist ein in unseren Labors entwickeltes Wasserverdr\u00e4ngungsmittel mit besonderen Eigenschaften. Dieses Produkt bietet hervorragende Schmiereigenschaften. Durch Feuchtigkeit verursachte Korrosion ist eine der gr\u00f6\u00dften Bedrohungen aller Metallteile und f\u00fchrt j\u00e4hrlich zu betr\u00e4chtlichen Kosten in Industrie, Stra\u00dfenfahrzeugen und Haushalten. 1000 + 1 Universal enth\u00e4lt Additive, die Feuchtigkeit verdr\u00e4ngen und auf allen behandelten Fl\u00e4chen einen Schutzfilm von 0,002 mm Dicke bilden. Diese extrem d\u00fcnne Schicht gew\u00e4hrleistet selbst in den Poren von Metallen eine effektive Schutzwirkung.<\/p>\n<h4>Typische Standardanalysen<\/h4>\n<table class=\"table analyse-table\">\n<tr>\n<td>Flammpunkt PM<\/td>\n<td>\n<b>79<\/b>  \u00b0C<\/td>\n<\/tr>\n<\/table>\n","protected":false},"excerpt":{"rendered":"<p>1000 + 1 Universal basiert auf einer speziellen Formel, deren vielseitige Eigenschaften buchst\u00e4blich 1000 + 1 Anwendungen zulassen. 1000 + 1 Universal eignet sich als:<\/p>\n<p>&#8211; Wasserdispersionsmittel (z. B. f\u00fcr Motorz\u00fcndsysteme)<br \/>&#8211; Eindring\u00f6l (Rostl\u00f6ser) <br \/>&#8211; Metallschutzmittel (zur Konservierung von entfetteten Fl\u00e4chen) <br \/>&#8211; Schmiermittel (Leicht\u00f6l f\u00fcr Feinmechanik) <br \/>&#8211; Reinigungsmittel (Kontaktreiniger) <br \/>&#8211; Z\u00fcndspray (extrem hohe elektrische Leitf\u00e4higkeit)<\/p>\n","protected":false},"featured_media":364429,"comment_status":"open","ping_status":"open","template":"","meta":[],"location":[4275,4276],"product_brand":[25894],"product_cat":[2187,9884],"product_tag":[],"class_list":{"0":"post-366113","1":"product","2":"type-product","3":"status-publish","4":"has-post-thumbnail","6":"location-aes-emmeloord","7":"location-aes-lemmer","8":"product_brand-kroon-oil","9":"product_cat-schmiermittel","10":"product_cat-kroon-oil","11":"product_shipping_class-paket-0-10-kg","13":"first","14":"onbackorder","15":"sale","16":"taxable","17":"shipping-taxable","18":"purchasable","19":"product-type-simple"},"group_of_quantity":0,"min_quantity":0,"max_quantity":"","exclude_order_quantity_value_rules":"no","exclude_category_quantity_rules":"no","combine_variations":"no","locations":[{"id":4275,"name":"AES Emmeloord","slug":"aes-emmeloord","quantity":""},{"id":4276,"name":"AES Lemmer","slug":"aes-lemmer","quantity":""}],"_links":{"self":[{"href":"https:\/\/ab-marineservice.com\/de\/wp-json\/wp\/v2\/product\/366113","targetHints":{"allow":["GET"]}}],"collection":[{"href":"https:\/\/ab-marineservice.com\/de\/wp-json\/wp\/v2\/product"}],"about":[{"href":"https:\/\/ab-marineservice.com\/de\/wp-json\/wp\/v2\/types\/product"}],"replies":[{"embeddable":true,"href":"https:\/\/ab-marineservice.com\/de\/wp-json\/wp\/v2\/comments?post=366113"}],"wp:featuredmedia":[{"embeddable":true,"href":"https:\/\/ab-marineservice.com\/de\/wp-json\/wp\/v2\/media\/364429"}],"wp:attachment":[{"href":"https:\/\/ab-marineservice.com\/de\/wp-json\/wp\/v2\/media?parent=366113"}],"wp:term":[{"taxonomy":"location","embeddable":true,"href":"https:\/\/ab-marineservice.com\/de\/wp-json\/wp\/v2\/location?post=366113"},{"taxonomy":"product_brand","embeddable":true,"href":"https:\/\/ab-marineservice.com\/de\/wp-json\/wp\/v2\/product_brand?post=366113"},{"taxonomy":"product_cat","embeddable":true,"href":"https:\/\/ab-marineservice.com\/de\/wp-json\/wp\/v2\/product_cat?post=366113"},{"taxonomy":"product_tag","embeddable":true,"href":"https:\/\/ab-marineservice.com\/de\/wp-json\/wp\/v2\/product_tag?post=366113"}],"curies":[{"name":"wp","href":"https:\/\/api.w.org\/{rel}","templated":true}]}}