{"id":366114,"date":"2025-06-15T16:46:56","date_gmt":"2025-06-15T14:46:56","guid":{"rendered":"https:\/\/ab-marineservice.com\/product\/sp-matic-2034\/"},"modified":"2025-11-20T17:48:54","modified_gmt":"2025-11-20T16:48:54","slug":"sp-matic-2034-5","status":"publish","type":"product","link":"https:\/\/ab-marineservice.com\/de\/produkt\/sp-matic-2034-5\/","title":{"rendered":"SP Matic 2034 \u2013 208 Liter"},"content":{"rendered":"<p>SP Matic 2034 ist ein langlebiges Premium-ATF mit extrem niedriger Viskosit\u00e4t, das speziell f\u00fcr die neueste Generation der 8HP-Automatikgetriebe des Getriebeherstellers ZF konzipiert wurde. Speziell ausgew\u00e4hlte Premium-Grund\u00f6le in Kombination mit modernsten Additiven verleihen dem SP Matic 2034 folgende Eigenschaften:<\/p>\n<ul>\n<li>Hervorragende Kraftstoffeinsparcharakteristik<\/li>\n<li>Extrem hohe Oxidationsfestigkeit<\/li>\n<li>Exzellente und sehr stabile Reibungseigenschaften f\u00fcr l\u00e4ngere \u00d6lwechselintervalle<\/li>\n<li>Ausgezeichnetes Schmierverm\u00f6gen<\/li>\n<li>Hervorragender Schutz vor Korrosion und Schaumbildung<\/li>\n<li>Exzellente Eigenschaften bei niedrigen Temperaturen<\/li>\n<li>Uneingeschr\u00e4nkte Kompatibilit\u00e4t mit von ZF eingesetzten Dichtmitteln<\/li>\n<\/ul>\n<h4>Produktdaten<\/h4>\n<ul>\n<li>BMW 83 22 2 152 426 \/ 83 22 2 289 720 (ATF3+)<\/li>\n<li>Chrysler 68157995AA<\/li>\n<li>Fiat 9.55550-AV5<\/li>\n<li>Honda Type 3.1<\/li>\n<li>Jaguar 02JDE 26444<\/li>\n<li>Land Rover LR023288<\/li>\n<li>VW G 060 162<\/li>\n<\/ul>\n<h4>Typische Standardanalysen<\/h4>\n<table class=\"table analyse-table\">\n<tr>\n<td>Farbe<\/td>\n<td>\n<b>GREEN<\/b> <\/td>\n<\/tr>\n<tr>\n<td>Dichte bei 15 \u00b0C<\/td>\n<td>\n<b>0,849<\/b>  kg\/l<\/td>\n<\/tr>\n<tr>\n<td>Viskosit\u00e4t 40 \u00b0C<\/td>\n<td>\n<b>27,60<\/b>  mm\u00b2\/s<\/td>\n<\/tr>\n<tr>\n<td>Viskosit\u00e4t 100 \u00b0C<\/td>\n<td>\n<b>5,90<\/b>  mm\u00b2\/s<\/td>\n<\/tr>\n<tr>\n<td>Viskosit\u00e4tsindex<\/td>\n<td>\n<b>167<\/b> <\/td>\n<\/tr>\n<tr>\n<td>Flammpunkt COC<\/td>\n<td>\n<b>208<\/b>  \u00b0C<\/td>\n<\/tr>\n<tr>\n<td>Flie\u00dfpunkt<\/td>\n<td>\n<b>-51<\/b>  \u00b0C<\/td>\n<\/tr>\n<tr>\n<td>Basenzahl<\/td>\n<td>\n<b>2,7<\/b>  mgKOH\/g<\/td>\n<\/tr>\n<\/table>\n","protected":false},"excerpt":{"rendered":"<p>SP Matic 2034 ist ein synthetisches Premium-ATF speziell f\u00fcr ZF 8HP-Getriebe formuliert. Im Vergleich zu den ZF 6HP-Getrieben sind die neuen ZF 8HP-Getriebe noch st\u00e4rker auf Kraftstoffeinsparung ausgelegt. Das SP Matic 2034 tr\u00e4gt dank sehr niedriger Viskosit\u00e4t stark zur Verbrauchsreduzierung bei. Das Produkt kann u.A. mit diesen ZF-Getrieben der 8HP-Serie benutzt werden: 8HP45, 8HP55, 8HP70 und 8HP90. Es ist auch in gewissen ZF 6HP-Getrieben einiger VAG-Modelle verwendbar.<\/p>\n","protected":false},"featured_media":364433,"comment_status":"open","ping_status":"open","template":"","meta":[],"location":[4275,4276],"product_brand":[25894],"product_cat":[2187,9884],"product_tag":[],"class_list":{"0":"post-366114","1":"product","2":"type-product","3":"status-publish","4":"has-post-thumbnail","6":"location-aes-emmeloord","7":"location-aes-lemmer","8":"product_brand-kroon-oil","9":"product_cat-schmiermittel","10":"product_cat-kroon-oil","11":"product_shipping_class-paket-0-10-kg","13":"first","14":"onbackorder","15":"sale","16":"taxable","17":"shipping-taxable","18":"purchasable","19":"product-type-simple"},"group_of_quantity":0,"min_quantity":0,"max_quantity":"","exclude_order_quantity_value_rules":"no","exclude_category_quantity_rules":"no","combine_variations":"no","locations":[{"id":4275,"name":"AES Emmeloord","slug":"aes-emmeloord","quantity":""},{"id":4276,"name":"AES Lemmer","slug":"aes-lemmer","quantity":""}],"_links":{"self":[{"href":"https:\/\/ab-marineservice.com\/de\/wp-json\/wp\/v2\/product\/366114","targetHints":{"allow":["GET"]}}],"collection":[{"href":"https:\/\/ab-marineservice.com\/de\/wp-json\/wp\/v2\/product"}],"about":[{"href":"https:\/\/ab-marineservice.com\/de\/wp-json\/wp\/v2\/types\/product"}],"replies":[{"embeddable":true,"href":"https:\/\/ab-marineservice.com\/de\/wp-json\/wp\/v2\/comments?post=366114"}],"wp:featuredmedia":[{"embeddable":true,"href":"https:\/\/ab-marineservice.com\/de\/wp-json\/wp\/v2\/media\/364433"}],"wp:attachment":[{"href":"https:\/\/ab-marineservice.com\/de\/wp-json\/wp\/v2\/media?parent=366114"}],"wp:term":[{"taxonomy":"location","embeddable":true,"href":"https:\/\/ab-marineservice.com\/de\/wp-json\/wp\/v2\/location?post=366114"},{"taxonomy":"product_brand","embeddable":true,"href":"https:\/\/ab-marineservice.com\/de\/wp-json\/wp\/v2\/product_brand?post=366114"},{"taxonomy":"product_cat","embeddable":true,"href":"https:\/\/ab-marineservice.com\/de\/wp-json\/wp\/v2\/product_cat?post=366114"},{"taxonomy":"product_tag","embeddable":true,"href":"https:\/\/ab-marineservice.com\/de\/wp-json\/wp\/v2\/product_tag?post=366114"}],"curies":[{"name":"wp","href":"https:\/\/api.w.org\/{rel}","templated":true}]}}