{"id":366116,"date":"2025-06-15T16:46:56","date_gmt":"2025-06-15T14:46:56","guid":{"rendered":"https:\/\/ab-marineservice.com\/product\/coolant-lf-12\/"},"modified":"2025-11-28T08:06:23","modified_gmt":"2025-11-28T07:06:23","slug":"coolant-lf-12-60-liter","status":"publish","type":"product","link":"https:\/\/ab-marineservice.com\/de\/produkt\/coolant-lf-12-60-liter\/","title":{"rendered":"Coolant LF 12 \u2013 60 Liter"},"content":{"rendered":"<p>Coolant LF 12 ist ein gebrauchsfertiges, Semi-Longlife-K\u00fchlmittel f\u00fcr Schutz bis -30 \u00b0C. Aufgrund seiner silikatfreien Formulierung auf Polykarbons\u00e4urebasis gew\u00e4hrleistet Coolant LF 12 einen l\u00e4nger wirksamen Korrosionsschutz als herk\u00f6mmliche Frostschutzmittel, um die Lebensdauer von kritischen Teilen wie K\u00fchler, Wasserpumpe und Dichtungen zu verl\u00e4ngern. <br \/>Wirkungsvolle Korrosionsinhibitoren verhindern zudem Schlamm und Ablagerungen im K\u00fchler, wodurch eine optimale K\u00fchlleistung \u00fcber lange Zeit gesichert ist. Coolant LF 12 wurde speziell f\u00fcr Motoren\/K\u00fchlsysteme aus Leichtmetall wie Aluminium, Magnesium bzw. deren Legierungen entwickelt.<\/p>\n<h4>Produktdaten<\/h4>\n<ul>\n<li>DTFR 29D110<\/li>\n<\/ul>\n<h4>Typische Standardanalysen<\/h4>\n<table class=\"table analyse-table\">\n<tr>\n<td>Farbe<\/td>\n<td>\n<b>LILA<\/b> <\/td>\n<\/tr>\n<tr>\n<td>Dichte bei 15 \u00b0C<\/td>\n<td>\n<b>1,080<\/b>  kg\/l<\/td>\n<\/tr>\n<tr>\n<td>Siedepunkt (R\u00fcckflu\u00df)<\/td>\n<td>\n<b>100<\/b>  \u00b0C<\/td>\n<\/tr>\n<tr>\n<td>pH &#8211; Wert<\/td>\n<td>\n<b>8,5<\/b> <\/td>\n<\/tr>\n<\/table>\n","protected":false},"excerpt":{"rendered":"<p>Coolant LF 12 ist ein purpurfarbenes, gebrauchsfertiges K\u00fchlmittel f\u00fcr K\u00fchlsysteme aus Aluminium oder Kupfer- bzw. Aluminiumlegierungen. Coolant LF 12 l\u00e4sst sich auch problemlos in traditionellen K\u00fchlsystemen mit Gusseisenteilen verwenden. Dank wirkungsvoller Korrosionshemmer altert Coolant LF 12 wesentlich langsamer und h\u00e4lt daher deutlich l\u00e4nger als herk\u00f6mmliche K\u00fchlmittel. Die beste Wirkung wird jedoch nur bei einer 100%-F\u00fcllung erzielt.<\/p>\n","protected":false},"featured_media":364441,"comment_status":"open","ping_status":"open","template":"","meta":[],"location":[4275,4276],"product_brand":[25894],"product_cat":[2187,9884],"product_tag":[],"class_list":{"0":"post-366116","1":"product","2":"type-product","3":"status-publish","4":"has-post-thumbnail","6":"location-aes-emmeloord","7":"location-aes-lemmer","8":"product_brand-kroon-oil","9":"product_cat-schmiermittel","10":"product_cat-kroon-oil","11":"product_shipping_class-palettenversand","13":"first","14":"onbackorder","15":"sale","16":"taxable","17":"shipping-taxable","18":"purchasable","19":"product-type-simple"},"group_of_quantity":0,"min_quantity":0,"max_quantity":"","exclude_order_quantity_value_rules":"no","exclude_category_quantity_rules":"no","combine_variations":"no","locations":[{"id":4275,"name":"AES Emmeloord","slug":"aes-emmeloord","quantity":""},{"id":4276,"name":"AES Lemmer","slug":"aes-lemmer","quantity":""}],"_links":{"self":[{"href":"https:\/\/ab-marineservice.com\/de\/wp-json\/wp\/v2\/product\/366116","targetHints":{"allow":["GET"]}}],"collection":[{"href":"https:\/\/ab-marineservice.com\/de\/wp-json\/wp\/v2\/product"}],"about":[{"href":"https:\/\/ab-marineservice.com\/de\/wp-json\/wp\/v2\/types\/product"}],"replies":[{"embeddable":true,"href":"https:\/\/ab-marineservice.com\/de\/wp-json\/wp\/v2\/comments?post=366116"}],"wp:featuredmedia":[{"embeddable":true,"href":"https:\/\/ab-marineservice.com\/de\/wp-json\/wp\/v2\/media\/364441"}],"wp:attachment":[{"href":"https:\/\/ab-marineservice.com\/de\/wp-json\/wp\/v2\/media?parent=366116"}],"wp:term":[{"taxonomy":"location","embeddable":true,"href":"https:\/\/ab-marineservice.com\/de\/wp-json\/wp\/v2\/location?post=366116"},{"taxonomy":"product_brand","embeddable":true,"href":"https:\/\/ab-marineservice.com\/de\/wp-json\/wp\/v2\/product_brand?post=366116"},{"taxonomy":"product_cat","embeddable":true,"href":"https:\/\/ab-marineservice.com\/de\/wp-json\/wp\/v2\/product_cat?post=366116"},{"taxonomy":"product_tag","embeddable":true,"href":"https:\/\/ab-marineservice.com\/de\/wp-json\/wp\/v2\/product_tag?post=366116"}],"curies":[{"name":"wp","href":"https:\/\/api.w.org\/{rel}","templated":true}]}}