{"id":366125,"date":"2025-06-15T16:47:51","date_gmt":"2025-06-15T14:47:51","guid":{"rendered":"https:\/\/ab-marineservice.com\/product\/gearlube-gl-5-85w-140\/"},"modified":"2026-05-04T15:36:10","modified_gmt":"2026-05-04T13:36:10","slug":"gearlube-gl-5-85w-140-4","status":"publish","type":"product","link":"https:\/\/ab-marineservice.com\/de\/produkt\/gearlube-gl-5-85w-140-4\/","title":{"rendered":"Gearlube GL-5 85W-140 \u2013 20 Liter"},"content":{"rendered":"<p>Gearlube GL-5 85W-140 ist ein mineralisches Schmier\u00f6l f\u00fcr mechanische Getriebe. Es basiert auf solventraffinierten -Premium-Grund\u00f6len, durch spezielle EP-Hochdruckadditive erg\u00e4nzt, um folgende Eigenschaften zu bieten:<\/p>\n<ul>\n<li>\u00dcberragende Oxidationsfestigkeit<\/li>\n<li>Sehr wirkungsvoller Schutz vor Rost, Korrosion und Schaumbildung<\/li>\n<li>Niedriger Flie\u00dfpunkt<\/li>\n<li>\u00dcberragende EP-Hochdruckeigenschaften<\/li>\n<\/ul>\n<h4>Produktdaten<\/h4>\n<ul>\n<li>API GL-5<\/li>\n<li>MIL-L-2105D<\/li>\n<li>ZF TE-ML 07A\/21A<\/li>\n<\/ul>\n<h4>Typische Standardanalysen<\/h4>\n<table class=\"table analyse-table\">\n<tr>\n<td>Dichte bei 15 \u00b0C<\/td>\n<td>\n<b>0,899<\/b>  kg\/l<\/td>\n<\/tr>\n<tr>\n<td>Viskosit\u00e4t 40 \u00b0C<\/td>\n<td>\n<b>340,00<\/b>  mm\u00b2\/s<\/td>\n<\/tr>\n<tr>\n<td>Viskosit\u00e4t 100 \u00b0C<\/td>\n<td>\n<b>27,00<\/b>  mm\u00b2\/s<\/td>\n<\/tr>\n<tr>\n<td>Viskosit\u00e4tsindex<\/td>\n<td>\n<b>106<\/b> <\/td>\n<\/tr>\n<tr>\n<td>Flammpunkt COC<\/td>\n<td>\n<b>245<\/b>  \u00b0C<\/td>\n<\/tr>\n<tr>\n<td>Flie\u00dfpunkt<\/td>\n<td>\n<b>-15<\/b>  \u00b0C<\/td>\n<\/tr>\n<tr>\n<td>S\u00e4urenzahl<\/td>\n<td>\n<b>1,80<\/b>  mgKOH\/g<\/td>\n<\/tr>\n<tr>\n<td>Brookfield -40\u00b0C<\/td>\n<td>\n<b>135600<\/b>  mPa.s<\/td>\n<\/tr>\n<\/table>\n","protected":false},"excerpt":{"rendered":"<p>Gearlube GL-5 85W-140 ist auf Schwerlast-Hypoidgetriebe in Hinterachsen, Wechselgetrieben und anderen Getrieben ausgelegt, f\u00fcr die \u201eExtreme Pressure\u201c-\u00d6l (EP-\u00d6l) vorgeschrieben ist.<\/p>\n","protected":false},"featured_media":364478,"comment_status":"open","ping_status":"open","template":"","meta":[],"location":[4275,4276],"product_brand":[25894],"product_cat":[2187,9884],"product_tag":[],"class_list":{"0":"post-366125","1":"product","2":"type-product","3":"status-publish","4":"has-post-thumbnail","6":"location-aes-emmeloord","7":"location-aes-lemmer","8":"product_brand-kroon-oil","9":"product_cat-schmiermittel","10":"product_cat-kroon-oil","11":"product_shipping_class-paket-0-10-kg","13":"first","14":"onbackorder","15":"sale","16":"taxable","17":"shipping-taxable","18":"purchasable","19":"product-type-simple"},"group_of_quantity":0,"min_quantity":0,"max_quantity":"","exclude_order_quantity_value_rules":"no","exclude_category_quantity_rules":"no","combine_variations":"no","locations":[{"id":4275,"name":"AES Emmeloord","slug":"aes-emmeloord","quantity":""},{"id":4276,"name":"AES Lemmer","slug":"aes-lemmer","quantity":""}],"_links":{"self":[{"href":"https:\/\/ab-marineservice.com\/de\/wp-json\/wp\/v2\/product\/366125","targetHints":{"allow":["GET"]}}],"collection":[{"href":"https:\/\/ab-marineservice.com\/de\/wp-json\/wp\/v2\/product"}],"about":[{"href":"https:\/\/ab-marineservice.com\/de\/wp-json\/wp\/v2\/types\/product"}],"replies":[{"embeddable":true,"href":"https:\/\/ab-marineservice.com\/de\/wp-json\/wp\/v2\/comments?post=366125"}],"wp:featuredmedia":[{"embeddable":true,"href":"https:\/\/ab-marineservice.com\/de\/wp-json\/wp\/v2\/media\/364478"}],"wp:attachment":[{"href":"https:\/\/ab-marineservice.com\/de\/wp-json\/wp\/v2\/media?parent=366125"}],"wp:term":[{"taxonomy":"location","embeddable":true,"href":"https:\/\/ab-marineservice.com\/de\/wp-json\/wp\/v2\/location?post=366125"},{"taxonomy":"product_brand","embeddable":true,"href":"https:\/\/ab-marineservice.com\/de\/wp-json\/wp\/v2\/product_brand?post=366125"},{"taxonomy":"product_cat","embeddable":true,"href":"https:\/\/ab-marineservice.com\/de\/wp-json\/wp\/v2\/product_cat?post=366125"},{"taxonomy":"product_tag","embeddable":true,"href":"https:\/\/ab-marineservice.com\/de\/wp-json\/wp\/v2\/product_tag?post=366125"}],"curies":[{"name":"wp","href":"https:\/\/api.w.org\/{rel}","templated":true}]}}