{"id":366136,"date":"2025-06-15T16:48:46","date_gmt":"2025-06-15T14:48:46","guid":{"rendered":"https:\/\/ab-marineservice.com\/product\/agrisynth-lsp-ultra-fe-5w-30\/"},"modified":"2026-05-04T15:35:48","modified_gmt":"2026-05-04T13:35:48","slug":"agrisynth-lsp-ultra-fe-5w-30-3","status":"publish","type":"product","link":"https:\/\/ab-marineservice.com\/de\/produkt\/agrisynth-lsp-ultra-fe-5w-30-3\/","title":{"rendered":"Agrisynth LSP Ultra FE 5W-30 \u2013 60 Liter"},"content":{"rendered":"<p>Agrisynth LSP Ultra FE 5W-30 ist ein kraftstoffsparendes Low-SAPS -Motor\u00f6l mit folgenden Eigenschaften:<\/p>\n<ul>\n<li>Starke Detergenswirkung minimiert Ablagerungen im Hochtemperaturbereich des Motors<\/li>\n<li>Ausgezeichnete Dispersionswirkung, um Ausf\u00e4llung und Schlammbildung zu minimieren.<\/li>\n<li>Nat\u00fcrlich hoher und stabiler Viskosit\u00e4tsindex<\/li>\n<li>Niedriger Sulfatasche-, Phosphor- und Schwefelgehalt (Low-SAPS)<\/li>\n<li>Sehr effektiver Verschlei\u00dfschutz, um Kolbenring- und Zylinderwandverschlei\u00df deutlich zu vermindern<\/li>\n<li>Reduzierter Kraftstoffverbrauch<\/li>\n<\/ul>\n<h4>Produktdaten<\/h4>\n<ul>\n<li>ACEA E6, E7, E8, E9, E11<\/li>\n<li>API CK-4 \/ SN<\/li>\n<li>Deutz DQC IV-18 LA<\/li>\n<li>Mack EOS-4.5<\/li>\n<li>MAN M 3677<\/li>\n<li>DTFR 15C110 (228.51)<\/li>\n<li>Renault VI RLD-3<\/li>\n<li>Scania LDF-4<\/li>\n<li>Volvo VDS-4.5<\/li>\n<li>DAF PSQL 2.1E LD<\/li>\n<li>Cat ECF-3, Cummins CES 20086<\/li>\n<li>Detroit Diesel DFS 93K222<\/li>\n<li>DTFR 15C120 \/ 15C100<\/li>\n<li>Ford WSS-M2C213-A1, JASO DH-2<\/li>\n<li>MAN M 3775 \/ M 3271-1 \/ M 3477<\/li>\n<li>MB 228.51<\/li>\n<li>MB 228.51 \/ 228.52 \/ 228.31<\/li>\n<li>MTU Type 3.1, Scania Low Ash<\/li>\n<li>DAF Extended Drain, Iveco 18-1804 TLS E9<\/li>\n<\/ul>\n<h4>Typische Standardanalysen<\/h4>\n<table class=\"table analyse-table\">\n<tr>\n<td>Dichte bei 15 \u00b0C<\/td>\n<td>\n<b>0,857<\/b>  kg\/l<\/td>\n<\/tr>\n<tr>\n<td>Viskosit\u00e4t -30 \u00b0C<\/td>\n<td>\n<b>6120<\/b>  mPa.s<\/td>\n<\/tr>\n<tr>\n<td>Viskosit\u00e4t 40 \u00b0C<\/td>\n<td>\n<b>75,10<\/b>  mm\u00b2\/s<\/td>\n<\/tr>\n<tr>\n<td>Viskosit\u00e4t 100 \u00b0C<\/td>\n<td>\n<b>12,00<\/b>  mm\u00b2\/s<\/td>\n<\/tr>\n<tr>\n<td>Viskosit\u00e4tsindex<\/td>\n<td>\n<b>156<\/b> <\/td>\n<\/tr>\n<tr>\n<td>Flammpunkt COC<\/td>\n<td>\n<b>222<\/b>  \u00b0C<\/td>\n<\/tr>\n<tr>\n<td>Flie\u00dfpunkt<\/td>\n<td>\n<b>-42<\/b>  \u00b0C<\/td>\n<\/tr>\n<tr>\n<td>Basenzahl<\/td>\n<td>\n<b>9,8<\/b>  mgKOH\/g<\/td>\n<\/tr>\n<tr>\n<td>Sulfataschegehalt<\/td>\n<td>\n<b>0,97<\/b>  %<\/td>\n<\/tr>\n<tr>\n<td>Noack<\/td>\n<td>\n<b>10,7<\/b>  %<\/td>\n<\/tr>\n<\/table>\n","protected":false},"excerpt":{"rendered":"<p>Agrisynth LSP Ultra FE 5W-30 eignet sich f\u00fcr Dieselmotoren mit AGR und mit oder ohne Dieselpartikelfilter. Dieses &#8216;Low-Saps&#8217;-Motor\u00f6l empfiehlt sich besonders f\u00fcr die schadstoffarmen Euro 4, Euro 5 und Euro 6 Dieselmotoren, die Dieselkraftstoffe mit niedrigem Schwefelgehalt erfordern. Das Produkt ist auf Ganzjahreseinsatz unter h\u00e4rtesten Einsatzbedingungen ausgelegt. Zur korrekten Anwendung siehe stets unsere Datenbank &#8216;Produktberatung&#8217;.<\/p>\n","protected":false},"featured_media":364522,"comment_status":"open","ping_status":"open","template":"","meta":[],"location":[4275,4276],"product_brand":[25894],"product_cat":[2187,9884],"product_tag":[],"class_list":{"0":"post-366136","1":"product","2":"type-product","3":"status-publish","4":"has-post-thumbnail","6":"location-aes-emmeloord","7":"location-aes-lemmer","8":"product_brand-kroon-oil","9":"product_cat-schmiermittel","10":"product_cat-kroon-oil","11":"product_shipping_class-palettenversand","13":"first","14":"onbackorder","15":"sale","16":"taxable","17":"shipping-taxable","18":"purchasable","19":"product-type-simple"},"group_of_quantity":0,"min_quantity":0,"max_quantity":"","exclude_order_quantity_value_rules":"no","exclude_category_quantity_rules":"no","combine_variations":"no","locations":[{"id":4275,"name":"AES Emmeloord","slug":"aes-emmeloord","quantity":""},{"id":4276,"name":"AES Lemmer","slug":"aes-lemmer","quantity":""}],"_links":{"self":[{"href":"https:\/\/ab-marineservice.com\/de\/wp-json\/wp\/v2\/product\/366136","targetHints":{"allow":["GET"]}}],"collection":[{"href":"https:\/\/ab-marineservice.com\/de\/wp-json\/wp\/v2\/product"}],"about":[{"href":"https:\/\/ab-marineservice.com\/de\/wp-json\/wp\/v2\/types\/product"}],"replies":[{"embeddable":true,"href":"https:\/\/ab-marineservice.com\/de\/wp-json\/wp\/v2\/comments?post=366136"}],"wp:featuredmedia":[{"embeddable":true,"href":"https:\/\/ab-marineservice.com\/de\/wp-json\/wp\/v2\/media\/364522"}],"wp:attachment":[{"href":"https:\/\/ab-marineservice.com\/de\/wp-json\/wp\/v2\/media?parent=366136"}],"wp:term":[{"taxonomy":"location","embeddable":true,"href":"https:\/\/ab-marineservice.com\/de\/wp-json\/wp\/v2\/location?post=366136"},{"taxonomy":"product_brand","embeddable":true,"href":"https:\/\/ab-marineservice.com\/de\/wp-json\/wp\/v2\/product_brand?post=366136"},{"taxonomy":"product_cat","embeddable":true,"href":"https:\/\/ab-marineservice.com\/de\/wp-json\/wp\/v2\/product_cat?post=366136"},{"taxonomy":"product_tag","embeddable":true,"href":"https:\/\/ab-marineservice.com\/de\/wp-json\/wp\/v2\/product_tag?post=366136"}],"curies":[{"name":"wp","href":"https:\/\/api.w.org\/{rel}","templated":true}]}}