{"id":366138,"date":"2025-06-15T16:48:46","date_gmt":"2025-06-15T14:48:46","guid":{"rendered":"https:\/\/ab-marineservice.com\/product\/agrisynth-lsp-ultra-10w-40\/"},"modified":"2025-11-20T17:47:49","modified_gmt":"2025-11-20T16:47:49","slug":"agrisynth-lsp-ultra-10w-40-3","status":"publish","type":"product","link":"https:\/\/ab-marineservice.com\/de\/produkt\/agrisynth-lsp-ultra-10w-40-3\/","title":{"rendered":"Agrisynth LSP Ultra 10W-40 \u2013 60 Liter"},"content":{"rendered":"<p>Agrisynth LSP Ultra 10W-40 Motor\u00f6l basiert auf ausgesuchten Grund\u00f6len, die durch hochwertige Low-SAPS-Additive erg\u00e4nzt werden. Tr\u00e4gt zu niedrigem Abgas- und Partikelaussto\u00df bei, wodurch sich die Lebensdauer von Katalysatoren und Partikelfiltern verl\u00e4ngert. Erf\u00fcllt die Anforderungen von europ\u00e4ischen und nordamerikanischen Kfz-Herstellern und bietet folgende Eigenschaften:<\/p>\n<ul>\n<li>Erf\u00fcllt oder \u00fcbertrifft die Anforderungen der neuesten Normen zur Emissionsreduzierung<\/li>\n<li>Hervorragende Kaltstarteigenschaften<\/li>\n<li>Sehr hohe Scherstabilit\u00e4t<\/li>\n<li>Verbesserte Oxidationsfestigkeit<\/li>\n<li>Exzellente Dispersion begrenzt Ablagerungen und \u00d6lschlamm auf ein Minimum<\/li>\n<li>Ausgezeichneter Schutz vor Verschlei\u00df, Korrosion und Schaumbildung<\/li>\n<\/ul>\n<h4>Produktdaten<\/h4>\n<ul>\n<li>ACEA E6, E7, E8, E9, E11<\/li>\n<li>API CK-4<\/li>\n<li>Deutz DQC IV-18 LA<\/li>\n<li>DTFR 15C110 (228.51)<\/li>\n<li>Mack EOS-4.5<\/li>\n<li>MB 228.51<\/li>\n<li>Renault VI RLD-3<\/li>\n<li>Volvo VDS-4.5<\/li>\n<li>Cat ECF-3<\/li>\n<li>Cummins CES 20086<\/li>\n<li>Detroit Diesel 93K222<\/li>\n<li>DTFR 15C120 \/ 15C100<\/li>\n<li>JASO DH-2<\/li>\n<li>MAN M 3477 \/ M 3775<\/li>\n<li>MB 228.51 \/ 228.52 \/ 228.31<\/li>\n<li>MTU Type 3.1<\/li>\n<li>DAF Extended Drain<\/li>\n<li>Iveco 18-1804 TLS E9<\/li>\n<\/ul>\n<h4>Typische Standardanalysen<\/h4>\n<table class=\"table analyse-table\">\n<tr>\n<td>Dichte bei 15 \u00b0C<\/td>\n<td>\n<b>0,871<\/b>  kg\/l<\/td>\n<\/tr>\n<tr>\n<td>Viskosit\u00e4t -25 \u00b0C<\/td>\n<td>\n<b>6150<\/b>  mPa.s<\/td>\n<\/tr>\n<tr>\n<td>Viskosit\u00e4t 40 \u00b0C<\/td>\n<td>\n<b>98,00<\/b>  mm\u00b2\/s<\/td>\n<\/tr>\n<tr>\n<td>Viskosit\u00e4t 100 \u00b0C<\/td>\n<td>\n<b>14,30<\/b>  mm\u00b2\/s<\/td>\n<\/tr>\n<tr>\n<td>Viskosit\u00e4tsindex<\/td>\n<td>\n<b>150<\/b> <\/td>\n<\/tr>\n<tr>\n<td>Flammpunkt COC<\/td>\n<td>\n<b>224<\/b>  \u00b0C<\/td>\n<\/tr>\n<tr>\n<td>Flie\u00dfpunkt<\/td>\n<td>\n<b>-39<\/b>  \u00b0C<\/td>\n<\/tr>\n<tr>\n<td>Basenzahl<\/td>\n<td>\n<b>9,8<\/b>  mgKOH\/g<\/td>\n<\/tr>\n<tr>\n<td>Sulfataschegehalt<\/td>\n<td>\n<b>0,98<\/b>  %<\/td>\n<\/tr>\n<\/table>\n","protected":false},"excerpt":{"rendered":"<p>Agrisynth LSP Ultra 10W-40 eignet sich f\u00fcr moderne, schnell drehende 4-Takt-Dieselmotoren und kann in Euro 5 und Euro 6 Motoren mit SCR-Abgasnachbehandlung sowie in Euro 3 und Euro 4 Motoren eingesetzt werden, falls vom Hersteller vorgeschrieben.<\/p>\n","protected":false},"featured_media":364530,"comment_status":"open","ping_status":"open","template":"","meta":[],"location":[4275,4276],"product_brand":[25894],"product_cat":[2187,9884],"product_tag":[],"class_list":{"0":"post-366138","1":"product","2":"type-product","3":"status-publish","4":"has-post-thumbnail","6":"location-aes-emmeloord","7":"location-aes-lemmer","8":"product_brand-kroon-oil","9":"product_cat-schmiermittel","10":"product_cat-kroon-oil","11":"product_shipping_class-palettenversand","13":"first","14":"onbackorder","15":"sale","16":"taxable","17":"shipping-taxable","18":"purchasable","19":"product-type-simple"},"group_of_quantity":0,"min_quantity":0,"max_quantity":"","exclude_order_quantity_value_rules":"no","exclude_category_quantity_rules":"no","combine_variations":"no","locations":[{"id":4275,"name":"AES Emmeloord","slug":"aes-emmeloord","quantity":""},{"id":4276,"name":"AES Lemmer","slug":"aes-lemmer","quantity":""}],"_links":{"self":[{"href":"https:\/\/ab-marineservice.com\/de\/wp-json\/wp\/v2\/product\/366138","targetHints":{"allow":["GET"]}}],"collection":[{"href":"https:\/\/ab-marineservice.com\/de\/wp-json\/wp\/v2\/product"}],"about":[{"href":"https:\/\/ab-marineservice.com\/de\/wp-json\/wp\/v2\/types\/product"}],"replies":[{"embeddable":true,"href":"https:\/\/ab-marineservice.com\/de\/wp-json\/wp\/v2\/comments?post=366138"}],"wp:featuredmedia":[{"embeddable":true,"href":"https:\/\/ab-marineservice.com\/de\/wp-json\/wp\/v2\/media\/364530"}],"wp:attachment":[{"href":"https:\/\/ab-marineservice.com\/de\/wp-json\/wp\/v2\/media?parent=366138"}],"wp:term":[{"taxonomy":"location","embeddable":true,"href":"https:\/\/ab-marineservice.com\/de\/wp-json\/wp\/v2\/location?post=366138"},{"taxonomy":"product_brand","embeddable":true,"href":"https:\/\/ab-marineservice.com\/de\/wp-json\/wp\/v2\/product_brand?post=366138"},{"taxonomy":"product_cat","embeddable":true,"href":"https:\/\/ab-marineservice.com\/de\/wp-json\/wp\/v2\/product_cat?post=366138"},{"taxonomy":"product_tag","embeddable":true,"href":"https:\/\/ab-marineservice.com\/de\/wp-json\/wp\/v2\/product_tag?post=366138"}],"curies":[{"name":"wp","href":"https:\/\/api.w.org\/{rel}","templated":true}]}}